{"id":1558,"date":"2019-01-30T06:46:18","date_gmt":"2019-01-30T06:46:18","guid":{"rendered":"https:\/\/racekids.ro\/?page_id=1558"},"modified":"2025-11-17T12:43:21","modified_gmt":"2025-11-17T10:43:21","slug":"kontakt-2","status":"publish","type":"page","link":"https:\/\/totalblue.ro\/de\/contact\/","title":{"rendered":"Kontakt"},"content":{"rendered":"<section class=\"section\" id=\"section_1815199887\">\n\t\t<div class=\"section-bg fill\" >\n\t\t\t\t\t\t\t\t\t<div class=\"section-bg-overlay absolute fill\"><\/div>\n\t\t\t\n\n\t\t<\/div>\n\n\t\t\n\n\t\t<div class=\"section-content relative\">\n\t\t\t\n\t<div id=\"text-2126537843\" class=\"text\">\n\t\t\n<h1>Wir sind hier, um Ihnen zu helfen<\/h1>\n<h3>Kontaktieren Sie unsere E-Commerce-Berater per E-Mail, Chat oder Telefon<\/h3>\n\t\t\n<style>\n#text-2126537843 {\n  text-align: center;\n}\n<\/style>\n\t<\/div>\n\t\n\t<div id=\"text-2213726557\" class=\"text\">\n\t\t\n\t\t\n<style>\n#text-2213726557 {\n  text-align: center;\n}\n<\/style>\n\t<\/div>\n\t\n<div class=\"row\"  id=\"row-160778734\">\n\n\t<div id=\"col-381654532\" class=\"col medium-4 small-12 large-4\"  >\n\t\t\t\t<div class=\"col-inner\"  >\n\t\t\t\n\t\t\t\n<h3>Ecommerce-Berater<br \/>\nRum\u00e4nisch \/ Englisch<\/h3>\n<p>Unsere Berater sind telefonisch erreichbar unter<strong> Montag bis Freitag<\/strong>zwischen <strong>9:00 und 17:00<\/strong><\/p>\n<p><strong>\ud83d\udcde 0728 305 612<br \/>\n<\/strong><\/p>\n<p style=\"text-align: left;\"><strong>\ud83d\udcde 0728 305 612 ( WhatsApp)<\/strong><\/p>\n<p>&nbsp;<\/p>\n\t<div class=\"img has-hover x md-x lg-x y md-y lg-y\" id=\"image_1793512447\">\n\t\t\t\t\t\t\t\t<div class=\"img-inner dark\" >\n\t\t\t<img loading=\"lazy\" decoding=\"async\" width=\"1020\" height=\"335\" src=\"https:\/\/totalblue.ro\/wp-content\/uploads\/2021\/04\/contactblue-1400x460.jpg\" class=\"attachment-large size-large\" alt=\"\" srcset=\"https:\/\/totalblue.ro\/wp-content\/uploads\/2021\/04\/contactblue-1400x460.jpg 1400w, https:\/\/totalblue.ro\/wp-content\/uploads\/2021\/04\/contactblue-scaled-510x168.jpg 510w, https:\/\/totalblue.ro\/wp-content\/uploads\/2021\/04\/contactblue-800x263.jpg 800w, https:\/\/totalblue.ro\/wp-content\/uploads\/2021\/04\/contactblue-768x252.jpg 768w, https:\/\/totalblue.ro\/wp-content\/uploads\/2021\/04\/contactblue-1536x505.jpg 1536w, https:\/\/totalblue.ro\/wp-content\/uploads\/2021\/04\/contactblue-2048x673.jpg 2048w, https:\/\/totalblue.ro\/wp-content\/uploads\/2021\/04\/contactblue-600x197.jpg 600w, https:\/\/totalblue.ro\/wp-content\/uploads\/2021\/04\/contactblue-100x33.jpg 100w\" sizes=\"auto, (max-width: 1020px) 100vw, 1020px\" \/>\t\t\t\t\t\t\n\t\t\t\t\t<\/div>\n\t\t\t\t\t\t\t\t\n<style>\n#image_1793512447 {\n  width: 100%;\n}\n<\/style>\n\t<\/div>\n\t\n\t\t<\/div>\n\t\t\t\t\t<\/div>\n\n\t\n\n\t<div id=\"col-1680842237\" class=\"col medium-4 small-12 large-4\"  >\n\t\t\t\t<div class=\"col-inner\"  >\n\t\t\t\n\t\t\t\n\n<div class=\"wpcf7 no-js\" id=\"wpcf7-f22-o1\" lang=\"ro-RO\" dir=\"ltr\" data-wpcf7-id=\"22\">\n<div class=\"screen-reader-response\"><p role=\"status\" aria-live=\"polite\" aria-atomic=\"true\"><\/p> <ul><\/ul><\/div>\n<form action=\"\/de\/wp-json\/wp\/v2\/pages\/1558#wpcf7-f22-o1\" method=\"post\" class=\"wpcf7-form init\" aria-label=\"Formular de contact\" novalidate=\"novalidate\" data-status=\"init\" data-trp-original-action=\"\/de\/wp-json\/wp\/v2\/pages\/1558#wpcf7-f22-o1\">\n<fieldset class=\"hidden-fields-container\"><input type=\"hidden\" name=\"_wpcf7\" value=\"22\" \/><input type=\"hidden\" name=\"_wpcf7_version\" value=\"6.1.5\" \/><input type=\"hidden\" name=\"_wpcf7_locale\" value=\"ro_RO\" \/><input type=\"hidden\" name=\"_wpcf7_unit_tag\" value=\"wpcf7-f22-o1\" \/><input type=\"hidden\" name=\"_wpcf7_container_post\" value=\"0\" \/><input type=\"hidden\" name=\"_wpcf7_posted_data_hash\" value=\"\" \/>\n<\/fieldset>\n<p><label> Nachname Vorname (*)<br \/>\n<span class=\"wpcf7-form-control-wrap\" data-name=\"your-name\"><input size=\"40\" maxlength=\"400\" class=\"wpcf7-form-control wpcf7-text wpcf7-validates-as-required\" aria-required=\"true\" aria-invalid=\"false\" value=\"\" type=\"text\" name=\"your-name\" \/><\/span> <\/label>\n<\/p>\n<p><label> E-Mail Adresse (*)<br \/>\n<span class=\"wpcf7-form-control-wrap\" data-name=\"your-email\"><input size=\"40\" maxlength=\"400\" class=\"wpcf7-form-control wpcf7-email wpcf7-validates-as-required wpcf7-text wpcf7-validates-as-email\" aria-required=\"true\" aria-invalid=\"false\" value=\"\" type=\"email\" name=\"your-email\" \/><\/span> <\/label>\n<\/p>\n<p><label> Thema<br \/>\n<span class=\"wpcf7-form-control-wrap\" data-name=\"your-subject\"><input size=\"40\" maxlength=\"400\" class=\"wpcf7-form-control wpcf7-text\" aria-invalid=\"false\" value=\"\" type=\"text\" name=\"your-subject\" \/><\/span> <\/label>\n<\/p>\n<p><label> Nachricht<br \/>\n<span class=\"wpcf7-form-control-wrap\" data-name=\"your-message\"><textarea cols=\"40\" rows=\"10\" maxlength=\"2000\" class=\"wpcf7-form-control wpcf7-textarea\" aria-invalid=\"false\" name=\"your-message\"><\/textarea><\/span> <\/label>\n<\/p>\n<p><input class=\"wpcf7-form-control wpcf7-submit has-spinner\" type=\"submit\" value=\"Senden Sie\" \/>\n<\/p><input type='hidden' class='wpcf7-pum' value='{\"closepopup\":false,\"closedelay\":0,\"openpopup\":false,\"openpopup_id\":0}' \/><div class=\"wpcf7-response-output\" aria-hidden=\"true\"><\/div>\n<input type=\"hidden\" name=\"trp-form-language\" value=\"de\"\/><\/form>\n<\/div>\n\n\t\t<\/div>\n\t\t\t\t\t<\/div>\n\n\t\n\n\t<div id=\"col-1207428126\" class=\"col medium-4 small-12 large-4\"  >\n\t\t\t\t<div class=\"col-inner\"  >\n\t\t\t\n\t\t\t\n<p><strong>SHOP-PROGRAMM:<\/strong><\/p>\n<p>Montag-Freitag: 8:00 - 22:00<br \/>\nSambata: 08:30 &#8211; 19:00<br \/>\nDuminica: Inchis<br \/>\nBd. Uverturii Nr.69A<br \/>\nSektor 6 Bucuresti ( Blue69Cafe)<\/p>\n<p><strong>EMAIL:<br \/>\n<\/strong>comenzi@totalblue.ro<\/p>\n<p><strong>SC TOTAL BLAU IMPEX SRL<\/strong><br \/>\nCUI: RO1806565665 , J200501777776403<br \/>\nGrundkapital 75.000 Lei<br \/>\nBd. Uverturii Nr.69A Sektor 6 Sektor 6 Bucuresti Bucuresti<br \/>\nTransilvania Bank<br \/>\nRO45 BTRL RONC RT06 6827 8601<\/p>\n\t\t<\/div>\n\t\t\t\t\t<\/div>\n\n\t\n<\/div>\n\t<div id=\"text-582900904\" class=\"text\">\n\t\t\n\t\t\n<style>\n#text-582900904 {\n  text-align: center;\n}\n<\/style>\n\t<\/div>\n\t\n\t\t<\/div>\n\n\t\t\n<style>\n#section_1815199887 {\n  padding-top: 0px;\n  padding-bottom: 0px;\n  background-color: rgb(247, 247, 247);\n}\n#section_1815199887 .section-bg-overlay {\n  background-color: rgba(255, 255, 255, 0.85);\n}\n<\/style>\n\t<\/section>\n\t\n<p>&nbsp;<\/p>\n<p style=\"text-align: left;\">Gem\u00e4\u00df der ANPC-Verordnung \u00fcber die Information der Verbraucher durch Wirtschaftsbeteiligte, die online t\u00e4tig sind, f\u00fcgen wir die folgenden Informationen \u00fcber unser Unternehmen hinzu:<\/p>\n<p style=\"text-align: left;\">Name des Unternehmens : Total Blue Impex SRL<\/p>\n<p style=\"text-align: left;\">MwSt.-Code: DE 18065665<\/p>\n<p style=\"text-align: left;\">J2005017776403<\/p>\n<p style=\"text-align: left;\">Bukarest, Sektor 6, Uverturii Stra\u00dfe 69A<\/p>\n<p style=\"text-align: left;\">Adresse der Arbeitsstelle: Bukarest, Sektor 6, Uverturii-Stra\u00dfe 69A<\/p>\n<p style=\"text-align: left;\">Adresse des Lagers: Bukarest, Sektor 6, Uverturii-Stra\u00dfe 69A<\/p>\n<p style=\"text-align: left;\">Betriebsgenehmigung Nr. 6764 vom 14.09.2023 ausgestellt vom B\u00fcrgermeisteramt des Sektors 6<\/p>\n<p style=\"text-align: left;\">2012\/20974 vom 24.10.2023 Zertifizierung der Konformit\u00e4t mit den Normen f\u00fcr Hygiene und \u00f6ffentliche Gesundheit, ausgestellt vom Gesundheitsministerium, Abteilung f\u00fcr \u00f6ffentliche Gesundheit in Bukarest.<\/p>\n<p style=\"text-align: left;\">VA 2245 vom 05.10.2016 Sanit\u00e4res Veterin\u00e4r- und Lebensmittelsicherheits-Registrierungsdokument f\u00fcr Einzelhandelsaktivit\u00e4ten, ausgestellt von der Nationalen Beh\u00f6rde f\u00fcr Veterin\u00e4rwesen und Lebensmittelsicherheit, Direktion f\u00fcr Veterin\u00e4rwesen und Lebensmittelsicherheit, Bukarest<\/p>\n<p style=\"text-align: left;\">7HRXXFB45BK ab 20.03.2024 Feststellungsbescheinigung f\u00fcr CAEN-Codes, einschlie\u00dflich CAEN-Code 4791 Einzelhandel \u00fcber das Internet oder \u00fcber das Internet, ausgestellt vom Nationalen B\u00fcro des Handelsregisters des Tribunals Bukarest<\/p>\n<p style=\"text-align: left;\">NACE-Codes:<\/p>\n<p style=\"text-align: left;\">4711- Einzelhandel mit Waren verschiedener Art, vor allem mit Nahrungsmitteln, Getr\u00e4nken und Tabakwaren<\/p>\n<p style=\"text-align: left;\">4719 - Einzelhandel mit Nicht-Fachgesch\u00e4ften mit \u00fcberwiegend Nicht-Nahrungsmitteln<\/p>\n<p style=\"text-align: left;\">4729 - Einzelhandel mit sonstigen Nahrungsmitteln (Fachgesch\u00e4fte)<\/p>\n<p style=\"text-align: left;\">4791 - Einzelhandelsverkauf \u00fcber den Versandhandel oder \u00fcber das Internet<\/p>\n<p style=\"text-align: left;\">5210 - Lagerh\u00e4user<\/p>\n<p style=\"text-align: left;\">5224 - Manipulatoren<\/p>\n<p style=\"text-align: left;\">5629 - Sonstige Verpflegungsdienstleistungen, a.n.g.<\/p>\n<p style=\"text-align: left;\">5630 - Bars und andere Schank- und Speisewirtschaften<\/p>\n<p style=\"text-align: left;\">6311 - Datenverarbeitung, Verwaltung von Webseiten und damit verbundene T\u00e4tigkeiten<\/p>\n<p style=\"text-align: left;\">6312 - Aktivit\u00e4ten des Webportals<\/p>\n<p style=\"text-align: left;\">8292 - Verpackungst\u00e4tigkeiten<\/p>\n<h3 style=\"text-align: center;\"><strong><span data-text-color=\"alert\">Neu! Click &amp; Collect TotalBlue!<\/span><\/strong><\/h3>\n<div dir=\"auto\" style=\"text-align: center;\">Bestellen Sie Ihre Lieblingsprodukte und holen Sie Ihre Bestellung ab, wenn Sie Zeit haben!<\/div>\n<div dir=\"auto\" style=\"text-align: center;\">Mit dem TotalBlue Click &amp; Collect Service k\u00f6nnen Sie Ihre Produkte online und w\u00e4hrend der Laden\u00f6ffnungszeiten reservieren<br \/>\n( Bd. Uverturii 69A, Sektor 6, Bucuresti ) k\u00f6nnen Sie sie abholen.<\/div>\n<div dir=\"auto\" style=\"text-align: center;\">Nachdem Sie Ihre Bestellung aufgegeben und registriert haben, werden Sie benachrichtigt (per Telefon, E-Mail oder SMS), wann Sie Ihre Bestellung abholen k\u00f6nnen.<\/div>\n<div dir=\"auto\" style=\"text-align: center;\">F\u00fcr Click &amp; Collect TotalBlue fallen keine zus\u00e4tzlichen Kosten an.<\/div>\n<div dir=\"auto\" style=\"text-align: center;\"><strong>Sie bezahlen die gekauften Artikel entweder online zum Zeitpunkt der Bestellung oder bar\/mit Karte direkt im Gesch\u00e4ft bei der Abholung.<\/strong><\/div>\n<div dir=\"auto\" style=\"text-align: center;\"><\/div>","protected":false},"excerpt":{"rendered":"<p>&nbsp; Conform Ordinulului ANPC privind informarea consumatorilor de catre operatorii economici care desfasoara activitate in mediul online, adaugam urmatoarele informatii referitoare la societatea noastra: Denumire societate : Total Blue Impex SRL Cod TVA : RO 18065665 J2005017776403 Adresa sediu social: Bucuresti, Sector 6, Strada Uverturii 69A Adresa punct de lucru: Bucuresti, Sector 6, Strada Uverturii [&#8230;]\n","protected":false},"author":1,"featured_media":0,"parent":0,"menu_order":0,"comment_status":"closed","ping_status":"closed","template":"","meta":{"_acf_changed":false,"_seopress_robots_primary_cat":"","_seopress_titles_title":"","_seopress_titles_desc":"","_seopress_robots_index":"","footnotes":""},"class_list":["post-1558","page","type-page","status-publish"],"acf":[],"_links":{"self":[{"href":"https:\/\/totalblue.ro\/de\/wp-json\/wp\/v2\/pages\/1558","targetHints":{"allow":["GET"]}}],"collection":[{"href":"https:\/\/totalblue.ro\/de\/wp-json\/wp\/v2\/pages"}],"about":[{"href":"https:\/\/totalblue.ro\/de\/wp-json\/wp\/v2\/types\/page"}],"author":[{"embeddable":true,"href":"https:\/\/totalblue.ro\/de\/wp-json\/wp\/v2\/users\/1"}],"replies":[{"embeddable":true,"href":"https:\/\/totalblue.ro\/de\/wp-json\/wp\/v2\/comments?post=1558"}],"version-history":[{"count":48,"href":"https:\/\/totalblue.ro\/de\/wp-json\/wp\/v2\/pages\/1558\/revisions"}],"predecessor-version":[{"id":254224,"href":"https:\/\/totalblue.ro\/de\/wp-json\/wp\/v2\/pages\/1558\/revisions\/254224"}],"wp:attachment":[{"href":"https:\/\/totalblue.ro\/de\/wp-json\/wp\/v2\/media?parent=1558"}],"curies":[{"name":"wp","href":"https:\/\/api.w.org\/{rel}","templated":true}]}}