{"id":2993,"date":"2019-03-06T12:56:10","date_gmt":"2019-03-06T12:56:10","guid":{"rendered":"https:\/\/racekids.ro\/?page_id=2993"},"modified":"2022-10-14T13:47:51","modified_gmt":"2022-10-14T10:47:51","slug":"treueprogramm-und-bonuspunkte","status":"publish","type":"page","link":"https:\/\/totalblue.ro\/de\/program-fidelizare-si-puncte-bonus\/","title":{"rendered":"Treueprogramm und Bonuspunkte"},"content":{"rendered":"<p>Wir freuen uns, dass Sie bei uns sind und wir haben 2 M\u00f6glichkeiten f\u00fcr Sie vorbereitet, um ein treuer Kunde zu werden:<\/p>\n<p><strong>1.BONUSPUNKTE<\/strong><\/p>\n<p><a href=\"https:\/\/totalblue.ro\/wp-content\/uploads\/2020\/08\/bonusshoptrg.jpg\"><img loading=\"lazy\" decoding=\"async\" class=\"size-full wp-image-23947 aligncenter\" src=\"https:\/\/totalblue.ro\/wp-content\/uploads\/2020\/08\/bonusshoptrg.jpg\" alt=\"\" width=\"839\" height=\"193\" srcset=\"https:\/\/totalblue.ro\/wp-content\/uploads\/2020\/08\/bonusshoptrg.jpg 839w, https:\/\/totalblue.ro\/wp-content\/uploads\/2020\/08\/bonusshoptrg-510x117.jpg 510w\" sizes=\"auto, (max-width: 839px) 100vw, 839px\" \/><\/a><\/p>\n\n\t<section class=\"section\" id=\"section_642039808\">\n\t\t<div class=\"section-bg fill\" >\n\t\t\t\t\t\t\t\t\t\n\t\t\t\n\n\t\t<\/div>\n\n\t\t\n\n\t\t<div class=\"section-content relative\">\n\t\t\t\n<div class=\"row\"  id=\"row-1393856272\">\n\n\t<div id=\"col-861105165\" class=\"col medium-4 small-12 large-4\"  >\n\t\t\t\t<div class=\"col-inner\"  >\n\t\t\t\n\t\t\t\n<p style=\"color: #07b7cf\" align=\"center\">Mit jeder Bestellung Punkte sammeln<\/p>\n<p align=\"center\">Erstellen Sie ein Konto und genie\u00dfen Sie die speziell f\u00fcr Sie vorbereiteten Vorteile!<\/p>\n\t\t<\/div>\n\t\t\t\t\t<\/div>\n\n\t\n\n\t<div id=\"col-718812607\" class=\"col medium-4 small-12 large-4\"  >\n\t\t\t\t<div class=\"col-inner\"  >\n\t\t\t\n\t\t\t\n<p style=\"color: #78c68c\" align=\"center\">Bonuspunkte sammeln<\/p>\n<p align=\"center\">Einfache Berechnung 2,00 LEI = 1 Bonuspunkt.<br \/>\nDie Punkte werden gutgeschrieben, nachdem die Bestellung bezahlt wurde.<\/p>\n\t\t<\/div>\n\t\t\t\t\t<\/div>\n\n\t\n\n\t<div id=\"col-517020641\" class=\"col medium-4 small-12 large-4\"  >\n\t\t\t\t<div class=\"col-inner\"  >\n\t\t\t\n\t\t\t\n<p style=\"color: #ff9999\" align=\"center\">Verwenden Sie die Punkte<\/p>\n<p align=\"center\">W\u00e4hlen Sie das gew\u00fcnschte Geschenk aus und legen Sie es in Ihren Warenkorb.<\/p>\n\t\t<\/div>\n\t\t\t\t\t<\/div>\n\n\t\n<\/div>\n\t\t<\/div>\n\n\t\t\n<style>\n#section_642039808 {\n  padding-top: 30px;\n  padding-bottom: 30px;\n}\n<\/style>\n\t<\/section>\n\t\n<div align=\"justify\">\n<p>Zusammenfassung der Regeln f\u00fcr das Sammeln von Punkten:<\/p>\n<p>F\u00fcr je 2,00 LEI Ihrer Gesamtbestellung erhalten Sie einen Punkt.<\/p>\n<p>Wenn die Punktesumme keine runde Zahl ist, wird sie ab 0,50 LEI aufgerundet. Zum Beispiel erhalten Sie f\u00fcr eine Bestellung von 46,50 LEI 23 Punkte; f\u00fcr eine Bestellung von 49,00 LEI erhalten Sie 25 Punkte.<\/p>\n<p>Die Punkte werden Ihnen gutgeschrieben, sobald Ihre Bestellung vollst\u00e4ndig bezahlt ist und die Zahlung in unserem System registriert wurde. Aus technischen Gr\u00fcnden erscheinen die Zahlungen in unserem System etwa einen Tag nach ihrer Verbuchung auf Ihrem Konto als registriert.<br \/>Wenn sich der Wert der Bestellung und der Zahlung verringert (z. B. durch eine R\u00fccksendung), erhalten Sie nur Punkte f\u00fcr den tats\u00e4chlich gezahlten Betrag.<\/p>\n<p>F\u00fcr bestimmte Sonderangebote k\u00f6nnen Sie bei Total Blue zus\u00e4tzliche Punkte erhalten. Diese Sonderangebote werden auf unserer Website ver\u00f6ffentlicht und helfen Ihnen, schneller Pr\u00e4mien zu verdienen!<\/p>\n<p><strong>2. LOYALISIERUNG<\/p>\n<p><a href=\"https:\/\/totalblue.ro\/wp-content\/uploads\/2022\/10\/cooltext421395266547951.png\"><img loading=\"lazy\" decoding=\"async\" class=\"alignnone  wp-image-67107\" src=\"https:\/\/totalblue.ro\/wp-content\/uploads\/2022\/10\/cooltext421395266547951.png\" alt=\"\" width=\"350\" height=\"64\" srcset=\"https:\/\/totalblue.ro\/wp-content\/uploads\/2022\/10\/cooltext421395266547951.png 623w, https:\/\/totalblue.ro\/wp-content\/uploads\/2022\/10\/cooltext421395266547951-510x93.png 510w, https:\/\/totalblue.ro\/wp-content\/uploads\/2022\/10\/cooltext421395266547951-96x18.png 96w, https:\/\/totalblue.ro\/wp-content\/uploads\/2022\/10\/cooltext421395266547951-42x8.png 42w, https:\/\/totalblue.ro\/wp-content\/uploads\/2022\/10\/cooltext421395266547951-60x11.png 60w\" sizes=\"auto, (max-width: 350px) 100vw, 350px\" \/><\/a><br \/><\/strong><\/p>\n<p><strong>Wenn Sie mehr als 2000 Lei bestellen, erhalten Sie einen dauerhaften Rabatt von 2% auf alle zuk\u00fcnftigen Bestellungen.<\/strong><\/p>\n<\/div>","protected":false},"excerpt":{"rendered":"<p>Ne bucuram ca sunteti alaturi de noi si v-am pregatit 2 modalitati de fidelizare : 1.PUNCTE BONUS Sumar al regulilor pentru acumularea punctelor: Pentru fiecare 2,00 LEI din totalul comenzii, ve\u0163i primi un punct. Dac\u0103 totalul punctelor nu este un num\u0103r rotund, acesta va fi rotunjit \u00een sus \u00eencep\u00e2nd de la 0,50 LEI. De exemplu [&#8230;]\n","protected":false},"author":2,"featured_media":0,"parent":0,"menu_order":0,"comment_status":"closed","ping_status":"closed","template":"","meta":{"_acf_changed":false,"_seopress_robots_primary_cat":"","_seopress_titles_title":"","_seopress_titles_desc":"","_seopress_robots_index":"","footnotes":""},"class_list":["post-2993","page","type-page","status-publish"],"acf":[],"_links":{"self":[{"href":"https:\/\/totalblue.ro\/de\/wp-json\/wp\/v2\/pages\/2993","targetHints":{"allow":["GET"]}}],"collection":[{"href":"https:\/\/totalblue.ro\/de\/wp-json\/wp\/v2\/pages"}],"about":[{"href":"https:\/\/totalblue.ro\/de\/wp-json\/wp\/v2\/types\/page"}],"author":[{"embeddable":true,"href":"https:\/\/totalblue.ro\/de\/wp-json\/wp\/v2\/users\/2"}],"replies":[{"embeddable":true,"href":"https:\/\/totalblue.ro\/de\/wp-json\/wp\/v2\/comments?post=2993"}],"version-history":[{"count":10,"href":"https:\/\/totalblue.ro\/de\/wp-json\/wp\/v2\/pages\/2993\/revisions"}],"predecessor-version":[{"id":67108,"href":"https:\/\/totalblue.ro\/de\/wp-json\/wp\/v2\/pages\/2993\/revisions\/67108"}],"wp:attachment":[{"href":"https:\/\/totalblue.ro\/de\/wp-json\/wp\/v2\/media?parent=2993"}],"curies":[{"name":"wp","href":"https:\/\/api.w.org\/{rel}","templated":true}]}}