{"id":100415,"date":"2023-09-19T09:35:42","date_gmt":"2023-09-19T06:35:42","guid":{"rendered":"https:\/\/totalblue.ro\/?post_type=product&#038;p=100415"},"modified":"2025-08-05T15:46:11","modified_gmt":"2025-08-05T12:46:11","slug":"fanta-exotic-ohne-zucker-15-liter-import-aus-den-niederlanden","status":"publish","type":"product","link":"https:\/\/totalblue.ro\/de\/produs\/fanta-exotic-fara-zahar-15-l-import-olanda\/","title":{"rendered":"Fanta Exotic Exotic Zero Sugar 1,5 Liter, Import aus den Niederlanden"},"content":{"rendered":"<p>S\u00e4uerlicher Fruchtsaft-Wasserk\u00fchler<br \/>\nZuckerfrei<br \/>\nOhne Zusatz von Farbstoffen<br \/>\nPET-Flasche aus recyceltem Kunststoff 100%<br \/>\nZutaten: ges\u00e4uertes Wasser; Fruchtsaft aus Konzentrat 4,4% (Orangen 3,4%, Pfirsiche 0,5%, \u00c4pfel 0,4%, Passionsfr\u00fcchte 0,1%); Lebensmittels\u00e4uren: Zitronens\u00e4ure, Apfels\u00e4ure; Konservierungsmittel: Kaliumsorbat; Karotten- und Sofran-Konzentrat; S\u00fc\u00dfstoffe: Acesulfam-K, Aspartam; nat\u00fcrliche Aromen; Stabilisatoren: Guarkernmehl, Glycerinester von Kolophonium.<br \/>\nN\u00e4hrwertangaben pro 100 ml<br \/>\nEnergie 13 kJ (3 kcal)<br \/>\nFett 0 g, davon ges\u00e4ttigt 0 g<br \/>\nKohlenhydrate 0,5 g, davon Zucker 0,5 g<br \/>\nEiwei\u00df 0 g<br \/>\nSalz 0 g<br \/>\nLagerung: An einem k\u00fchlen, trockenen, geruchsfreien Ort und vor direkter Sonneneinstrahlung gesch\u00fctzt lagern.<br \/>\nEmpfehlung: Gek\u00fchlt servieren.<br \/>\nHersteller: Coca-Cola Europacific Partners Nederland BV, Postbus 8775, 3009 AT Rotterdam.<br \/>\nEinf\u00fchrer: Total Blue Impex SRL, Bucuresti, Sektor 6, B-dul Uverturii 69A<\/p>","protected":false},"excerpt":{"rendered":"<p>Der angezeigte Preis gilt pro St\u00fcck!<br \/>\n*Wenn Sie eine Schachtel wollen, bestellen Sie 6 St\u00fcck!<\/p>","protected":false},"featured_media":100419,"comment_status":"open","ping_status":"closed","template":"","meta":{"_acf_changed":false,"_seopress_robots_primary_cat":"none","_seopress_titles_title":"","_seopress_titles_desc":"","_seopress_robots_index":""},"product_brand":[1840],"product_cat":[1354,1555,1767,3312],"giftcard-category":[],"class_list":{"0":"post-100415","1":"product","2":"type-product","3":"status-publish","4":"has-post-thumbnail","6":"product_brand-fanta","7":"product_cat-apa-plata-apa-minerala-sucuri","8":"product_cat-bacanie","9":"product_cat-produse-olanda","10":"product_cat-bauturi-racoritoare-produse-olanda","12":"first","13":"outofstock","14":"taxable","15":"shipping-taxable","16":"purchasable","17":"product-type-simple"},"acf":[],"_links":{"self":[{"href":"https:\/\/totalblue.ro\/de\/wp-json\/wp\/v2\/product\/100415","targetHints":{"allow":["GET"]}}],"collection":[{"href":"https:\/\/totalblue.ro\/de\/wp-json\/wp\/v2\/product"}],"about":[{"href":"https:\/\/totalblue.ro\/de\/wp-json\/wp\/v2\/types\/product"}],"replies":[{"embeddable":true,"href":"https:\/\/totalblue.ro\/de\/wp-json\/wp\/v2\/comments?post=100415"}],"wp:featuredmedia":[{"embeddable":true,"href":"https:\/\/totalblue.ro\/de\/wp-json\/wp\/v2\/media\/100419"}],"wp:attachment":[{"href":"https:\/\/totalblue.ro\/de\/wp-json\/wp\/v2\/media?parent=100415"}],"wp:term":[{"taxonomy":"product_brand","embeddable":true,"href":"https:\/\/totalblue.ro\/de\/wp-json\/wp\/v2\/product_brand?post=100415"},{"taxonomy":"product_cat","embeddable":true,"href":"https:\/\/totalblue.ro\/de\/wp-json\/wp\/v2\/product_cat?post=100415"},{"taxonomy":"giftcard-category","embeddable":true,"href":"https:\/\/totalblue.ro\/de\/wp-json\/wp\/v2\/giftcard-category?post=100415"}],"curies":[{"name":"wp","href":"https:\/\/api.w.org\/{rel}","templated":true}]}}