{"id":100841,"date":"2023-09-22T12:55:27","date_gmt":"2023-09-22T09:55:27","guid":{"rendered":"https:\/\/totalblue.ro\/?post_type=product&#038;p=100841"},"modified":"2025-04-01T13:18:43","modified_gmt":"2025-04-01T10:18:43","slug":"peijnenburg-lebkuchen-lebkuchen-ungeschnitten-465g-import-aus-den-niederlanden","status":"publish","type":"product","link":"https:\/\/totalblue.ro\/de\/produs\/peijnenburg-turta-dulce-cu-ghimbir-netaiata-465g-import-olanda\/","title":{"rendered":"Peijnenburg Ginger Sweet Lebkuchen (ungeschnitten) 465g, Import aus den Niederlanden"},"content":{"rendered":"<p>Zutaten: Glukose-Fruktose-Sirup, Roggenmehl 31%, Ingwer 14%, Wasser, Zucker, Perlzucker, Backtriebmittel (Natriumhydrogencarbonat, Dinatriumdiphosphat), Sonnenblumen\u00f6l, Gew\u00fcrze, Konservierungsmittel (Kaliumsorbat). Kann N\u00fcsse und Milch enthalten.<br \/>\nInformationen \u00fcber Allergene:<br \/>\nEnth\u00e4lt: Roggen, glutenhaltiges Getreide.<br \/>\nKann enthalten: N\u00fcsse, Milch<br \/>\nN\u00e4hrwertangaben pro 100g:<br \/>\nEnergie 1265 kJ (299 kcal)<br \/>\nFett 2,1 g, davon ges\u00e4ttigtes Fett 0,4 g<br \/>\nKohlenhydrate 66 g, davon Zucker 41 g<br \/>\nBallaststoffe 3 g<br \/>\nEiwei\u00df 2,8 g<br \/>\nSalz 0,46 g<br \/>\nAnwendung: \u00d6ffnen Sie die Verpackung vorsichtig entlang der Siegelnaht.<br \/>\nLagerung: Damit Ihr Keks sch\u00f6n zart bleibt, bewahren Sie ihn am besten an einem trockenen, dunklen Ort auf. Zum Beispiel in einer geschlossenen Schachtel.<\/p>","protected":false},"excerpt":{"rendered":"<p>Peijnenburg Ontbijtkoek rozijnen ongesneden 465 g<br \/>\nPeijnenburg Peijnenburg S\u00fc\u00dfes Geb\u00e4ck mit Rosinen und Zimt (ungeschnitten) 465g<\/p>","protected":false},"featured_media":200850,"comment_status":"open","ping_status":"closed","template":"","meta":{"_acf_changed":false,"_seopress_robots_primary_cat":"1767","_seopress_titles_title":"Peijnenburg Turta Dulce cu Stafide si Scortisoara","_seopress_titles_desc":"Profita acum si cimpara Peijnenburg Turta Dulce cu Stafide si Scortisoara (netaiata), specialitati olandeze. Magazin cu produse OLANDA, turta dulce","_seopress_robots_index":""},"product_brand":[2040],"product_cat":[1555,3296,3338,7021,3304,1767],"giftcard-category":[],"class_list":{"0":"post-100841","1":"product","2":"type-product","3":"status-publish","4":"has-post-thumbnail","6":"product_brand-peijnenburg","7":"product_cat-bacanie","8":"product_cat-brutarie-patiserie","9":"product_cat-dulciuri-snacksuri","10":"product_cat-dulciuri-snacks","11":"product_cat-mic-dejun-produse-olanda","12":"product_cat-produse-olanda","14":"first","15":"outofstock","16":"taxable","17":"shipping-taxable","18":"purchasable","19":"product-type-simple"},"acf":[],"_links":{"self":[{"href":"https:\/\/totalblue.ro\/de\/wp-json\/wp\/v2\/product\/100841","targetHints":{"allow":["GET"]}}],"collection":[{"href":"https:\/\/totalblue.ro\/de\/wp-json\/wp\/v2\/product"}],"about":[{"href":"https:\/\/totalblue.ro\/de\/wp-json\/wp\/v2\/types\/product"}],"replies":[{"embeddable":true,"href":"https:\/\/totalblue.ro\/de\/wp-json\/wp\/v2\/comments?post=100841"}],"wp:featuredmedia":[{"embeddable":true,"href":"https:\/\/totalblue.ro\/de\/wp-json\/wp\/v2\/media\/200850"}],"wp:attachment":[{"href":"https:\/\/totalblue.ro\/de\/wp-json\/wp\/v2\/media?parent=100841"}],"wp:term":[{"taxonomy":"product_brand","embeddable":true,"href":"https:\/\/totalblue.ro\/de\/wp-json\/wp\/v2\/product_brand?post=100841"},{"taxonomy":"product_cat","embeddable":true,"href":"https:\/\/totalblue.ro\/de\/wp-json\/wp\/v2\/product_cat?post=100841"},{"taxonomy":"giftcard-category","embeddable":true,"href":"https:\/\/totalblue.ro\/de\/wp-json\/wp\/v2\/giftcard-category?post=100841"}],"curies":[{"name":"wp","href":"https:\/\/api.w.org\/{rel}","templated":true}]}}