{"id":105000,"date":"2023-10-23T15:48:10","date_gmt":"2023-10-23T12:48:10","guid":{"rendered":"https:\/\/totalblue.ro\/?post_type=product&#038;p=105000"},"modified":"2024-04-29T16:10:09","modified_gmt":"2024-04-29T13:10:09","slug":"gwoon-erdnusse-in-knuspriger-zuckerhulle-250-g-import-aus-den-niederlanden","status":"publish","type":"product","link":"https:\/\/totalblue.ro\/de\/produs\/gwoon-alune-in-strat-crocant-de-zahar-250-g-import-olanda\/","title":{"rendered":"G'woon Erdn\u00fcsse in knuspriger Zuckerh\u00fclle 250 g, Import aus den Niederlanden"},"content":{"rendered":"<p>Zutaten: 59% Erdn\u00fcsse, 33% Zucker, Sonnenblumen\u00f6l, Glukosesirup, Verdickungsmittel: E414, Honig, Farbstoff: E150c, Frucht- und Pflanzenkonzentrat (Karottenkonzentrat, Brombeerkonzentrat, Rettichkonzentrat). Dieses Produkt kann Spuren von N\u00fcssen enthalten.<br \/>\nAllergene:<br \/>\nErdn\u00fcsse und Erdnussprodukte.<br \/>\nEnergie 2402 kJ \/ 576 kcal<br \/>\nFett 36,8 g<br \/>\nFetts\u00e4uren, ges\u00e4ttigt insgesamt 5,4 g<br \/>\nFetts\u00e4uren, einfach unges\u00e4ttigt 11,1 g<br \/>\nMehrfach unges\u00e4ttigte Fetts\u00e4uren 20,1 g<br \/>\nKohlenhydrate 44,3 g<br \/>\nZucker 38,0 g<br \/>\nBallaststoffe 4 g<br \/>\nEiwei\u00df 15 g<br \/>\nSalz 0,00 g<br \/>\nAn einem trockenen Ort aufbewahren. Vorher verbrauchen: siehe Kennzeichnung.<br \/>\nG'woon , Antwoordnummer 3500, 4140 VH BEESD, Die Niederlande<br \/>\nEinf\u00fchrer und H\u00e4ndler Total Blue Impex SRL<\/p>","protected":false},"excerpt":{"rendered":"<p>Ingrediente: 59% arahide, 33% zahar, ulei de floarea soarelui, sirop de glucoza, agent de ingrosare: E414, miere, colorant: E150c, concentrat de fructe si plante (concentrat de morcovi, concentrat de mure, concentrat de ridichi). Acest produs poate contine urme de nuci. Alergeni: Arahide (arahide) si produse pe baza de arahide. Energie 2402 kJ \/ 576 kcal [&#8230;]\n","protected":false},"featured_media":105004,"comment_status":"open","ping_status":"closed","template":"","meta":{"_acf_changed":false,"_seopress_robots_primary_cat":"none","_seopress_titles_title":"","_seopress_titles_desc":"","_seopress_robots_index":""},"product_brand":[1971],"product_cat":[1555,3338,7021,1767],"giftcard-category":[],"class_list":{"0":"post-105000","1":"product","2":"type-product","3":"status-publish","4":"has-post-thumbnail","6":"product_brand-gwoon","7":"product_cat-bacanie","8":"product_cat-dulciuri-snacksuri","9":"product_cat-dulciuri-snacks","10":"product_cat-produse-olanda","12":"first","13":"outofstock","14":"taxable","15":"shipping-taxable","16":"purchasable","17":"product-type-simple"},"acf":[],"_links":{"self":[{"href":"https:\/\/totalblue.ro\/de\/wp-json\/wp\/v2\/product\/105000","targetHints":{"allow":["GET"]}}],"collection":[{"href":"https:\/\/totalblue.ro\/de\/wp-json\/wp\/v2\/product"}],"about":[{"href":"https:\/\/totalblue.ro\/de\/wp-json\/wp\/v2\/types\/product"}],"replies":[{"embeddable":true,"href":"https:\/\/totalblue.ro\/de\/wp-json\/wp\/v2\/comments?post=105000"}],"wp:featuredmedia":[{"embeddable":true,"href":"https:\/\/totalblue.ro\/de\/wp-json\/wp\/v2\/media\/105004"}],"wp:attachment":[{"href":"https:\/\/totalblue.ro\/de\/wp-json\/wp\/v2\/media?parent=105000"}],"wp:term":[{"taxonomy":"product_brand","embeddable":true,"href":"https:\/\/totalblue.ro\/de\/wp-json\/wp\/v2\/product_brand?post=105000"},{"taxonomy":"product_cat","embeddable":true,"href":"https:\/\/totalblue.ro\/de\/wp-json\/wp\/v2\/product_cat?post=105000"},{"taxonomy":"giftcard-category","embeddable":true,"href":"https:\/\/totalblue.ro\/de\/wp-json\/wp\/v2\/giftcard-category?post=105000"}],"curies":[{"name":"wp","href":"https:\/\/api.w.org\/{rel}","templated":true}]}}