{"id":105010,"date":"2023-10-23T15:53:31","date_gmt":"2023-10-23T12:53:31","guid":{"rendered":"https:\/\/totalblue.ro\/?post_type=product&#038;p=105010"},"modified":"2024-08-21T12:31:22","modified_gmt":"2024-08-21T09:31:22","slug":"gwoon-stroopwafels-mit-karamell-10-stuck-315-g-hollandaise","status":"publish","type":"product","link":"https:\/\/totalblue.ro\/de\/produs\/gwoon-stroopwafels-cu-caramel-10-bucati-315-g-olanda\/","title":{"rendered":"G'woon Stroopwafels mit Karamell, 10 St\u00fcck 290 g Niederlande"},"content":{"rendered":"<p>Zutaten: Weizenmehl, Glukose-Fruktose-Sirup 31%, Palmfett, Zucker, Butter 9% (Milch), Stabilisator: E422\/E420, Sojamehl, Molkenpulver (Milch), Raps\u00f6l, Weizenst\u00e4rke, Backtriebmittel: E500, Aroma, Meersalz, Emulgator: E322 (SOJA)\/E471, Magermilchpulver, Eier aus Freilandhaltung, Zimt, S\u00e4ureregulator: Zitronens\u00e4ure, nat\u00fcrliche Bourbon-Vanille.Dieses Produkt kann Spuren von N\u00fcssen enthalten.<br \/>\nN\u00e4hrwertangaben \/ 100 g :<br \/>\nEnergie 1920 kJ \/ 500 kcal<br \/>\nFett 21 g, davon Fetts\u00e4uren, ges\u00e4ttigt 12 g<br \/>\nFetts\u00e4uren, einfach unges\u00e4ttigt 7 g, Fetts\u00e4uren, mehrfach unges\u00e4ttigt 2 g<br \/>\nKohlenhydrate 63 g, davon Zucker 36 g<br \/>\nBallaststoffe 1,5 g<br \/>\nEiwei\u00df 3,5 g<br \/>\nSalz 0,65 g<br \/>\nAn einem trockenen Ort aufbewahren. Vorher verbrauchen: siehe Kennzeichnung.<br \/>\nG'woon , Antwoordnummer 3500, 4140 VH BEESD, Die Niederlande<br \/>\nEinf\u00fchrer und H\u00e4ndler Total Blue Impex SRL<\/p>","protected":false},"excerpt":{"rendered":"<p>g'woon Stroopwafels mit Butter 480 g<\/p>","protected":false},"featured_media":105015,"comment_status":"open","ping_status":"closed","template":"","meta":{"_acf_changed":false,"_seopress_robots_primary_cat":"none","_seopress_titles_title":"g\u2019woon stroopwafels cu unt 400 g Olanda - Total Blue","_seopress_titles_desc":"Cauti stroopwafels? Cumpara online g\u2019woon roomboter stroopwafels 400g, stroopwafels cu unt.Magazin online unde gasesti stroopwafels cu unt ieftin","_seopress_robots_index":""},"product_brand":[1971],"product_cat":[1555,3338,3304,1767],"giftcard-category":[],"class_list":{"0":"post-105010","1":"product","2":"type-product","3":"status-publish","4":"has-post-thumbnail","6":"product_brand-gwoon","7":"product_cat-bacanie","8":"product_cat-dulciuri-snacksuri","9":"product_cat-mic-dejun-produse-olanda","10":"product_cat-produse-olanda","12":"first","13":"outofstock","14":"taxable","15":"shipping-taxable","16":"purchasable","17":"product-type-simple"},"acf":[],"_links":{"self":[{"href":"https:\/\/totalblue.ro\/de\/wp-json\/wp\/v2\/product\/105010","targetHints":{"allow":["GET"]}}],"collection":[{"href":"https:\/\/totalblue.ro\/de\/wp-json\/wp\/v2\/product"}],"about":[{"href":"https:\/\/totalblue.ro\/de\/wp-json\/wp\/v2\/types\/product"}],"replies":[{"embeddable":true,"href":"https:\/\/totalblue.ro\/de\/wp-json\/wp\/v2\/comments?post=105010"}],"wp:featuredmedia":[{"embeddable":true,"href":"https:\/\/totalblue.ro\/de\/wp-json\/wp\/v2\/media\/105015"}],"wp:attachment":[{"href":"https:\/\/totalblue.ro\/de\/wp-json\/wp\/v2\/media?parent=105010"}],"wp:term":[{"taxonomy":"product_brand","embeddable":true,"href":"https:\/\/totalblue.ro\/de\/wp-json\/wp\/v2\/product_brand?post=105010"},{"taxonomy":"product_cat","embeddable":true,"href":"https:\/\/totalblue.ro\/de\/wp-json\/wp\/v2\/product_cat?post=105010"},{"taxonomy":"giftcard-category","embeddable":true,"href":"https:\/\/totalblue.ro\/de\/wp-json\/wp\/v2\/giftcard-category?post=105010"}],"curies":[{"name":"wp","href":"https:\/\/api.w.org\/{rel}","templated":true}]}}