{"id":106927,"date":"2023-11-21T13:19:45","date_gmt":"2023-11-21T11:19:45","guid":{"rendered":"https:\/\/totalblue.ro\/?post_type=product&#038;p=106927"},"modified":"2025-08-04T12:11:14","modified_gmt":"2025-08-04T09:11:14","slug":"verstegen-mix-condimente-traditionale-pentru-midii-150g","status":"publish","type":"product","link":"https:\/\/totalblue.ro\/de\/produs\/verstegen-mix-condimente-traditionale-pentru-midii-150g\/","title":{"rendered":"Verstegen Mix - traditionelle Gew\u00fcrze f\u00fcr Muscheln 150g"},"content":{"rendered":"<p>Inhaltsstoff : <span class=\"HwtZe\" lang=\"ro\"><span class=\"jCAhz JxVs2d ChMk0b\"><span class=\"ryNqvb\">52% legume (ceapa, rosii, praz, morcov, usturoi), ierburi (arpagic, patrunjel, tarhon, marar), condimente (piper, seminte de MUSTAR, seminte de fenicul, turmeric), sare, dextroza, poten\u021biator de arom\u0103: glutamat monosodic.<\/span><\/span><\/span><br \/>\nN\u00e4hrwertangaben \/ 100 g:<br \/>\nEnergie 1338 kJ \/ 318 kcal<br \/>\nGrasimi 6.2 g dintre care acizi grasi saturati 1.6 g<br \/>\nCarbohidrati 45.8 g din care zaharuri 32.2 g<br \/>\nProteine 12.4 g<br \/>\nSare 9.9 g<\/p>","protected":false},"excerpt":{"rendered":"<p>Verstegen Kruidenmix voor kip 225 g<br \/>\nVerstegen Mix - traditionelle Gew\u00fcrze f\u00fcr Gefl\u00fcgel 225 g<\/p>","protected":false},"featured_media":106931,"comment_status":"open","ping_status":"closed","template":"","meta":{"_acf_changed":false,"_seopress_robots_primary_cat":"1451","_seopress_titles_title":"","_seopress_titles_desc":"","_seopress_robots_index":""},"product_brand":[2008],"product_cat":[1555,3280,1451,1767],"giftcard-category":[],"class_list":{"0":"post-106927","1":"product","2":"type-product","3":"status-publish","4":"has-post-thumbnail","6":"product_brand-verstegen","7":"product_cat-bacanie","8":"product_cat-condimente-sosuri","9":"product_cat-condimente-produse-instant","10":"product_cat-produse-olanda","12":"first","13":"instock","14":"taxable","15":"shipping-taxable","16":"purchasable","17":"product-type-simple"},"acf":[],"_links":{"self":[{"href":"https:\/\/totalblue.ro\/de\/wp-json\/wp\/v2\/product\/106927","targetHints":{"allow":["GET"]}}],"collection":[{"href":"https:\/\/totalblue.ro\/de\/wp-json\/wp\/v2\/product"}],"about":[{"href":"https:\/\/totalblue.ro\/de\/wp-json\/wp\/v2\/types\/product"}],"replies":[{"embeddable":true,"href":"https:\/\/totalblue.ro\/de\/wp-json\/wp\/v2\/comments?post=106927"}],"wp:featuredmedia":[{"embeddable":true,"href":"https:\/\/totalblue.ro\/de\/wp-json\/wp\/v2\/media\/106931"}],"wp:attachment":[{"href":"https:\/\/totalblue.ro\/de\/wp-json\/wp\/v2\/media?parent=106927"}],"wp:term":[{"taxonomy":"product_brand","embeddable":true,"href":"https:\/\/totalblue.ro\/de\/wp-json\/wp\/v2\/product_brand?post=106927"},{"taxonomy":"product_cat","embeddable":true,"href":"https:\/\/totalblue.ro\/de\/wp-json\/wp\/v2\/product_cat?post=106927"},{"taxonomy":"giftcard-category","embeddable":true,"href":"https:\/\/totalblue.ro\/de\/wp-json\/wp\/v2\/giftcard-category?post=106927"}],"curies":[{"name":"wp","href":"https:\/\/api.w.org\/{rel}","templated":true}]}}