{"id":113438,"date":"2023-11-24T13:42:19","date_gmt":"2023-11-24T11:42:19","guid":{"rendered":"https:\/\/totalblue.ro\/?post_type=product&#038;p=113438"},"modified":"2026-01-29T19:13:30","modified_gmt":"2026-01-29T17:13:30","slug":"gwoon-loempia-pachetele-de-primavara-cu-legume-2-bucati-350-g","status":"publish","type":"product","link":"https:\/\/totalblue.ro\/de\/produs\/gwoon-loempia-pachetele-de-primavara-cu-legume-2-bucati-350-g\/","title":{"rendered":"G'woon Loempia Fr\u00fchlingsgem\u00fcse-P\u00e4ckchen 2 St\u00fcck 350 g"},"content":{"rendered":"<p>Ingrediente: 57% Legume (28% varza alba, 28% muguri de fasole, 14% morcov, 11% ceapa, 9% praz, 5% mazare, 5% ardei rosu), faina de GRAU, apa, uleiuri vegetale (rapita, floarea soarelui) , faina de orez, amidon de cartofi modificat, sare, dextroza, faina de porumb, amidon de orez, maltodextrina, condimente, cimbru, dextrina de cartofi, extract de drojdie, amidon de porumb, ierburi, aroma naturala de ceapa.<\/p>\n<p>Allergene:<br \/>\nCereale care contin gluten, grau si produse pe baza de grau<\/p>\n<p>N\u00e4hrwertangaben pro 100 g:<br \/>\nTip la 100 g (preparat)<br \/>\nEnergie 701 kJ<br \/>\nGrasimi 6,8 g<br \/>\nAcizi grasi, saturati in total 0,789 g<br \/>\nAcizi grasi, mononesaturati 4.073 g<br \/>\nAcizi grasi, polinesaturati 1.924 g<br \/>\nCarbohidrati 21,8 g<br \/>\nZaharuri 4,1 g<br \/>\nFibre alimentare 2,2 g<br \/>\nProteine \u200b\u200b3,6 g<br \/>\nSare 0,99 g<br \/>\nWie man sich vorbereitet:<br \/>\n\u2013 Friteuza 12 min la 175 \u00b0 C<br \/>\nCongelat: 17 minute. Decongelat: 5 minute.<br \/>\nSe prajesc pana la 2 bucati odata.<br \/>\n\u2013 Cuptor 27 min la 220 \u00b0 C<br \/>\nCongelat: 18 minute. Decongelat: 10 minute.<br \/>\nPreincalziti cuptorul sau gratarul si rotiti produsul \u00een mod regulat.<br \/>\n\u2013 Cuptor cu convec\u021bie 18 min. | 230 \u00b0 C<br \/>\nCongelat: 20 minute. Decongelat: 12 minute.<br \/>\nPreincalzi\u021bi cuptorul cu convec\u021bie \u0219i rotiti produsul in mod regulat.<br \/>\n\u2013 Friteuza cu aer 15 min la 200 \u00b0 C<br \/>\nCongelat: 15 minute. Preincalziti friteuza.<br \/>\nCantitate maxima: cosul de jos acoperit.<br \/>\nPana la 15 min.<br \/>\nCongelat: 15 minute. Stropiti cu ulei in tigaie, inc\u0103lziti mediu \u0219i rotiti produsul in mod regulat.<br \/>\nRuloul nostru de primavara ( pachetele de primavara cu legume ) se rumeneste imediat dupa coacere. In acest fel, ruloul absoarbe grasime minima.<br \/>\nNu dezgheta\u021bi produsul in ambalaj. Nu recongelati.<\/p>\n<p>Urm\u0103toarele recomandari de depozitare se aplica de la data cumpararii:<br \/>\n1. Poate fi p\u0103strat la frigider (+ 7 \u00b0 C) timp de 48 de ore de la congelator.<br \/>\n2. In compartimentul congelator al frigiderului cu: * (-6 \u00b0 C): 1 saptamana * (-12 \u00b0 C): 4 saptamani ** (-18 \u00b0 C): pana la data indicat\u0103 mai bine inainte de decongelare , nu ingheta\u021bi<br \/>\nPentru cele mai actualizate informatii despre produs, va rugam sa consultati ambalajul.<\/p>","protected":false},"excerpt":{"rendered":"<p><span data-text-color=\"alert\"><strong>WARNUNG! GEFRORENES PRODUKT! WARNUNG! GEFRORENES PRODUKT!<\/strong><\/span><\/p>","protected":false},"featured_media":113442,"comment_status":"open","ping_status":"closed","template":"","meta":{"_acf_changed":false,"_seopress_robots_primary_cat":"none","_seopress_titles_title":"","_seopress_titles_desc":"","_seopress_robots_index":""},"product_brand":[1971],"product_cat":[1555,3296,3256,1767,1954],"giftcard-category":[],"class_list":{"0":"post-113438","1":"product","2":"type-product","3":"status-publish","4":"has-post-thumbnail","6":"product_brand-gwoon","7":"product_cat-bacanie","8":"product_cat-brutarie-patiserie","9":"product_cat-produse-congelate-produse-olanda","10":"product_cat-produse-olanda","11":"product_cat-semipreparate","13":"first","14":"outofstock","15":"taxable","16":"shipping-taxable","17":"purchasable","18":"product-type-simple"},"acf":[],"_links":{"self":[{"href":"https:\/\/totalblue.ro\/de\/wp-json\/wp\/v2\/product\/113438","targetHints":{"allow":["GET"]}}],"collection":[{"href":"https:\/\/totalblue.ro\/de\/wp-json\/wp\/v2\/product"}],"about":[{"href":"https:\/\/totalblue.ro\/de\/wp-json\/wp\/v2\/types\/product"}],"replies":[{"embeddable":true,"href":"https:\/\/totalblue.ro\/de\/wp-json\/wp\/v2\/comments?post=113438"}],"wp:featuredmedia":[{"embeddable":true,"href":"https:\/\/totalblue.ro\/de\/wp-json\/wp\/v2\/media\/113442"}],"wp:attachment":[{"href":"https:\/\/totalblue.ro\/de\/wp-json\/wp\/v2\/media?parent=113438"}],"wp:term":[{"taxonomy":"product_brand","embeddable":true,"href":"https:\/\/totalblue.ro\/de\/wp-json\/wp\/v2\/product_brand?post=113438"},{"taxonomy":"product_cat","embeddable":true,"href":"https:\/\/totalblue.ro\/de\/wp-json\/wp\/v2\/product_cat?post=113438"},{"taxonomy":"giftcard-category","embeddable":true,"href":"https:\/\/totalblue.ro\/de\/wp-json\/wp\/v2\/giftcard-category?post=113438"}],"curies":[{"name":"wp","href":"https:\/\/api.w.org\/{rel}","templated":true}]}}