{"id":121796,"date":"2024-02-08T16:57:40","date_gmt":"2024-02-08T14:57:40","guid":{"rendered":"https:\/\/totalblue.ro\/?post_type=product&#038;p=121796"},"modified":"2025-12-23T10:53:53","modified_gmt":"2025-12-23T08:53:53","slug":"joghurt-mit-erdbeeren-nestle-yogolino-6-monate-400g","status":"publish","type":"product","link":"https:\/\/totalblue.ro\/de\/produs\/iaurt-cu-capsuni-nestle-yogolino-6-luni-400g\/","title":{"rendered":"Erdbeerjoghurt, Nestl\u00e9 Yogolino, +6 Monate, 4x100g"},"content":{"rendered":"<p>Nestle Yogolino Snacks sind eine Kalziumquelle, die f\u00fcr das normale Wachstum und die Entwicklung der Knochen bei Kindern notwendig ist. Eine Portion deckt 23% des Tagesbedarfs an Calcium (NRV*).<br \/>\n*NRV = N\u00e4hrwertreferenzwert<\/p>\n<p>Verw\u00f6hnen Sie Ihr Kind mit Yogolino Strawberry Yogolino, einem leckeren und cremigen Snack auf Milchbasis mit Fruchtp\u00fcree, der eine Quelle f\u00fcr Kalzium ist, das f\u00fcr das Wachstum und die Entwicklung der Knochen bei Kindern notwendig ist.<\/p>\n<p>Yogolino ist speziell auf die Ern\u00e4hrungsbed\u00fcrfnisse von Babys im Alter von 6 bis 36 Monaten abgestimmt. Jede Portion liefert 23% des Tagesbedarfs an Calcium und Zink. Yogolino-Snacks enthalten keine Konservierungs- oder Farbstoffe. Dank des Pasteurisierungsverfahrens und der hermetischen Versiegelung in einer Schutzatmosph\u00e4re muss Yogolino nicht gek\u00fchlt werden und kann \u00fcberallhin mitgenommen werden!<\/p>\n<p><strong>Anweisungen f\u00fcr die Zubereitung:<\/strong><\/p>\n<p>Mit seiner praktischen Verpackung ist Yogolino sicher im Umgang mit Babys.<br \/>\nAber Vorsicht, Ihr Welpe muss still sitzen und Sie m\u00fcssen ihn beim Fressen im Auge behalten.<br \/>\nYogolino-Snacks m\u00fcssen nicht gek\u00fchlt werden. So sind sie leicht zu lagern, einfach zu transportieren und k\u00f6nnen unterwegs bei Zimmertemperatur verzehrt werden, einer Lieblingstemperatur f\u00fcr Babys.<\/p>\n<p><strong>Inhaltsstoff:<\/strong> Vollmilch 77,3%, Wasser, Erdbeerp\u00fcree 6%, Zucker, St\u00e4rke, fermentierte Milch, Milcheiwei\u00df, Verdickungsmittel (Pektine), nat\u00fcrliche Aromen.<\/p>\n<p><strong>Allergene: <\/strong>Enth\u00e4lt Milch. Darf nicht von S\u00e4uglingen mit Kuhmilchallergie verzehrt werden.<\/p>\n<p>N\u00e4hrwertangaben \/ 100 g:<br \/>\nEnergie: 350 kJ\/84 kcal<br \/>\nFett: 2,6 g, davon ges\u00e4ttigte Fetts\u00e4uren: 1,7 g<br \/>\nKohlenhydrate 12 g oder davon Zucker 7,7 g<br \/>\nBallaststoffe 0,5 g<br \/>\nEiwei\u00df: 3 g<br \/>\nSalz: 0,08 g<\/p>\n<p>&nbsp;<\/p>\n<p>Die Weltgesundheitsorganisation empfiehlt, bis zum Alter von 6 Monaten ausschlie\u00dflich zu stillen und danach parallel zum Stillen mit einer abwechslungsreichen Ern\u00e4hrung zu beginnen. Es ist wichtig, dass Ihr Baby eine abwechslungsreiche und ausgewogene Ern\u00e4hrung als ersten Schritt zu einer gesunden Lebensweise erh\u00e4lt. Fragen Sie Ihren Arzt, ob Sie zus\u00e4tzlich zur Mutter- oder Folgemilch weitere Nahrungsmittel in die Ern\u00e4hrung Ihres Babys aufnehmen k\u00f6nnen. Es wird empfohlen, das Stillen so lange wie m\u00f6glich fortzusetzen, nachdem Sie begonnen haben, die Ern\u00e4hrung zu diversifizieren.<\/p>\n<p><strong>Lagerung:<br \/>\n<\/strong>Der versiegelte Beh\u00e4lter muss nicht gek\u00fchlt werden und kann bei Raumtemperatur gelagert werden.<\/p>","protected":false},"excerpt":{"rendered":"<p>Gustarile Nestle Yogolino sunt o sursa de Calciu, care este necesar pentru cresterea si dezvoltarea normala a oaselor la copii. O portie acopera 23% din necesarul zilnic de Calciu (VNR*). *VNR = Valoarea Nutritionala de Referinta Rasfata-ti puiul cu Yogolino Capsuni, o gustare delicioasa si cremosa, cu o textura fina pe baza de lapte, cu [&#8230;]\n","protected":false},"featured_media":121798,"comment_status":"open","ping_status":"closed","template":"","meta":{"_acf_changed":false,"_seopress_robots_primary_cat":"1767","_seopress_titles_title":"","_seopress_titles_desc":"","_seopress_robots_index":""},"product_brand":[6197],"product_cat":[1555,3288,4226,1984,1520,5677,1767],"giftcard-category":[],"class_list":{"0":"post-121796","1":"product","2":"type-product","3":"status-publish","4":"has-post-thumbnail","6":"product_brand-nestle","7":"product_cat-bacanie","8":"product_cat-branzeturi","9":"product_cat-branzeturi-bacanie","10":"product_cat-hrana-bebelusi","11":"product_cat-mama-copilul","12":"product_cat-mancare-si-accesorii-bebe","13":"product_cat-produse-olanda","15":"first","16":"outofstock","17":"taxable","18":"shipping-taxable","19":"purchasable","20":"product-type-simple"},"acf":[],"_links":{"self":[{"href":"https:\/\/totalblue.ro\/de\/wp-json\/wp\/v2\/product\/121796","targetHints":{"allow":["GET"]}}],"collection":[{"href":"https:\/\/totalblue.ro\/de\/wp-json\/wp\/v2\/product"}],"about":[{"href":"https:\/\/totalblue.ro\/de\/wp-json\/wp\/v2\/types\/product"}],"replies":[{"embeddable":true,"href":"https:\/\/totalblue.ro\/de\/wp-json\/wp\/v2\/comments?post=121796"}],"wp:featuredmedia":[{"embeddable":true,"href":"https:\/\/totalblue.ro\/de\/wp-json\/wp\/v2\/media\/121798"}],"wp:attachment":[{"href":"https:\/\/totalblue.ro\/de\/wp-json\/wp\/v2\/media?parent=121796"}],"wp:term":[{"taxonomy":"product_brand","embeddable":true,"href":"https:\/\/totalblue.ro\/de\/wp-json\/wp\/v2\/product_brand?post=121796"},{"taxonomy":"product_cat","embeddable":true,"href":"https:\/\/totalblue.ro\/de\/wp-json\/wp\/v2\/product_cat?post=121796"},{"taxonomy":"giftcard-category","embeddable":true,"href":"https:\/\/totalblue.ro\/de\/wp-json\/wp\/v2\/giftcard-category?post=121796"}],"curies":[{"name":"wp","href":"https:\/\/api.w.org\/{rel}","templated":true}]}}