{"id":121948,"date":"2024-02-09T11:36:56","date_gmt":"2024-02-09T09:36:56","guid":{"rendered":"https:\/\/totalblue.ro\/?post_type=product&#038;p=121948"},"modified":"2025-08-01T10:26:47","modified_gmt":"2025-08-01T07:26:47","slug":"joghurt-mit-bananen-nestle-yogolino-6-monate-4x100g","status":"publish","type":"product","link":"https:\/\/totalblue.ro\/de\/produs\/iaurt-cu-banane-nestle-yogolino-6-luni-4x100g\/","title":{"rendered":"Joghurt mit Banane, Nestl\u00e9 Yogolino, +6 Monate, 4x100g"},"content":{"rendered":"<p>Nahrung f\u00fcr S\u00e4uglinge und Kleinkinder auf der Basis von fermentierter Milch und Bananenp\u00fcree.<\/p>\n<p>Nestle Yogolino Snacks sind reich an Kalzium, das f\u00fcr ein normales Knochenwachstum und eine normale Entwicklung bei Kindern notwendig ist. Eine Portion deckt 24% des Tagesbedarfs an Calcium (NRV*). *NRV = Ern\u00e4hrungsreferenzwert.<\/p>\n<p>Verw\u00f6hnen Sie Ihren Welpen mit Yogolino Bananen, einem leckeren und cremigen Snack auf Milchbasis, der reich an Kalzium ist, das f\u00fcr das Wachstum und die Entwicklung der Knochen bei Kindern notwendig ist. Yogolino ist speziell auf die Ern\u00e4hrungsbed\u00fcrfnisse von heranwachsenden Babys im Alter zwischen 6 und 36 Monaten abgestimmt. Jede Portion liefert 24% des Tagesbedarfs an Calcium und Zink. Yogolino Snacks enthalten keine Konservierungs- oder Farbstoffe. Dank des Pasteurisierungsverfahrens und der hermetischen Versiegelung in einer Schutzatmosph\u00e4re muss Yogolino nicht gek\u00fchlt werden und kann \u00fcberallhin mitgenommen werden!<\/p>\n<p><strong>Anweisungen f\u00fcr die Zubereitung:<\/strong><\/p>\n<p>Mit seiner praktischen Verpackung ist Yogolino sicher im Umgang mit Babys.<br \/>\nAber Vorsicht, Ihr Welpe muss still sitzen und Sie m\u00fcssen ihn beim Fressen im Auge behalten.<br \/>\nYogolino-Snacks m\u00fcssen nicht gek\u00fchlt werden. So sind sie leicht zu lagern, einfach zu transportieren und k\u00f6nnen unterwegs bei Zimmertemperatur verzehrt werden, einer Lieblingstemperatur f\u00fcr Babys.<\/p>\n<p><strong>Inhaltsstoff:<\/strong> Vollmilch 80,2%, Wasser, Zucker, Bananenp\u00fcree 3,5%, St\u00e4rke, Milchenzyme (Milch), Milchproteine, Verdickungsmittel (Pektin), nat\u00fcrliche Aromen.<\/p>\n<p><strong>Allergene: <\/strong>Enth\u00e4lt Milch. Darf nicht von S\u00e4uglingen mit Kuhmilchallergie verzehrt werden.<\/p>\n<p><strong>Energiewerte (100 g\/ml):<\/strong><\/p>\n<ul>\n<li>Energie kJ: 349<\/li>\n<li>Energie kcal: 83<\/li>\n<li>Fett: 2,7 g;<\/li>\n<li>Davon ges\u00e4ttigte Fetts\u00e4uren: 1,6 g;<\/li>\n<li>Kohlenhydrate: 12 g;<\/li>\n<li>Davon Zucker: 8 g;<\/li>\n<li>Ballaststoffe: 0,5 g;<\/li>\n<li>Eiwei\u00df: 3 g;<\/li>\n<li>Salz: 0,08 g.<\/li>\n<li>Kalzium: 91 mg (24%)<\/li>\n<\/ul>\n<p>Die Weltgesundheitsorganisation empfiehlt, bis zum Alter von 6 Monaten ausschlie\u00dflich zu stillen und danach parallel zum Stillen mit einer abwechslungsreichen Ern\u00e4hrung zu beginnen. Es ist wichtig, dass Ihr Baby eine abwechslungsreiche und ausgewogene Ern\u00e4hrung als ersten Schritt zu einer gesunden Lebensweise erh\u00e4lt. Fragen Sie Ihren Arzt, ob Sie zus\u00e4tzlich zur Mutter- oder Folgemilch weitere Nahrungsmittel in die Ern\u00e4hrung Ihres Babys aufnehmen k\u00f6nnen. Es wird empfohlen, das Stillen so lange wie m\u00f6glich fortzusetzen, nachdem Sie begonnen haben, die Ern\u00e4hrung zu diversifizieren.<\/p>\n<p><strong>Lagerung:<br \/>\n<\/strong>Der versiegelte Beh\u00e4lter muss nicht gek\u00fchlt werden und kann bei Raumtemperatur gelagert werden.<\/p>","protected":false},"excerpt":{"rendered":"<p>Aliment pentru sugari si copii de varsta mica, pe baza de lapte fermentat si piure de banane. Gustarile Nestle Yogolino sunt bogate in Calciu, care este necesar pentru cresterea si dezvoltarea normala a oaselor la copii. O portie acopera 24% din necesarul zilnic de Calciu (VNR*). *VNR = Valoarea Nutritionala de Referinta. Rasfata-ti puiul cu [&#8230;]\n","protected":false},"featured_media":121974,"comment_status":"open","ping_status":"closed","template":"","meta":{"_acf_changed":false,"_seopress_robots_primary_cat":"1767","_seopress_titles_title":"","_seopress_titles_desc":"","_seopress_robots_index":""},"product_brand":[6197],"product_cat":[1555,3288,4226,1984,1520,5677,1767],"giftcard-category":[],"class_list":{"0":"post-121948","1":"product","2":"type-product","3":"status-publish","4":"has-post-thumbnail","6":"product_brand-nestle","7":"product_cat-bacanie","8":"product_cat-branzeturi","9":"product_cat-branzeturi-bacanie","10":"product_cat-hrana-bebelusi","11":"product_cat-mama-copilul","12":"product_cat-mancare-si-accesorii-bebe","13":"product_cat-produse-olanda","15":"first","16":"outofstock","17":"taxable","18":"shipping-taxable","19":"purchasable","20":"product-type-simple"},"acf":[],"_links":{"self":[{"href":"https:\/\/totalblue.ro\/de\/wp-json\/wp\/v2\/product\/121948","targetHints":{"allow":["GET"]}}],"collection":[{"href":"https:\/\/totalblue.ro\/de\/wp-json\/wp\/v2\/product"}],"about":[{"href":"https:\/\/totalblue.ro\/de\/wp-json\/wp\/v2\/types\/product"}],"replies":[{"embeddable":true,"href":"https:\/\/totalblue.ro\/de\/wp-json\/wp\/v2\/comments?post=121948"}],"wp:featuredmedia":[{"embeddable":true,"href":"https:\/\/totalblue.ro\/de\/wp-json\/wp\/v2\/media\/121974"}],"wp:attachment":[{"href":"https:\/\/totalblue.ro\/de\/wp-json\/wp\/v2\/media?parent=121948"}],"wp:term":[{"taxonomy":"product_brand","embeddable":true,"href":"https:\/\/totalblue.ro\/de\/wp-json\/wp\/v2\/product_brand?post=121948"},{"taxonomy":"product_cat","embeddable":true,"href":"https:\/\/totalblue.ro\/de\/wp-json\/wp\/v2\/product_cat?post=121948"},{"taxonomy":"giftcard-category","embeddable":true,"href":"https:\/\/totalblue.ro\/de\/wp-json\/wp\/v2\/giftcard-category?post=121948"}],"curies":[{"name":"wp","href":"https:\/\/api.w.org\/{rel}","templated":true}]}}