{"id":124023,"date":"2024-02-12T14:27:23","date_gmt":"2024-02-12T12:27:23","guid":{"rendered":"https:\/\/totalblue.ro\/?post_type=product&#038;p=124023"},"modified":"2025-07-07T14:46:34","modified_gmt":"2025-07-07T11:46:34","slug":"woogie-lakritz-allsorts-400g","status":"publish","type":"product","link":"https:\/\/totalblue.ro\/de\/produs\/woogie-liquorice-allsorts-400g\/","title":{"rendered":"Woogie Assorted Gelees 400g"},"content":{"rendered":"<p><span lang=\"ro\">Gelees mit Lakritzgeschmack<br \/>\nZutaten: Zucker, Glukosesirup, Weizenmehl, Rohrzuckermelasse, Kokosnuss, Gelatine, Weizenst\u00e4rke, S\u00fc\u00dfholzextrakt, Kakaopulver, nat\u00fcrliche Aromen, Emulgator E471, Lebensmittelfarbe (konzentriert aus Spirulina, Sofran, Karotte, Hibiskus), Farbstoffe E160c, E162, Kokosnuss\u00f6l, Glasurmittel E901<br \/>\n<\/span><\/p>\n<p>N\u00e4hrwertangaben pro 100 g:<br \/>\nEnergie 1586 kJ \/ 375 kcal<br \/>\nFett 4,3 g, davon ges\u00e4ttigt 3,7 g<br \/>\nKohlenhydrate 81 g, davon Zucker 64 g<br \/>\nEiwei\u00df 2,4 g<br \/>\nSalz 0,04 g<\/p>","protected":false},"excerpt":{"rendered":"<p>jeleuri asortate cu lemn dulce Ingrediente: zahar, sirop de glucoza, faina de grau, melasa de zahar din trestie, nuca de coco, gelatina, amidon de grau, extract de lemn dulce, pudra de cacao, arome naturale, emulgator E471,\u00a0colorant alimentar (concentrat din spirulina, sofran, morcov, hibiscus), coloranti E160c, E162,\u00a0ulei de cocos, agent de glazura E901 Valori Nutritionale la [&#8230;]\n","protected":false},"featured_media":124029,"comment_status":"open","ping_status":"closed","template":"","meta":{"_acf_changed":false,"_seopress_robots_primary_cat":"none","_seopress_titles_title":"","_seopress_titles_desc":"","_seopress_robots_index":""},"product_brand":[22306],"product_cat":[1555,7021,3338,1767],"giftcard-category":[],"class_list":{"0":"post-124023","1":"product","2":"type-product","3":"status-publish","4":"has-post-thumbnail","6":"product_brand-woogie","7":"product_cat-bacanie","8":"product_cat-dulciuri-snacks","9":"product_cat-dulciuri-snacksuri","10":"product_cat-produse-olanda","12":"first","13":"outofstock","14":"taxable","15":"shipping-taxable","16":"purchasable","17":"product-type-simple"},"acf":[],"_links":{"self":[{"href":"https:\/\/totalblue.ro\/de\/wp-json\/wp\/v2\/product\/124023","targetHints":{"allow":["GET"]}}],"collection":[{"href":"https:\/\/totalblue.ro\/de\/wp-json\/wp\/v2\/product"}],"about":[{"href":"https:\/\/totalblue.ro\/de\/wp-json\/wp\/v2\/types\/product"}],"replies":[{"embeddable":true,"href":"https:\/\/totalblue.ro\/de\/wp-json\/wp\/v2\/comments?post=124023"}],"wp:featuredmedia":[{"embeddable":true,"href":"https:\/\/totalblue.ro\/de\/wp-json\/wp\/v2\/media\/124029"}],"wp:attachment":[{"href":"https:\/\/totalblue.ro\/de\/wp-json\/wp\/v2\/media?parent=124023"}],"wp:term":[{"taxonomy":"product_brand","embeddable":true,"href":"https:\/\/totalblue.ro\/de\/wp-json\/wp\/v2\/product_brand?post=124023"},{"taxonomy":"product_cat","embeddable":true,"href":"https:\/\/totalblue.ro\/de\/wp-json\/wp\/v2\/product_cat?post=124023"},{"taxonomy":"giftcard-category","embeddable":true,"href":"https:\/\/totalblue.ro\/de\/wp-json\/wp\/v2\/giftcard-category?post=124023"}],"curies":[{"name":"wp","href":"https:\/\/api.w.org\/{rel}","templated":true}]}}