{"id":124181,"date":"2024-02-12T16:00:43","date_gmt":"2024-02-12T14:00:43","guid":{"rendered":"https:\/\/totalblue.ro\/?post_type=product&#038;p=124181"},"modified":"2025-04-30T16:32:25","modified_gmt":"2025-04-30T13:32:25","slug":"remia-sweet-spicy-chili-800-ml-import-olanda","status":"publish","type":"product","link":"https:\/\/totalblue.ro\/de\/produs\/remia-sweet-spicy-chili-800-ml-import-olanda\/","title":{"rendered":"Remia Sos Sweet &amp; Spicy Chili 800 ml import Olanda"},"content":{"rendered":"<p><span class=\"HwtZe\" lang=\"ro\"><span class=\"jCAhz ChMk0b\"><span class=\"ryNqvb\">Remia Sweet &amp; Spicy este un sos picant, dar dulce.<\/span><\/span><br \/>\n<span class=\"jCAhz ChMk0b\"><span class=\"ryNqvb\">Delicios cu nachos, creve\u021bi si ca sos cu aperitive.<br \/>\n<\/span><\/span> <span class=\"jCAhz ChMk0b\"><span class=\"ryNqvb\">Fara lactoza, fara gluten, fara alergeni si vegan.<\/span><\/span><br \/>\n<span class=\"jCAhz ChMk0b\"><span class=\"ryNqvb\">Ambalat \u00eentr-un tub la \u00eendem\u00e2n\u0103 de 800 ml.<\/span><\/span><br \/>\n<span class=\"jCAhz ChMk0b\"><span class=\"ryNqvb\">Ingrediente: apa, zahar, boia de ardei, sambal 10% (ardei rosu, sare), pasta de rosii, otet, amidon de porumb modificat, sare, suc de lamaie, aroma naturala (soia), condimente, ulei de rapita, agent de ingrosare: guma de guar, conservant: sorbat de potasiu, \u00eendulcitori: acesulfam-K \u0219i aspartam*, acid alimentar: acid citric, colorant: extract de boia<\/span><\/span> <span class=\"jCAhz ChMk0b\"><span class=\"ryNqvb\">Alergen: con\u021bine soia.<br \/>\nN\u00e4hrwertangaben \/ 100 ml:<br \/>\nEnergie 457 kJ (108 kcal)<br \/>\nGrasimi 0.7 g din care grasimi saturate 0.1 g<br \/>\nCarbohidrati 24 g din care zaharuri 20 g<br \/>\nProteine \u200b\u200b0,5 g<br \/>\nSalz 1,7 g<br \/>\n<\/span><\/span><\/span><\/p>","protected":false},"excerpt":{"rendered":"<p>Remia Sweet &amp; Spicy este un sos picant, dar dulce. Delicios cu nachos, creve\u021bi si ca sos cu aperitive. Fara lactoza, fara gluten, fara alergeni si vegan. Ambalat \u00eentr-un tub la \u00eendem\u00e2n\u0103 de 800 ml. Ingrediente: apa, zahar, boia de ardei, sambal 10% (ardei rosu, sare), pasta de rosii, otet, amidon de porumb modificat, sare, [&#8230;]\n","protected":false},"featured_media":124185,"comment_status":"open","ping_status":"closed","template":"","meta":{"_acf_changed":false,"_seopress_robots_primary_cat":"1767","_seopress_titles_title":"Remia Curry Gew\u00fcrz sos picant de rosii si curry 800 ml","_seopress_titles_desc":"Cauti Remia Curry Gewurz? Cumpara acum sos de rosii, sos de rosii picant, sos de rosii cu curry, sos de rosii Remia, sos de rosii picant, ketchup Remia","_seopress_robots_index":""},"product_brand":[2045],"product_cat":[1555,3280,1451,22076,22088,21826,1767,21880],"giftcard-category":[],"class_list":{"0":"post-124181","1":"product","2":"type-product","3":"status-publish","4":"has-post-thumbnail","6":"product_brand-remia","7":"product_cat-bacanie","8":"product_cat-condimente-sosuri","9":"product_cat-condimente-produse-instant","10":"product_cat-fara-gluten","11":"product_cat-fara-lactoza","12":"product_cat-produse-bio-dietetice","13":"product_cat-produse-olanda","14":"product_cat-vegan","16":"first","17":"outofstock","18":"taxable","19":"shipping-taxable","20":"purchasable","21":"product-type-simple"},"acf":[],"_links":{"self":[{"href":"https:\/\/totalblue.ro\/de\/wp-json\/wp\/v2\/product\/124181","targetHints":{"allow":["GET"]}}],"collection":[{"href":"https:\/\/totalblue.ro\/de\/wp-json\/wp\/v2\/product"}],"about":[{"href":"https:\/\/totalblue.ro\/de\/wp-json\/wp\/v2\/types\/product"}],"replies":[{"embeddable":true,"href":"https:\/\/totalblue.ro\/de\/wp-json\/wp\/v2\/comments?post=124181"}],"wp:featuredmedia":[{"embeddable":true,"href":"https:\/\/totalblue.ro\/de\/wp-json\/wp\/v2\/media\/124185"}],"wp:attachment":[{"href":"https:\/\/totalblue.ro\/de\/wp-json\/wp\/v2\/media?parent=124181"}],"wp:term":[{"taxonomy":"product_brand","embeddable":true,"href":"https:\/\/totalblue.ro\/de\/wp-json\/wp\/v2\/product_brand?post=124181"},{"taxonomy":"product_cat","embeddable":true,"href":"https:\/\/totalblue.ro\/de\/wp-json\/wp\/v2\/product_cat?post=124181"},{"taxonomy":"giftcard-category","embeddable":true,"href":"https:\/\/totalblue.ro\/de\/wp-json\/wp\/v2\/giftcard-category?post=124181"}],"curies":[{"name":"wp","href":"https:\/\/api.w.org\/{rel}","templated":true}]}}