{"id":124543,"date":"2024-02-13T14:34:57","date_gmt":"2024-02-13T12:34:57","guid":{"rendered":"https:\/\/totalblue.ro\/?post_type=product&#038;p=124543"},"modified":"2026-03-03T17:06:46","modified_gmt":"2026-03-03T15:06:46","slug":"calve-unt-de-arahide-cu-bucati-de-arahide-1-kg-olanda","status":"publish","type":"product","link":"https:\/\/totalblue.ro\/de\/produs\/calve-unt-de-arahide-cu-bucati-de-arahide-1-kg-olanda\/","title":{"rendered":"Calve Unt de arahide cu bucati de arahide 1 kg, Olanda"},"content":{"rendered":"<p>Calve Unt de arahide cu bucati de arahide 1 kg, Olanda<\/p>\n<p>Liefert Eiwei\u00df, das zum Muskelwachstum beitr\u00e4gt.<br \/>\nReich an Ballaststoffen.<br \/>\nSursa de vitamine \u0219i minerale..<\/p>\n<p><strong>Inhaltsstoff:\u00a0<\/strong>Erdn\u00fcsse 81%, pflanzliches \u00d6l (Raps, Soja, voll geh\u00e4rtetes Palm\u00f6l), Dextrose, Salz.<br \/>\n<strong>Allergene:<\/strong> Erdn\u00fcsse<br \/>\n<strong>Lagerungsbedingungen:<\/strong> An einem dunklen Ort bei Zimmertemperatur aufbewahren.<br \/>\nAufmachung: Glasgef\u00e4\u00df mit Deckel<br \/>\n<strong>N\u00e4hrwertangaben \/ 100g:<br \/>\n<\/strong>Energie 2674 kJ \/ 646 kcal<br \/>\nGrasime 55 g din care saturati 7 g din care grasimi mononesaturate 38 g din care grasimi polinesaturati 9.4 g<br \/>\nCarbohidrati 16 g din care zaharuri 9.9 g<br \/>\nFibre alimentare 6.5 g<br \/>\nProteine \u200b\u200b20 g<br \/>\nSare 0,52 g<br \/>\nVitamina E 14 mg<br \/>\nVitamina B3 \/ 7.9 mg<br \/>\nMagneziu 125 mg<br \/>\nFosfor 300 mg<br \/>\nZinc 2,1 mg<strong><br \/>\n<\/strong><\/p>\n<p>Hergestellt in den Niederlanden von Unilever NL, Rotterdam Postbus 160, 3000 AD<br \/>\nEinf\u00fchrer und H\u00e4ndler Total Blue Impex SRL<\/p>","protected":false},"excerpt":{"rendered":"<p>SKU: 8711200431045<\/p>","protected":false},"featured_media":124547,"comment_status":"open","ping_status":"closed","template":"","meta":{"_acf_changed":false,"_seopress_robots_primary_cat":"none","_seopress_titles_title":"Unt de arahide Calve, unt de alune Calve, unt de arahide","_seopress_titles_desc":"Profita acum si cumpara online sau cu livrare rapida acasa Unt de arahide Calve, unt de alune Calve, unt de arahide Calve import Olanda","_seopress_robots_index":""},"product_brand":[2004],"product_cat":[1555,1506,3304,1767],"giftcard-category":[],"class_list":{"0":"post-124543","1":"product","2":"type-product","3":"status-publish","4":"has-post-thumbnail","6":"product_brand-calve","7":"product_cat-bacanie","8":"product_cat-cafea-ceai-mic-dejun","9":"product_cat-mic-dejun-produse-olanda","10":"product_cat-produse-olanda","12":"first","13":"outofstock","14":"taxable","15":"shipping-taxable","16":"purchasable","17":"product-type-simple"},"acf":[],"_links":{"self":[{"href":"https:\/\/totalblue.ro\/de\/wp-json\/wp\/v2\/product\/124543","targetHints":{"allow":["GET"]}}],"collection":[{"href":"https:\/\/totalblue.ro\/de\/wp-json\/wp\/v2\/product"}],"about":[{"href":"https:\/\/totalblue.ro\/de\/wp-json\/wp\/v2\/types\/product"}],"replies":[{"embeddable":true,"href":"https:\/\/totalblue.ro\/de\/wp-json\/wp\/v2\/comments?post=124543"}],"wp:featuredmedia":[{"embeddable":true,"href":"https:\/\/totalblue.ro\/de\/wp-json\/wp\/v2\/media\/124547"}],"wp:attachment":[{"href":"https:\/\/totalblue.ro\/de\/wp-json\/wp\/v2\/media?parent=124543"}],"wp:term":[{"taxonomy":"product_brand","embeddable":true,"href":"https:\/\/totalblue.ro\/de\/wp-json\/wp\/v2\/product_brand?post=124543"},{"taxonomy":"product_cat","embeddable":true,"href":"https:\/\/totalblue.ro\/de\/wp-json\/wp\/v2\/product_cat?post=124543"},{"taxonomy":"giftcard-category","embeddable":true,"href":"https:\/\/totalblue.ro\/de\/wp-json\/wp\/v2\/giftcard-category?post=124543"}],"curies":[{"name":"wp","href":"https:\/\/api.w.org\/{rel}","templated":true}]}}