{"id":125078,"date":"2024-02-14T14:33:26","date_gmt":"2024-02-14T12:33:26","guid":{"rendered":"https:\/\/totalblue.ro\/?post_type=product&#038;p=125078"},"modified":"2025-08-04T12:55:22","modified_gmt":"2025-08-04T09:55:22","slug":"gwoon-chinesische-tomatensuppe-570-ml-hollandaise","status":"publish","type":"product","link":"https:\/\/totalblue.ro\/de\/produs\/gwoon-supa-chinezeasca-de-rosii-570-ml-olanda\/","title":{"rendered":"G'woon Chinesische Tomatensuppe 570 ml, Niederlande"},"content":{"rendered":"<p>Zutaten:68% Gem\u00fcse (78% Tomaten (Tomaten aus Tomatenmark, Tomatenw\u00fcrfel), Zwiebel, Karotte, Fr\u00fchlingszwiebel, 2,2% Wasserkastanien), Zucker, Wasser, modifizierte Maisst\u00e4rke, Raps\u00f6l, nat\u00fcrlicher Essig, 1% Nudeln (Grau's hard grey, Eiwei\u00dfpulver aus H\u00fchnereiern aus Freilandhaltung, Hefeextrakt, saure Sahne (LOMATA), Salz, Fruchtzucker, Sambal (rote Paprika, Karotten, Wasser, Salz, Essig), Zitronensaft aus Konzentrat, Ingwer, Kaliumchlorid, Farbstoff : Paprikaextrakt, Knoblauch, nat\u00fcrliches Knoblaucharoma.<br \/>\nInformationen \u00fcber Allergien:<br \/>\nEier und Eiprodukte, Milch und Milchprodukte, Glutenhaltiges Getreide, Laktose, Weizen und Weizenprodukte<br \/>\nN\u00e4hrwertangaben<br \/>\nDiese Werte gelten f\u00fcr das unzubereitete Produkt.<br \/>\nTipp pro 100 Gramm<br \/>\nEnergie 246 kJ \/ 59 kcal<br \/>\nFett 2,1 g, davon Fetts\u00e4uren, ges\u00e4ttigte Fetts\u00e4uren insgesamt 0,4 g<br \/>\nFetts\u00e4uren, einfach unges\u00e4ttigt 1,1 g<br \/>\nMehrfach unges\u00e4ttigte Fetts\u00e4uren 0,6 g<br \/>\nKohlenhydrate 8,3 g, davon Zucker 5,7 g<br \/>\nBallaststoffe 1 g<br \/>\nEiwei\u00df 1,2 g<br \/>\nSalz 0,7 g<br \/>\nDie Verpackung nicht in die Mikrowelle stellen! Die Suppe in eine Sch\u00fcssel geben und 3 Minuten lang bei ca. 750 Watt in der Mikrowelle erhitzen oder direkt in einer Kasserolle oder einem Topf unter leichtem R\u00fchren erhitzen. Nach dem Erhitzen ist die Suppe bereit zum Genie\u00dfen!<br \/>\nAufbewahrung: Nach dem \u00d6ffnen kann diese Suppe maximal 2 Tage im K\u00fchlschrank (max. 7\u00b0C) aufbewahrt werden, wobei der Beutel geschlossen bleiben muss.<br \/>\nHergestellt in Holland von G'woon , Antwoordnummer 3500, 4140 VH BEESD,<br \/>\nEinf\u00fchrer und H\u00e4ndler Total Blue Impex SRL<\/p>","protected":false},"excerpt":{"rendered":"<p>&nbsp;<\/p>\n<div id=\"simple-translate\" class=\"simple-translate-light-theme\">\n<div>\n<div class=\"simple-translate-button isShow\" style=\"height: 22px; width: 22px; top: 44px; left: -12px;\"><\/div>\n<div class=\"simple-translate-panel\" style=\"width: 300px; height: 200px; top: 0px; left: 0px; font-size: 13px;\">\n<div class=\"simple-translate-result-wrapper\" style=\"overflow: hidden;\">\n<div class=\"simple-translate-move\"><\/div>\n<div class=\"simple-translate-result-contents\">\n<p class=\"simple-translate-candidate\" dir=\"auto\">\n<\/div>\n<\/div>\n<\/div>\n<\/div>\n<\/div>","protected":false},"featured_media":125084,"comment_status":"open","ping_status":"closed","template":"","meta":{"_acf_changed":false,"_seopress_robots_primary_cat":"none","_seopress_titles_title":"","_seopress_titles_desc":"","_seopress_robots_index":""},"product_brand":[1971],"product_cat":[1555,1683,3272,21826,1767,22064],"giftcard-category":[],"class_list":{"0":"post-125078","1":"product","2":"type-product","3":"status-publish","4":"has-post-thumbnail","6":"product_brand-gwoon","7":"product_cat-bacanie","8":"product_cat-conserve-mancare-gatita","9":"product_cat-conserve","10":"product_cat-produse-bio-dietetice","11":"product_cat-produse-olanda","12":"product_cat-vegetarian","14":"first","15":"outofstock","16":"taxable","17":"shipping-taxable","18":"purchasable","19":"product-type-simple"},"acf":[],"_links":{"self":[{"href":"https:\/\/totalblue.ro\/de\/wp-json\/wp\/v2\/product\/125078","targetHints":{"allow":["GET"]}}],"collection":[{"href":"https:\/\/totalblue.ro\/de\/wp-json\/wp\/v2\/product"}],"about":[{"href":"https:\/\/totalblue.ro\/de\/wp-json\/wp\/v2\/types\/product"}],"replies":[{"embeddable":true,"href":"https:\/\/totalblue.ro\/de\/wp-json\/wp\/v2\/comments?post=125078"}],"wp:featuredmedia":[{"embeddable":true,"href":"https:\/\/totalblue.ro\/de\/wp-json\/wp\/v2\/media\/125084"}],"wp:attachment":[{"href":"https:\/\/totalblue.ro\/de\/wp-json\/wp\/v2\/media?parent=125078"}],"wp:term":[{"taxonomy":"product_brand","embeddable":true,"href":"https:\/\/totalblue.ro\/de\/wp-json\/wp\/v2\/product_brand?post=125078"},{"taxonomy":"product_cat","embeddable":true,"href":"https:\/\/totalblue.ro\/de\/wp-json\/wp\/v2\/product_cat?post=125078"},{"taxonomy":"giftcard-category","embeddable":true,"href":"https:\/\/totalblue.ro\/de\/wp-json\/wp\/v2\/giftcard-category?post=125078"}],"curies":[{"name":"wp","href":"https:\/\/api.w.org\/{rel}","templated":true}]}}