{"id":126048,"date":"2024-02-16T16:29:49","date_gmt":"2024-02-16T14:29:49","guid":{"rendered":"https:\/\/totalblue.ro\/?post_type=product&#038;p=126048"},"modified":"2026-03-09T15:18:40","modified_gmt":"2026-03-09T13:18:40","slug":"hela-ketchup-ohne-zuckerzusatz-300ml","status":"publish","type":"product","link":"https:\/\/totalblue.ro\/de\/produs\/hela-ketchup-fara-zahar-adaugat-300ml\/","title":{"rendered":"Hela Ketchup ohne Zuckerzusatz 300ml"},"content":{"rendered":"<p>Hela Ketchup ohne Zuckerzusatz 300ml<\/p>\n<p>Seit \u00fcber 20 Jahren beziehen wir unser Tomatenmark aus den sonnigen Regionen Spaniens und Portugals. Die verbesserte, saubere Rezeptur besticht durch den vollen Geschmack von 82%-Tomatenmark, ohne Zuckerzusatz und mit geringerem Salzgehalt.<\/p>\n<p>Zutaten: Tomatenmark (80%), Branntweinessig, Maisst\u00e4rke, Speisesalz, Zitronensaftkonzentrat, Gew\u00fcrze, Kr\u00e4uter, S\u00fc\u00dfstoff (Sucralose).<\/p>\n<p>N\u00e4hrwertangaben pro 100 ml<br \/>\nEnergie 262 kJ\/ 62 kcal<br \/>\nFett 0,4 g, davon ges\u00e4ttigte Fetts\u00e4uren 0,1 g<br \/>\nKohlenhydrate 10,9 g, davon Zucker 5,3 g<br \/>\nEiwei\u00df 2,0 g<br \/>\nSalz 1,4 g<\/p>","protected":false},"excerpt":{"rendered":"<p>Hela Ketchup fara zahar adaugat 300ml De peste 20 de ani ne aprovizionam pasta de tomate din regiunea insorita a Spaniei si Portugaliei. Reteta imbunatatita si curata impresioneaza prin gustul complet cu 82% pasta de rosii, fara zahar adaugat si un continut mai mic de sare. Ingrediente: Pasta de rosii (80%), otet de rachiu, amidon [&#8230;]\n","protected":false},"featured_media":126049,"comment_status":"open","ping_status":"closed","template":"","meta":{"_acf_changed":false,"_seopress_robots_primary_cat":"none","_seopress_titles_title":"Hela Ketchup fara zahar adaugat 300ml","_seopress_titles_desc":"Cauti sosuri ketchup ? Cumpara acum ieftin online Hela Ketchup fara zahar adaugat 300ml. Hela Ketchup fara zahar adaugat import Germania.","_seopress_robots_index":""},"product_brand":[2003],"product_cat":[1555,3380,3280,22112,21826,1950,1767],"giftcard-category":[],"class_list":{"0":"post-126048","1":"product","2":"type-product","3":"status-publish","4":"has-post-thumbnail","6":"product_brand-hela","7":"product_cat-bacanie","8":"product_cat-condimente-sosuri-produse-germania","9":"product_cat-condimente-sosuri","10":"product_cat-fara-zahar-adaugat","11":"product_cat-produse-bio-dietetice","12":"product_cat-produse-germania","13":"product_cat-produse-olanda","15":"first","16":"instock","17":"taxable","18":"shipping-taxable","19":"purchasable","20":"product-type-simple"},"acf":[],"_links":{"self":[{"href":"https:\/\/totalblue.ro\/de\/wp-json\/wp\/v2\/product\/126048","targetHints":{"allow":["GET"]}}],"collection":[{"href":"https:\/\/totalblue.ro\/de\/wp-json\/wp\/v2\/product"}],"about":[{"href":"https:\/\/totalblue.ro\/de\/wp-json\/wp\/v2\/types\/product"}],"replies":[{"embeddable":true,"href":"https:\/\/totalblue.ro\/de\/wp-json\/wp\/v2\/comments?post=126048"}],"wp:featuredmedia":[{"embeddable":true,"href":"https:\/\/totalblue.ro\/de\/wp-json\/wp\/v2\/media\/126049"}],"wp:attachment":[{"href":"https:\/\/totalblue.ro\/de\/wp-json\/wp\/v2\/media?parent=126048"}],"wp:term":[{"taxonomy":"product_brand","embeddable":true,"href":"https:\/\/totalblue.ro\/de\/wp-json\/wp\/v2\/product_brand?post=126048"},{"taxonomy":"product_cat","embeddable":true,"href":"https:\/\/totalblue.ro\/de\/wp-json\/wp\/v2\/product_cat?post=126048"},{"taxonomy":"giftcard-category","embeddable":true,"href":"https:\/\/totalblue.ro\/de\/wp-json\/wp\/v2\/giftcard-category?post=126048"}],"curies":[{"name":"wp","href":"https:\/\/api.w.org\/{rel}","templated":true}]}}