{"id":128475,"date":"2024-02-19T16:10:50","date_gmt":"2024-02-19T14:10:50","guid":{"rendered":"https:\/\/totalblue.ro\/?post_type=product&#038;p=128475"},"modified":"2026-03-16T10:28:40","modified_gmt":"2026-03-16T08:28:40","slug":"maggi-5-minute-paste-cu-sos-crema-de-spanac-50g-import-germania","status":"publish","type":"product","link":"https:\/\/totalblue.ro\/de\/produs\/maggi-5-minute-paste-cu-sos-crema-de-spanac-50g-import-germania\/","title":{"rendered":"Maggi 5 Minuten Nudeln mit Rahmspinatsauce 50g Import aus Deutschland"},"content":{"rendered":"<p>Inhaltsstoff : <span class=\"HwtZe\" lang=\"ro\"><span class=\"jCAhz ChMk0b\"><span class=\"ryNqvb\">50% paste, 16% sm\u00e2nt\u00e2n\u0103 pudr\u0103, f\u0103in\u0103 de gr\u00e2u, sare iodat\u0103, br\u00e2nz\u0103 procesat\u0103, 1,9% spanac, ceap\u0103, turmeric, ulei de floarea soarelui, extract de drojdie, arome cu lapte, gr\u0103sime de palmier, zah\u0103r<br \/>\nN\u00e4hrwertangaben \/ 100 g:<br \/>\nEnergie 378 kJ (90 kcal)<br \/>\nGrasime 3.2 g din care saturate 1 g<br \/>\nCarbohidrati 12.3 g din care zaharuri 0.8 g<br \/>\nFibre 0.6 g<br \/>\nEiwei\u00df 2,4 g<br \/>\nSare 0.87 g<\/span><\/span><\/span><\/p>\n<p>Anweisungen f\u00fcr die Zubereitung:<br \/>\n1. Gie\u00dfen Sie kochendes Wasser bis zur F\u00fclllinie.<br \/>\n2. Nun sofort gut umr\u00fchren.<br \/>\n3. 5 Minuten stehen lassen. Gelegentlich umr\u00fchren.<br \/>\nHersteller: Maggi GmbH, Julius-B\u00fchrer-Stra\u00dfe 8, 78224 Singen (Hohentwiel)<br \/>\nImporteur : Total Blue Impex SRL<\/p>","protected":false},"excerpt":{"rendered":"<p>Ingrediente : 50% paste, 16% sm\u00e2nt\u00e2n\u0103 pudr\u0103, f\u0103in\u0103 de gr\u00e2u, sare iodat\u0103, br\u00e2nz\u0103 procesat\u0103, 1,9% spanac, ceap\u0103, turmeric, ulei de floarea soarelui, extract de drojdie, arome cu lapte, gr\u0103sime de palmier, zah\u0103r Valori nutritionale \/ 100 g: Energie 378 kJ (90 kcal) Grasime 3.2 g din care saturate 1 g Carbohidrati 12.3 g din care [&#8230;]\n","protected":false},"featured_media":128485,"comment_status":"open","ping_status":"closed","template":"","meta":{"_acf_changed":false,"_seopress_robots_primary_cat":"1950","_seopress_titles_title":"","_seopress_titles_desc":"","_seopress_robots_index":""},"product_brand":[1869],"product_cat":[1555,1683,3372,3272,17494,21594,3428,3328,1950,1767,1954],"giftcard-category":[],"class_list":{"0":"post-128475","1":"product","2":"type-product","3":"status-publish","4":"has-post-thumbnail","6":"product_brand-maggi","7":"product_cat-bacanie","8":"product_cat-conserve-mancare-gatita","9":"product_cat-conserve-produse-germania","10":"product_cat-conserve","11":"product_cat-influente-asiatice","12":"product_cat-noodles-supe-instant","13":"product_cat-paste-orez-ulei-otet-produse-germania","14":"product_cat-paste-orez-ulei-otet","15":"product_cat-produse-germania","16":"product_cat-produse-olanda","17":"product_cat-semipreparate","19":"first","20":"outofstock","21":"taxable","22":"shipping-taxable","23":"purchasable","24":"product-type-simple"},"acf":[],"_links":{"self":[{"href":"https:\/\/totalblue.ro\/de\/wp-json\/wp\/v2\/product\/128475","targetHints":{"allow":["GET"]}}],"collection":[{"href":"https:\/\/totalblue.ro\/de\/wp-json\/wp\/v2\/product"}],"about":[{"href":"https:\/\/totalblue.ro\/de\/wp-json\/wp\/v2\/types\/product"}],"replies":[{"embeddable":true,"href":"https:\/\/totalblue.ro\/de\/wp-json\/wp\/v2\/comments?post=128475"}],"wp:featuredmedia":[{"embeddable":true,"href":"https:\/\/totalblue.ro\/de\/wp-json\/wp\/v2\/media\/128485"}],"wp:attachment":[{"href":"https:\/\/totalblue.ro\/de\/wp-json\/wp\/v2\/media?parent=128475"}],"wp:term":[{"taxonomy":"product_brand","embeddable":true,"href":"https:\/\/totalblue.ro\/de\/wp-json\/wp\/v2\/product_brand?post=128475"},{"taxonomy":"product_cat","embeddable":true,"href":"https:\/\/totalblue.ro\/de\/wp-json\/wp\/v2\/product_cat?post=128475"},{"taxonomy":"giftcard-category","embeddable":true,"href":"https:\/\/totalblue.ro\/de\/wp-json\/wp\/v2\/giftcard-category?post=128475"}],"curies":[{"name":"wp","href":"https:\/\/api.w.org\/{rel}","templated":true}]}}