{"id":128698,"date":"2024-02-20T09:29:59","date_gmt":"2024-02-20T07:29:59","guid":{"rendered":"https:\/\/totalblue.ro\/?post_type=product&#038;p=128698"},"modified":"2025-10-30T15:04:44","modified_gmt":"2025-10-30T13:04:44","slug":"maggi-magic-asia-saucy-noodles-arahide-sate-75g-import-germania","status":"publish","type":"product","link":"https:\/\/totalblue.ro\/de\/produs\/maggi-magic-asia-saucy-noodles-arahide-sate-75g-import-germania\/","title":{"rendered":"Maggi Magic Asia Saucy Noodles Peanut Sate, 75g Import aus Deutschland"},"content":{"rendered":"<p>Warum asiatisches Fast Food bestellen? F\u00fcr asiatische Nudeln brauchen Sie nur etwas kochendes Wasser, eine Gabel oder St\u00e4bchen und ein Glas Maggi Asia Saucy Noodles. Der handliche Becher liefert eine k\u00f6stliche Portion Nudeln und ist perfekt f\u00fcr unterwegs oder f\u00fcr die schnelle Zubereitung beim Entspannen auf dem Sofa oder beim Camping. Genie\u00dfen Sie.<br \/>\nAufbewahrung\/Verwendung: Trocken und k\u00fchl lagern.<br \/>\n<strong>Vorbereitung:<\/strong> Hei\u00dfes Wasser bis zur Linie in die Nudeltasse gie\u00dfen und 1 Minute warten. Mit einer Gabel gut umr\u00fchren und 4 Minuten warten. Jetzt ist es fertig. Guten Appetit!<br \/>\nIngrediente: 73,3% noodles (FAINA DE GRAU, ulei de floarea soarelui, GLUTEN DE GRAU, sare, carbonat de potasiu regulator de aciditate, polifosfati stabilizatori), amidon, sirop de glucoza, grasime de palmier, condimente (ceapa, boia de ardei 0,5%, usturoi, coriandru, turmeric, chimen ), sare , SOS DE SOIA PULBERE (SOIA, GRAU, sare), zahar, ulei de floarea soarelui, PROTEINE DE LAPTE, extract de boia, arome, extract de drojdie, maltoza. Poate contine telina, oua, mustar si susan.<br \/>\nN\u00e4hrwertangaben \/ 100 g:<br \/>\nEnergie 2093 kJ (501 kcal)<br \/>\nGrasimi 26.5 g din care grasimi saturate 2.6 g<br \/>\nGlucide 54.8 g din care zaharuri 5 g<br \/>\nFibre alimentare 3.2 g<br \/>\nProteine \u200b\u200b9.1 g<br \/>\nSare 2.9 g<\/p>\n<p>Hersteller: Maggi GmbH, Julius-B\u00fchrer-Stra\u00dfe 8, 78224 Singen (Hohentwiel)<br \/>\nImporteur : Total Blue Impex SRL<\/p>","protected":false},"excerpt":{"rendered":"<p>De ce sa comanzi la fast food-ul cu specific asiatic? Acum pentru taiteii asiatici, tot ce aveti nevoie este de putina apa clocotita, o furculita sau betisoare si un pahar de Maggi Asia Saucy Noodles. Paharul practic iti ofera o portie delicioasa de taitei, si sunt perfecti pentru calatorii, cand esti in miscare, sau gatit [&#8230;]\n","protected":false},"featured_media":128707,"comment_status":"open","ping_status":"closed","template":"","meta":{"_acf_changed":false,"_seopress_robots_primary_cat":"1950","_seopress_titles_title":"","_seopress_titles_desc":"","_seopress_robots_index":""},"product_brand":[1869],"product_cat":[1555,1683,3372,3272,17494,21594,3428,3328,1950,1767,1954],"giftcard-category":[],"class_list":{"0":"post-128698","1":"product","2":"type-product","3":"status-publish","4":"has-post-thumbnail","6":"product_brand-maggi","7":"product_cat-bacanie","8":"product_cat-conserve-mancare-gatita","9":"product_cat-conserve-produse-germania","10":"product_cat-conserve","11":"product_cat-influente-asiatice","12":"product_cat-noodles-supe-instant","13":"product_cat-paste-orez-ulei-otet-produse-germania","14":"product_cat-paste-orez-ulei-otet","15":"product_cat-produse-germania","16":"product_cat-produse-olanda","17":"product_cat-semipreparate","19":"first","20":"outofstock","21":"taxable","22":"shipping-taxable","23":"purchasable","24":"product-type-simple"},"acf":[],"_links":{"self":[{"href":"https:\/\/totalblue.ro\/de\/wp-json\/wp\/v2\/product\/128698","targetHints":{"allow":["GET"]}}],"collection":[{"href":"https:\/\/totalblue.ro\/de\/wp-json\/wp\/v2\/product"}],"about":[{"href":"https:\/\/totalblue.ro\/de\/wp-json\/wp\/v2\/types\/product"}],"replies":[{"embeddable":true,"href":"https:\/\/totalblue.ro\/de\/wp-json\/wp\/v2\/comments?post=128698"}],"wp:featuredmedia":[{"embeddable":true,"href":"https:\/\/totalblue.ro\/de\/wp-json\/wp\/v2\/media\/128707"}],"wp:attachment":[{"href":"https:\/\/totalblue.ro\/de\/wp-json\/wp\/v2\/media?parent=128698"}],"wp:term":[{"taxonomy":"product_brand","embeddable":true,"href":"https:\/\/totalblue.ro\/de\/wp-json\/wp\/v2\/product_brand?post=128698"},{"taxonomy":"product_cat","embeddable":true,"href":"https:\/\/totalblue.ro\/de\/wp-json\/wp\/v2\/product_cat?post=128698"},{"taxonomy":"giftcard-category","embeddable":true,"href":"https:\/\/totalblue.ro\/de\/wp-json\/wp\/v2\/giftcard-category?post=128698"}],"curies":[{"name":"wp","href":"https:\/\/api.w.org\/{rel}","templated":true}]}}