{"id":129090,"date":"2024-02-20T11:42:42","date_gmt":"2024-02-20T09:42:42","guid":{"rendered":"https:\/\/totalblue.ro\/?post_type=product&#038;p=129090"},"modified":"2025-08-06T13:18:44","modified_gmt":"2025-08-06T10:18:44","slug":"knorr-asia-nudeln-mit-entengeschmack-61g-import-aus-deutschland","status":"publish","type":"product","link":"https:\/\/totalblue.ro\/de\/produs\/knorr-asia-noodles-cu-gust-de-rata-61g-import-germania\/","title":{"rendered":"Knorr Asia Nudeln mit Entengeschmack 61g, Import aus Deutschland"},"content":{"rendered":"<p>Art der Zubereitung \/ Gebrauchsanweisung:<br \/>\n1. \u00d6ffnen Sie den Deckel.<br \/>\n2. Gie\u00dfen Sie kochendes Wasser bis zur Markierung.<br \/>\n3. Gut mischen und den Deckel wieder schlie\u00dfen.<br \/>\n4. 3 Minuten lang ziehen lassen.<br \/>\n5. Nochmals gut mischen.<br \/>\n6. Fertig! Ein schneller und leckerer Snack!<br \/>\n<strong>Inhaltsstoff:<\/strong> Nudeln 90% (angereichertes Weizenmehl (Weizenmehl, Calciumcarbonat), Palm\u00f6l, Speisesalz, modifizierte St\u00e4rke, Zucker, Kurkumaextrakt), Zucker, Geschmacksverst\u00e4rker (Mononatriumglutamat, Dinatriumosinat, Dinatriumguanylat), Salzersatzstoff 4, Lauch\u00b3. , , , Palm\u00f6l, Palm\u00f6l, sp (Knoblauchpulver\u00b3, Anis, Sternanis, Zimt, Fenchel, Pfeffer, Nelken, Cayennepfeffer), Aromen (Aromastoffe, Geschmacksverst\u00e4rker (Mononatriumglutamat, Dinatriumosinat, Dinatriumguanylat)), Karotten\u00b3, R\u00f6stzwiebelpulver\u00b3, Zuckermais, Sojaso\u00dfenpulver (Sojaso\u00dfenpulver). SOJA, GRAU), Speisesalz, Maltodextrin), Petersilie\u00b3, Karamellzuckersirup, S\u00e4uerungsmittel (Zitronens\u00e4ure), Maltodextrin, Speisesalz, St\u00e4rke, R\u00f6stzwiebelsaftkonzentrat (Zwiebelsaft, Sonnenblumen\u00f6l), Hefeextrakt. Kann Spuren von Milch, Ei, Sellerie und Senf enthalten. 4 nat\u00fcrliche Kalium-Mineral-Extrakte \u00b3Aus nachhaltigen Quellen.<br \/>\nAn einem k\u00fchlen, trockenen Ort aufbewahren.<\/p>\n<p>Herkunftsland: Deutschland<br \/>\nHersteller Unilever Deutschland, Postfach 570 237, 22771 Hamburg<\/p>","protected":false},"excerpt":{"rendered":"<p>Mod de preparare \/ Mod de utilizare: 1. Deschide\u021bi capacul. 2. Se toarn\u0103 apa clocotita pana la semn. 3. Se amesteca bine \u0219i se inchide din nou capacul. 4. Se lasa la infuzat 3 minute. 5. Se amestec\u0103 din nou bine. 6. Gata ! Un snack rapid si delicios ! Ingrediente: noodles 90% (faina de [&#8230;]\n","protected":false},"featured_media":129100,"comment_status":"open","ping_status":"closed","template":"","meta":{"_acf_changed":false,"_seopress_robots_primary_cat":"1950","_seopress_titles_title":"","_seopress_titles_desc":"","_seopress_robots_index":""},"product_brand":[1870],"product_cat":[1555,1683,3372,17494,21594,3428,1950,1954],"giftcard-category":[],"class_list":{"0":"post-129090","1":"product","2":"type-product","3":"status-publish","4":"has-post-thumbnail","6":"product_brand-knorr","7":"product_cat-bacanie","8":"product_cat-conserve-mancare-gatita","9":"product_cat-conserve-produse-germania","10":"product_cat-influente-asiatice","11":"product_cat-noodles-supe-instant","12":"product_cat-paste-orez-ulei-otet-produse-germania","13":"product_cat-produse-germania","14":"product_cat-semipreparate","16":"first","17":"outofstock","18":"taxable","19":"shipping-taxable","20":"purchasable","21":"product-type-simple"},"acf":[],"_links":{"self":[{"href":"https:\/\/totalblue.ro\/de\/wp-json\/wp\/v2\/product\/129090","targetHints":{"allow":["GET"]}}],"collection":[{"href":"https:\/\/totalblue.ro\/de\/wp-json\/wp\/v2\/product"}],"about":[{"href":"https:\/\/totalblue.ro\/de\/wp-json\/wp\/v2\/types\/product"}],"replies":[{"embeddable":true,"href":"https:\/\/totalblue.ro\/de\/wp-json\/wp\/v2\/comments?post=129090"}],"wp:featuredmedia":[{"embeddable":true,"href":"https:\/\/totalblue.ro\/de\/wp-json\/wp\/v2\/media\/129100"}],"wp:attachment":[{"href":"https:\/\/totalblue.ro\/de\/wp-json\/wp\/v2\/media?parent=129090"}],"wp:term":[{"taxonomy":"product_brand","embeddable":true,"href":"https:\/\/totalblue.ro\/de\/wp-json\/wp\/v2\/product_brand?post=129090"},{"taxonomy":"product_cat","embeddable":true,"href":"https:\/\/totalblue.ro\/de\/wp-json\/wp\/v2\/product_cat?post=129090"},{"taxonomy":"giftcard-category","embeddable":true,"href":"https:\/\/totalblue.ro\/de\/wp-json\/wp\/v2\/giftcard-category?post=129090"}],"curies":[{"name":"wp","href":"https:\/\/api.w.org\/{rel}","templated":true}]}}