{"id":129784,"date":"2024-02-21T10:46:52","date_gmt":"2024-02-21T08:46:52","guid":{"rendered":"https:\/\/totalblue.ro\/?post_type=product&#038;p=129784"},"modified":"2025-05-21T14:16:11","modified_gmt":"2025-05-21T11:16:11","slug":"go-tan-suse-chilisauce-270-ml","status":"publish","type":"product","link":"https:\/\/totalblue.ro\/de\/produs\/go-tan-sos-chili-dulce-270-ml\/","title":{"rendered":"Go-Tan S\u00fc\u00dfe Chili-Sauce 270 ml"},"content":{"rendered":"<p>Eine s\u00fc\u00dfe, leicht scharfe Chilisauce mit einer feinen Struktur, ohne Knoblauch und ohne grobe Chilisamen. Das macht alles noch leckerer!<\/p>\n<p>K\u00f6stlich auf Bapao oder Fr\u00fchlingsrollen und Ihrem Lieblingssandwich oder -burger<br \/>\nEnth\u00e4lt keinen Knoblauch<br \/>\nOhne grobe Chilisamen<br \/>\nGlutenfrei<\/p>\n<p>Zutaten: Wasser, Zucker, nat\u00fcrlicher Essig, modifizierte Maisst\u00e4rke, 3,2% roter Pfeffer, Salz, Gew\u00fcrze, Lebensmittels\u00e4uren (Essigs\u00e4ure, Zitronens\u00e4ure), Konservierungsmittel (Kaliumsorbat), Verdickungsmittel (Xanthan, Guarkernmehl).<br \/>\nN\u00e4hrwertangaben<br \/>\nDiese Werte gelten f\u00fcr das unzubereitete Produkt.<br \/>\nTipp pro 100 Gramm<br \/>\nEnergie 748 kJ (176 kcal)<br \/>\nFett 0,04 g, davon ges\u00e4ttigt 0 g<br \/>\nKohlenhydrate 44 g, davon Zucker 41 g<br \/>\nEiwei\u00df 0,11 g<br \/>\nSalz 1,5 g<br \/>\nLagerung: 3 Monate bei Raumtemperatur nach dem \u00d6ffnen.<\/p>\n<p><a href=\"https:\/\/totalblue.ro\/wp-content\/uploads\/2022\/09\/vegan-vegetarian.jpg\"><img loading=\"lazy\" decoding=\"async\" class=\"alignnone wp-image-124374\" src=\"https:\/\/totalblue.ro\/wp-content\/uploads\/2022\/09\/vegan-vegetarian.jpg\" alt=\"\" width=\"74\" height=\"91\" srcset=\"https:\/\/totalblue.ro\/wp-content\/uploads\/2022\/09\/vegan-vegetarian.jpg 200w, https:\/\/totalblue.ro\/wp-content\/uploads\/2022\/09\/vegan-vegetarian-78x96.jpg 78w, https:\/\/totalblue.ro\/wp-content\/uploads\/2022\/09\/vegan-vegetarian-34x42.jpg 34w, https:\/\/totalblue.ro\/wp-content\/uploads\/2022\/09\/vegan-vegetarian-49x60.jpg 49w, https:\/\/totalblue.ro\/wp-content\/uploads\/2022\/09\/vegan-vegetarian-65x80.jpg 65w\" sizes=\"auto, (max-width: 74px) 100vw, 74px\" \/><\/a><\/p>\n<p>&nbsp;<\/p>","protected":false},"excerpt":{"rendered":"<p>&nbsp;<\/p>\n<div id=\"simple-translate\" class=\"simple-translate-light-theme\">\n<div>\n<div class=\"simple-translate-button isShow\" style=\"height: 22px;width: 22px;top: 50px;left: 159px\"><\/div>\n<div class=\"simple-translate-panel\" style=\"width: 300px;height: 200px;top: 0px;left: 0px;font-size: 13px\">\n<div class=\"simple-translate-result-wrapper\" style=\"overflow: hidden\">\n<div class=\"simple-translate-move\"><\/div>\n<div class=\"simple-translate-result-contents\">\n<p class=\"simple-translate-candidate\" dir=\"auto\">\n<\/div>\n<\/div>\n<\/div>\n<\/div>\n<\/div>","protected":false},"featured_media":129790,"comment_status":"open","ping_status":"closed","template":"","meta":{"_acf_changed":false,"_seopress_robots_primary_cat":"none","_seopress_titles_title":"","_seopress_titles_desc":"","_seopress_robots_index":""},"product_brand":[22456],"product_cat":[1555,21674,1451,3280,22076,17494,21826,1767,21880,22064],"giftcard-category":[],"class_list":{"0":"post-129784","1":"product","2":"type-product","3":"status-publish","4":"has-post-thumbnail","6":"product_brand-go-tan","7":"product_cat-bacanie","8":"product_cat-condimente-sosuri-influente-asiatice","9":"product_cat-condimente-produse-instant","10":"product_cat-condimente-sosuri","11":"product_cat-fara-gluten","12":"product_cat-influente-asiatice","13":"product_cat-produse-bio-dietetice","14":"product_cat-produse-olanda","15":"product_cat-vegan","16":"product_cat-vegetarian","18":"first","19":"outofstock","20":"taxable","21":"shipping-taxable","22":"purchasable","23":"product-type-simple"},"acf":[],"_links":{"self":[{"href":"https:\/\/totalblue.ro\/de\/wp-json\/wp\/v2\/product\/129784","targetHints":{"allow":["GET"]}}],"collection":[{"href":"https:\/\/totalblue.ro\/de\/wp-json\/wp\/v2\/product"}],"about":[{"href":"https:\/\/totalblue.ro\/de\/wp-json\/wp\/v2\/types\/product"}],"replies":[{"embeddable":true,"href":"https:\/\/totalblue.ro\/de\/wp-json\/wp\/v2\/comments?post=129784"}],"wp:featuredmedia":[{"embeddable":true,"href":"https:\/\/totalblue.ro\/de\/wp-json\/wp\/v2\/media\/129790"}],"wp:attachment":[{"href":"https:\/\/totalblue.ro\/de\/wp-json\/wp\/v2\/media?parent=129784"}],"wp:term":[{"taxonomy":"product_brand","embeddable":true,"href":"https:\/\/totalblue.ro\/de\/wp-json\/wp\/v2\/product_brand?post=129784"},{"taxonomy":"product_cat","embeddable":true,"href":"https:\/\/totalblue.ro\/de\/wp-json\/wp\/v2\/product_cat?post=129784"},{"taxonomy":"giftcard-category","embeddable":true,"href":"https:\/\/totalblue.ro\/de\/wp-json\/wp\/v2\/giftcard-category?post=129784"}],"curies":[{"name":"wp","href":"https:\/\/api.w.org\/{rel}","templated":true}]}}