{"id":130820,"date":"2024-02-21T16:00:00","date_gmt":"2024-02-21T14:00:00","guid":{"rendered":"https:\/\/totalblue.ro\/?post_type=product&#038;p=130820"},"modified":"2026-01-21T11:27:31","modified_gmt":"2026-01-21T09:27:31","slug":"nissin-supa-instant-rata-100g-import-germania","status":"publish","type":"product","link":"https:\/\/totalblue.ro\/de\/produs\/nissin-supa-instant-rata-100g-import-germania\/","title":{"rendered":"Nissin Instant Rata Suppe 100g, Import aus Deutschland"},"content":{"rendered":"<p>Ingrediente: Taitei 92,2% [f\u0103in\u0103 de gr\u00e2u, ulei de palmier, sare, amelioratori de faina (E500, E451), stabilizator (E501), agent de \u00eengro\u0219are (E412), E306 antioxidant], pudra de condimente 7,8% [sare, zah\u0103r, arome (poten\u021biator de arom\u0103 E627 , E631<b>, lapte, gr\u00e2u, soia<\/b>), sos de soia pudra (soia, gr\u00e2u, sare, maltodextrina), poten\u021biator de arom\u0103 E621, E635), usturoi, condimente, aroma ra\u021b\u0103 (2,6% \u00een pudra de condimente), praf de pui, colorant E150c , regulator de aciditate (E6262, E330), praz, agent de eliberare E519]. Poate contine urme de <b>telina, crustacea<\/b>, <b>peste, lapte, moluste, mustar si susan<\/b>.<br \/>\nValori nutritionale \/ 100 g:<br \/>\nEnergie 380 kJ \/ 91 kcal<br \/>\nGrasimi 3.8 g din care acizi grasi saturati 2 g<br \/>\nCarbohidrati 11.5 g din care zahar 0.5 g<br \/>\nProteine \u200b\u200b2 g<br \/>\nSare 1 g<br \/>\nMod de preparare:<br \/>\nPuneti continutul plicului intr-o farfurie sau bol.<br \/>\nTurnati peste ingrediente 500 ml de apa fierbinte.<br \/>\nAcoperiti cu un capac timp de 3 minute.<br \/>\nSe serveste calda.<\/p>\n<p>Mod de pastrare: A se pastra la loc uscat si racoros.<\/p>\n<p>Importator : Total Blue Impex SRL<\/p>\n","protected":false},"excerpt":{"rendered":"<p>Ingrediente: Taitei 92,2% [f\u0103in\u0103 de gr\u00e2u, ulei de palmier, sare, amelioratori de faina (E500, E451), stabilizator (E501), agent de \u00eengro\u0219are (E412), E306 antioxidant], pudra de condimente 7,8% [sare, zah\u0103r, arome (poten\u021biator de arom\u0103 E627 , E631, lapte, gr\u00e2u, soia), sos de soia pudra (soia, gr\u00e2u, sare, maltodextrina), poten\u021biator de arom\u0103 E621, E635), usturoi, condimente, aroma [&#8230;]\n","protected":false},"featured_media":130826,"comment_status":"open","ping_status":"closed","template":"","meta":{"_acf_changed":false,"_seopress_robots_primary_cat":"1950","_seopress_titles_title":"","_seopress_titles_desc":"","_seopress_robots_index":""},"product_brand":[22913],"product_cat":[1555,1683,3372,17494,21594,3428,1950,1954],"giftcard-category":[],"class_list":{"0":"post-130820","1":"product","2":"type-product","3":"status-publish","4":"has-post-thumbnail","6":"product_brand-nissin","7":"product_cat-bacanie","8":"product_cat-conserve-mancare-gatita","9":"product_cat-conserve-produse-germania","10":"product_cat-influente-asiatice","11":"product_cat-noodles-supe-instant","12":"product_cat-paste-orez-ulei-otet-produse-germania","13":"product_cat-produse-germania","14":"product_cat-semipreparate","16":"first","17":"outofstock","18":"taxable","19":"shipping-taxable","20":"purchasable","21":"product-type-simple"},"acf":[],"_links":{"self":[{"href":"https:\/\/totalblue.ro\/de\/wp-json\/wp\/v2\/product\/130820","targetHints":{"allow":["GET"]}}],"collection":[{"href":"https:\/\/totalblue.ro\/de\/wp-json\/wp\/v2\/product"}],"about":[{"href":"https:\/\/totalblue.ro\/de\/wp-json\/wp\/v2\/types\/product"}],"replies":[{"embeddable":true,"href":"https:\/\/totalblue.ro\/de\/wp-json\/wp\/v2\/comments?post=130820"}],"wp:featuredmedia":[{"embeddable":true,"href":"https:\/\/totalblue.ro\/de\/wp-json\/wp\/v2\/media\/130826"}],"wp:attachment":[{"href":"https:\/\/totalblue.ro\/de\/wp-json\/wp\/v2\/media?parent=130820"}],"wp:term":[{"taxonomy":"product_brand","embeddable":true,"href":"https:\/\/totalblue.ro\/de\/wp-json\/wp\/v2\/product_brand?post=130820"},{"taxonomy":"product_cat","embeddable":true,"href":"https:\/\/totalblue.ro\/de\/wp-json\/wp\/v2\/product_cat?post=130820"},{"taxonomy":"giftcard-category","embeddable":true,"href":"https:\/\/totalblue.ro\/de\/wp-json\/wp\/v2\/giftcard-category?post=130820"}],"curies":[{"name":"wp","href":"https:\/\/api.w.org\/{rel}","templated":true}]}}