{"id":131742,"date":"2024-02-22T15:45:21","date_gmt":"2024-02-22T13:45:21","guid":{"rendered":"https:\/\/totalblue.ro\/?post_type=product&#038;p=131742"},"modified":"2024-04-30T14:11:36","modified_gmt":"2024-04-30T11:11:36","slug":"prosop-bucatarie-verde-horse-dimensine-50-x-55-cm","status":"publish","type":"product","link":"https:\/\/totalblue.ro\/de\/produs\/prosop-bucatarie-verde-horse-dimensine-50-x-55-cm\/","title":{"rendered":"Gr\u00fcnes K\u00fcchenhandtuch Pferd Gr\u00f6\u00dfe 50 x 55 cm"},"content":{"rendered":"","protected":false},"excerpt":{"rendered":"","protected":false},"featured_media":131757,"comment_status":"open","ping_status":"closed","template":"","meta":{"_acf_changed":false,"_seopress_robots_primary_cat":"none","_seopress_titles_title":"","_seopress_titles_desc":"","_seopress_robots_index":""},"product_brand":[16625],"product_cat":[1350,1348,3346,1525,1767],"giftcard-category":[],"class_list":{"0":"post-131742","1":"product","2":"type-product","3":"status-publish","4":"has-post-thumbnail","6":"product_brand-ddddd","7":"product_cat-bucatarie","8":"product_cat-casa-si-bricolaj","9":"product_cat-diverse","10":"product_cat-hartie-igienica-servetele","11":"product_cat-produse-olanda","13":"first","14":"instock","15":"shipping-taxable","16":"purchasable","17":"product-type-simple"},"acf":[],"_links":{"self":[{"href":"https:\/\/totalblue.ro\/de\/wp-json\/wp\/v2\/product\/131742","targetHints":{"allow":["GET"]}}],"collection":[{"href":"https:\/\/totalblue.ro\/de\/wp-json\/wp\/v2\/product"}],"about":[{"href":"https:\/\/totalblue.ro\/de\/wp-json\/wp\/v2\/types\/product"}],"replies":[{"embeddable":true,"href":"https:\/\/totalblue.ro\/de\/wp-json\/wp\/v2\/comments?post=131742"}],"wp:featuredmedia":[{"embeddable":true,"href":"https:\/\/totalblue.ro\/de\/wp-json\/wp\/v2\/media\/131757"}],"wp:attachment":[{"href":"https:\/\/totalblue.ro\/de\/wp-json\/wp\/v2\/media?parent=131742"}],"wp:term":[{"taxonomy":"product_brand","embeddable":true,"href":"https:\/\/totalblue.ro\/de\/wp-json\/wp\/v2\/product_brand?post=131742"},{"taxonomy":"product_cat","embeddable":true,"href":"https:\/\/totalblue.ro\/de\/wp-json\/wp\/v2\/product_cat?post=131742"},{"taxonomy":"giftcard-category","embeddable":true,"href":"https:\/\/totalblue.ro\/de\/wp-json\/wp\/v2\/giftcard-category?post=131742"}],"curies":[{"name":"wp","href":"https:\/\/api.w.org\/{rel}","templated":true}]}}