{"id":132215,"date":"2024-02-23T09:15:25","date_gmt":"2024-02-23T07:15:25","guid":{"rendered":"https:\/\/totalblue.ro\/?post_type=product&#038;p=132215"},"modified":"2025-11-11T22:31:04","modified_gmt":"2025-11-11T20:31:04","slug":"kruger-magnesium-brausetabletten-mit-stevia-78g-import-deutschland","status":"publish","type":"product","link":"https:\/\/totalblue.ro\/de\/produs\/kruger-tablete-efervescente-magneziu-cu-stevia-78g-import-germania\/","title":{"rendered":"Kr\u00fcger Magnesium-Brausetabletten mit Stevia 78g, Import Deutschland"},"content":{"rendered":"<p>Magnesium-Brausetabletten 14 St\u00fcck.<br \/>\nMagnesium-Brausetablette mit S\u00fc\u00dfstoff.<br \/>\nNahrungserg\u00e4nzungsmittel.<br \/>\nGeschmack: Orange.<\/p>\n<p>Zutaten: s\u00e4uernde Zitronens\u00e4ure, Natriumhydrogencarbonat, Magnesiumcarbonat, Maltodextrin, St\u00e4rke, Rote-Bete-Saftpulver (Maltodextrin, Rote-Bete-Saftkonzentrat), nat\u00fcrliches Aroma, nat\u00fcrliches Orangenaroma, S\u00fc\u00dfstoff Steviolglycosid (0,5%), Farbstoff Riboflavin-5\u2032-phosphat.<\/p>\n<p>N\u00e4hrwertangaben pro Portion*:<br \/>\nMagnesium: 250 mg (67% der empfohlenen Tagesdosis**)<\/p>\n<p>*entspricht 1 St\u00fcck<br \/>\n**Referenzmenge gem\u00e4\u00df der EU-Lebensmittelinformationsverordnung<\/p>\n<p>Hinweis zur Verwendung:<br \/>\nNehmen Sie t\u00e4glich eine Tablette in einem Glas Wasser (200 ml) aufgel\u00f6st ein. Die empfohlene Tagesdosis sollte nicht \u00fcberschritten werden.<br \/>\nWarnung: Hohe Dosen von Magnesium k\u00f6nnen bei empfindlichen Personen eine abf\u00fchrende Wirkung haben. Nicht geeignet f\u00fcr Kinder unter 4 Jahren<\/p>\n<p>&nbsp;<\/p>","protected":false},"excerpt":{"rendered":"<p>Tablete efervescente de magneziu 14 bucati. Tableta efervescenta de magneziu cu indulcitor. Suplimente de dieta. Gust de portocale. Ingrediente: acid citric acidifiant, carbonat acid de sodiu, carbonat de magneziu, maltodextrina, amidon, pulbere de suc de sfecla rosie (maltodextrina, concentrat de suc de sfecla rosie), aroma naturala, aroma naturala de portocale, indulcitor glicozide steviol (0,5%), colorant [&#8230;]\n","protected":false},"featured_media":132221,"comment_status":"open","ping_status":"closed","template":"","meta":{"_acf_changed":false,"_seopress_robots_primary_cat":"none","_seopress_titles_title":"","_seopress_titles_desc":"","_seopress_robots_index":""},"product_brand":[23281],"product_cat":[22112,21826,1950,1767,6416,22124,6390,6402],"giftcard-category":[],"class_list":{"0":"post-132215","1":"product","2":"type-product","3":"status-publish","4":"has-post-thumbnail","6":"product_brand-kruger","7":"product_cat-fara-zahar-adaugat","8":"product_cat-produse-bio-dietetice","9":"product_cat-produse-germania","10":"product_cat-produse-olanda","11":"product_cat-suplimente-alimentare-bacanie","12":"product_cat-suplimente-vitamine","13":"product_cat-suplimente-alimentare","14":"product_cat-suplimente-alimentare-produse-olanda","16":"first","17":"outofstock","18":"taxable","19":"shipping-taxable","20":"purchasable","21":"product-type-simple"},"acf":[],"_links":{"self":[{"href":"https:\/\/totalblue.ro\/de\/wp-json\/wp\/v2\/product\/132215","targetHints":{"allow":["GET"]}}],"collection":[{"href":"https:\/\/totalblue.ro\/de\/wp-json\/wp\/v2\/product"}],"about":[{"href":"https:\/\/totalblue.ro\/de\/wp-json\/wp\/v2\/types\/product"}],"replies":[{"embeddable":true,"href":"https:\/\/totalblue.ro\/de\/wp-json\/wp\/v2\/comments?post=132215"}],"wp:featuredmedia":[{"embeddable":true,"href":"https:\/\/totalblue.ro\/de\/wp-json\/wp\/v2\/media\/132221"}],"wp:attachment":[{"href":"https:\/\/totalblue.ro\/de\/wp-json\/wp\/v2\/media?parent=132215"}],"wp:term":[{"taxonomy":"product_brand","embeddable":true,"href":"https:\/\/totalblue.ro\/de\/wp-json\/wp\/v2\/product_brand?post=132215"},{"taxonomy":"product_cat","embeddable":true,"href":"https:\/\/totalblue.ro\/de\/wp-json\/wp\/v2\/product_cat?post=132215"},{"taxonomy":"giftcard-category","embeddable":true,"href":"https:\/\/totalblue.ro\/de\/wp-json\/wp\/v2\/giftcard-category?post=132215"}],"curies":[{"name":"wp","href":"https:\/\/api.w.org\/{rel}","templated":true}]}}