{"id":137064,"date":"2024-02-28T13:08:48","date_gmt":"2024-02-28T11:08:48","guid":{"rendered":"https:\/\/totalblue.ro\/?post_type=product&#038;p=137064"},"modified":"2025-11-26T10:19:17","modified_gmt":"2025-11-26T08:19:17","slug":"knorr-fix-condimente-pentru-chiftelute-si-burgeri-46-g-import-germania","status":"publish","type":"product","link":"https:\/\/totalblue.ro\/de\/produs\/knorr-fix-condimente-pentru-chiftelute-si-burgeri-46-g-import-germania\/","title":{"rendered":"Knorr Fix Gew\u00fcrze f\u00fcr Frikadellen und Burger, 46 g"},"content":{"rendered":"<div id=\"content_tab_description\" class=\"tab-content tab-description\">\n<div class=\"tab-content-inner\">\n<div class=\"tab-content-scroll\">Ingrediente: Pesmet (FAINA DE GRAU, drojdie, sare de masa), 10% PROTEINA DE SOIA texturata, 8,9% pudra de rosii\u00b2, sare de masa iodata, boia de ardei, extract de drojdie, praf de ceapa\u00b2, 4% seminte de coriandru, ulei de floarea soarelui, sare de masa, usturoi, 0,8 % patrunjel, piper. Poate contine ou, lapte, telina, mustar, alte cereale care contin gluten. \u00b2din cultivare durabila.<br \/>\nAllergene<br \/>\nContine gluten si soia. Poate contine ou, lapte, telina si mustar<br \/>\nN\u00e4hrwertangaben zubereitet pro 100 g<br \/>\nEnergie 644 kJ \/ 153 kcal<br \/>\nGrasimi 6.5 g din care acizi grasi saturati 1.8 g<br \/>\nCarbohidrati 3.7 g din care zahar 0,6 g<br \/>\nFibre 0.7 g<br \/>\nProteine \u200b\u200b20 g<br \/>\nsare 0.83 g<br \/>\n<span class=\"HwtZe\" lang=\"ro\"><span class=\"jCAhz ChMk0b\"><span class=\"ryNqvb\">Vorbereitung:<br \/>\n<\/span><\/span><span class=\"jCAhz ChMk0b\"><span class=\"ryNqvb\">1) Amesteca\u021bi con\u021binutul pungii \u0219i 150 ml de ap\u0103 cald\u0103 \u00eentr-un bol, l\u0103sa\u021bi s\u0103 se umfle timp de 5 minute.<br \/>\n<\/span><\/span><span class=\"jCAhz ChMk0b\"><span class=\"ryNqvb\">2) Se adauga carnea de vita si se amesteca bine.<\/span><\/span> <span class=\"jCAhz\"><span class=\"ryNqvb\">Forma\u021bi 4 burgeri sau chiftelu\u021be.<br \/>\n<\/span><\/span><span class=\"jCAhz ChMk0b\"><span class=\"ryNqvb\">3) Pr\u0103ji\u021bi burgeri sau chiftele \u00eentr-o tigaie (de exemplu, tigaie la gr\u0103tar) cu 1 lingur\u0103 de ulei la foc mediu timp de cel pu\u021bin 5 minute pe fiecare parte.<br \/>\n<\/span><\/span><span class=\"jCAhz\"><span class=\"ryNqvb\">Optional, ungeti cu putin ulei si gratar.<\/span><\/span><\/span><br \/>\nFabricat de Unilever Deutschland, Postfach 570 237, 22771 Hamburg<br \/>\nEinf\u00fchrer und H\u00e4ndler Total Blue Impex SRL<\/div>\n<\/div>\n<\/div>","protected":false},"excerpt":{"rendered":"<p>Ingrediente: Pesmet (FAINA DE GRAU, drojdie, sare de masa), 10% PROTEINA DE SOIA texturata, 8,9% pudra de rosii\u00b2, sare de masa iodata, boia de ardei, extract de drojdie, praf de ceapa\u00b2, 4% seminte de coriandru, ulei de floarea soarelui, sare de masa, usturoi, 0,8 % patrunjel, piper. Poate contine ou, lapte, telina, mustar, alte cereale [&#8230;]\n","protected":false},"featured_media":137072,"comment_status":"open","ping_status":"closed","template":"","meta":{"_acf_changed":false,"_seopress_robots_primary_cat":"none","_seopress_titles_title":"","_seopress_titles_desc":"","_seopress_robots_index":""},"product_brand":[1870],"product_cat":[1555,1451,3280,3380,1950,1767,1954],"giftcard-category":[],"class_list":{"0":"post-137064","1":"product","2":"type-product","3":"status-publish","4":"has-post-thumbnail","6":"product_brand-knorr","7":"product_cat-bacanie","8":"product_cat-condimente-produse-instant","9":"product_cat-condimente-sosuri","10":"product_cat-condimente-sosuri-produse-germania","11":"product_cat-produse-germania","12":"product_cat-produse-olanda","13":"product_cat-semipreparate","15":"first","16":"outofstock","17":"taxable","18":"shipping-taxable","19":"purchasable","20":"product-type-simple"},"acf":[],"_links":{"self":[{"href":"https:\/\/totalblue.ro\/de\/wp-json\/wp\/v2\/product\/137064","targetHints":{"allow":["GET"]}}],"collection":[{"href":"https:\/\/totalblue.ro\/de\/wp-json\/wp\/v2\/product"}],"about":[{"href":"https:\/\/totalblue.ro\/de\/wp-json\/wp\/v2\/types\/product"}],"replies":[{"embeddable":true,"href":"https:\/\/totalblue.ro\/de\/wp-json\/wp\/v2\/comments?post=137064"}],"wp:featuredmedia":[{"embeddable":true,"href":"https:\/\/totalblue.ro\/de\/wp-json\/wp\/v2\/media\/137072"}],"wp:attachment":[{"href":"https:\/\/totalblue.ro\/de\/wp-json\/wp\/v2\/media?parent=137064"}],"wp:term":[{"taxonomy":"product_brand","embeddable":true,"href":"https:\/\/totalblue.ro\/de\/wp-json\/wp\/v2\/product_brand?post=137064"},{"taxonomy":"product_cat","embeddable":true,"href":"https:\/\/totalblue.ro\/de\/wp-json\/wp\/v2\/product_cat?post=137064"},{"taxonomy":"giftcard-category","embeddable":true,"href":"https:\/\/totalblue.ro\/de\/wp-json\/wp\/v2\/giftcard-category?post=137064"}],"curies":[{"name":"wp","href":"https:\/\/api.w.org\/{rel}","templated":true}]}}