{"id":137244,"date":"2024-02-28T14:21:59","date_gmt":"2024-02-28T12:21:59","guid":{"rendered":"https:\/\/totalblue.ro\/?post_type=product&#038;p=137244"},"modified":"2025-08-06T13:18:24","modified_gmt":"2025-08-06T10:18:24","slug":"knorr-fix-condimente-pentru-sos-de-ardei-pentru-snitele-43g-import-germania","status":"publish","type":"product","link":"https:\/\/totalblue.ro\/de\/produs\/knorr-fix-condimente-pentru-sos-de-ardei-pentru-snitele-43g-import-germania\/","title":{"rendered":"Knorr Fix Condimente pentru sos de ardei pentru snitele 43g, import Germania"},"content":{"rendered":"<p>Ingrediente: Amidon de porumb\u00b9, 9,6% ceapa\u00b9\u00b2, sare de masa iodata, 7,3% pudra de rosii\u00b9\u00b2, amidon de cartofi, 4,9% boia de ardei\u00b9, faina (orez\u00b9, GRAU), zahar\u00b9, maltodextrina, extract de drojdie\u00b9, PROTEINE DE LAPTE, Uleiuri vegetale 8\u00b9, porumb\u00b9, floarea soarelui), arome, ulei de palmier, ierburi\u00b9 (patrunjel\u00b2, rozmarin\u00b2), slanina afumata (slanina de porc, sare de masa, fum), sare de masa, praf de suc de ciuperci\u00b9, usturoi\u00b9\u00b2, chili\u00b9, suc de lamaie\u00b9\u00b2, concentrat de suc de ceapa\u00b9\u00b2. Poate contine ou, telina, soia, alte cereale care contin gluten. \u00b9Ingredientele naturale sunt marcate cu un asterisc. \u00b2din cultivare durabila.<\/p>\n<p>Ingrediente suplimentare:<br \/>\n3 \u0219ni\u021beluri<br \/>\n1 ardei gras<br \/>\n200 ml smantana de gatit<\/p>\n<p>Vorbereitung:<br \/>\n1. T\u0103ia\u021bi ardeiul gras \u00een buc\u0103\u021bi mici<br \/>\n2. Pune\u021bi \u0219ni\u021belul \u0219i ardeiul gras \u00eentr-o tav\u0103 de copt<br \/>\n3. Amesteca\u021bi fix de \u0219nitel cu crema de boia cu 250 ml de sm\u00e2nt\u00e2n\u0103 de g\u0103tit \u0219i turna\u021bi amestecul<br \/>\npeste \u0219ni\u021beluri<br \/>\n4. Coace\u021bi \u0219ni\u021belele \u00een cuptorul pre\u00eenc\u0103lzit la 200\u00b0C pentru aproximativ 30 de minute<\/p>\n<p>Allergene<br \/>\nContine gluten, lapte si mustar. Poate contine ou, soia si telina<br \/>\nN\u00e4hrwertangaben zubereitet pro 100 g<br \/>\nEnergie 536 kJ \/ 128 kcal<br \/>\nGrasimi 4.8 g din care acizi grasi saturati 2.6 g<br \/>\nCarbohidrati 6.1 g din care zahar 3.6 g<br \/>\nFibre 1.4 g<br \/>\nEiwei\u00df 15 g<br \/>\nSalz 0,61 g<\/p>","protected":false},"excerpt":{"rendered":"<p>Ingrediente: Amidon de porumb\u00b9, 9,6% ceapa\u00b9\u00b2, sare de masa iodata, 7,3% pudra de rosii\u00b9\u00b2, amidon de cartofi, 4,9% boia de ardei\u00b9, faina (orez\u00b9, GRAU), zahar\u00b9, maltodextrina, extract de drojdie\u00b9, PROTEINE DE LAPTE, Uleiuri vegetale 8\u00b9, porumb\u00b9, floarea soarelui), arome, ulei de palmier, ierburi\u00b9 (patrunjel\u00b2, rozmarin\u00b2), slanina afumata (slanina de porc, sare de masa, fum), sare [&#8230;]\n","protected":false},"featured_media":137261,"comment_status":"open","ping_status":"closed","template":"","meta":{"_acf_changed":false,"_seopress_robots_primary_cat":"none","_seopress_titles_title":"","_seopress_titles_desc":"","_seopress_robots_index":""},"product_brand":[1870],"product_cat":[1555,3380,1451,1950],"giftcard-category":[],"class_list":{"0":"post-137244","1":"product","2":"type-product","3":"status-publish","4":"has-post-thumbnail","6":"product_brand-knorr","7":"product_cat-bacanie","8":"product_cat-condimente-sosuri-produse-germania","9":"product_cat-condimente-produse-instant","10":"product_cat-produse-germania","12":"first","13":"outofstock","14":"taxable","15":"shipping-taxable","16":"purchasable","17":"product-type-simple"},"acf":[],"_links":{"self":[{"href":"https:\/\/totalblue.ro\/de\/wp-json\/wp\/v2\/product\/137244","targetHints":{"allow":["GET"]}}],"collection":[{"href":"https:\/\/totalblue.ro\/de\/wp-json\/wp\/v2\/product"}],"about":[{"href":"https:\/\/totalblue.ro\/de\/wp-json\/wp\/v2\/types\/product"}],"replies":[{"embeddable":true,"href":"https:\/\/totalblue.ro\/de\/wp-json\/wp\/v2\/comments?post=137244"}],"wp:featuredmedia":[{"embeddable":true,"href":"https:\/\/totalblue.ro\/de\/wp-json\/wp\/v2\/media\/137261"}],"wp:attachment":[{"href":"https:\/\/totalblue.ro\/de\/wp-json\/wp\/v2\/media?parent=137244"}],"wp:term":[{"taxonomy":"product_brand","embeddable":true,"href":"https:\/\/totalblue.ro\/de\/wp-json\/wp\/v2\/product_brand?post=137244"},{"taxonomy":"product_cat","embeddable":true,"href":"https:\/\/totalblue.ro\/de\/wp-json\/wp\/v2\/product_cat?post=137244"},{"taxonomy":"giftcard-category","embeddable":true,"href":"https:\/\/totalblue.ro\/de\/wp-json\/wp\/v2\/giftcard-category?post=137244"}],"curies":[{"name":"wp","href":"https:\/\/api.w.org\/{rel}","templated":true}]}}