{"id":139410,"date":"2024-03-18T11:29:02","date_gmt":"2024-03-18T09:29:02","guid":{"rendered":"https:\/\/totalblue.ro\/?post_type=product&#038;p=139410"},"modified":"2026-03-25T14:52:59","modified_gmt":"2026-03-25T12:52:59","slug":"dunhill-feinschnitt-master-blend-blau","status":"publish","type":"product","link":"https:\/\/totalblue.ro\/de\/produs\/dunhill-fine-cut-master-blend-blue\/","title":{"rendered":"Dunhill Feiner Schnitt Master Blend Blau"},"content":{"rendered":"<div class=\"sc-4anko1-6 gFzpSV\" data-testid=\"accordion-item-ingredients\">\n<div class=\"sc-45z6bh-1 kTTEBv\" data-testid=\"more-than\">\n<p class=\"sc-14mbxjb-1 hlUObZ\"><strong>Dunhill Zigaretten<\/strong>\u00a0werden in der Europ\u00e4ischen Union von British American Tobacco hergestellt. Die Packung enth\u00e4lt 20 Zigaretten, die mit Qualit\u00e4tstabak hergestellt werden.<\/p>\n<\/div>\n<\/div>\n<div class=\"sc-4anko1-6 gFzpSV\" data-testid=\"accordion-item-Detalii de utilizare\">\n<div class=\"sc-45z6bh-1 kTTEBv\" data-testid=\"more-than\">\n<p class=\"sc-14mbxjb-1 hlUObZ\">Details zur Verwendung<\/p>\n<div class=\"sc-14mbxjb-0 hDQks\">Kein Verkauf an Minderj\u00e4hrige. EG-Richtlinie 2001\/37\/EWG des Rates: Rauchen schadet Ihrer Gesundheit und der Gesundheit der Menschen in Ihrer Umgebung erheblich. Rauchen w\u00e4hrend der Schwangerschaft schadet Ihrem Baby. Sch\u00fctzen Sie Ihre Kinder: Lassen Sie sie nicht Ihren Rauch einatmen. Rauchen macht s\u00fcchtig, fangen Sie nicht an zu rauchen! Wenn Sie mit dem Rauchen aufh\u00f6ren, verringert sich das Risiko t\u00f6dlicher Herz- und Lungenkrankheiten. Rauchen kann zu einem langsamen und schmerzhaften Tod f\u00fchren.<\/div>\n<\/div>\n<\/div>\n<p><a href=\"https:\/\/totalblue.ro\/wp-content\/uploads\/2021\/04\/under-18.jpg\"><img loading=\"lazy\" decoding=\"async\" class=\"alignnone wp-image-30757\" src=\"https:\/\/totalblue.ro\/wp-content\/uploads\/2021\/04\/under-18-400x400.jpg\" alt=\"\" width=\"96\" height=\"96\" srcset=\"https:\/\/totalblue.ro\/wp-content\/uploads\/2021\/04\/under-18-400x400.jpg 400w, https:\/\/totalblue.ro\/wp-content\/uploads\/2021\/04\/under-18-100x100.jpg 100w, https:\/\/totalblue.ro\/wp-content\/uploads\/2021\/04\/under-18-510x510.jpg 510w, https:\/\/totalblue.ro\/wp-content\/uploads\/2021\/04\/under-18-280x280.jpg 280w, https:\/\/totalblue.ro\/wp-content\/uploads\/2021\/04\/under-18.jpg 600w\" sizes=\"auto, (max-width: 96px) 100vw, 96px\" \/><\/a><\/p>","protected":false},"excerpt":{"rendered":"<p>Tigaretele Dunhill\u00a0sunt produse in Uniunea Europeana de catre British American Tobacco. Pachetul contine 20 de tigarete realizate cu tutun de calitate. Detalii de utilizare Interzisa vanzarea catre minori. Directiva Consiliului CE 2001\/37\/CEE. Fumatul dauneaza grav sanatatii dumneavoastra si a celor din jur. Fumatul in timpul sarcinii dauneaza copilului dumneavoastra. Protejati copiii: nu-i lasati sa respire [&#8230;]\n","protected":false},"featured_media":139408,"comment_status":"open","ping_status":"closed","template":"","meta":{"_acf_changed":false,"_seopress_robots_primary_cat":"none","_seopress_titles_title":"","_seopress_titles_desc":"","_seopress_robots_index":""},"product_brand":[24143],"product_cat":[1555,17463],"giftcard-category":[],"class_list":{"0":"post-139410","1":"product","2":"type-product","3":"status-publish","4":"has-post-thumbnail","6":"product_brand-dunhill","7":"product_cat-bacanie","8":"product_cat-tutun","10":"first","11":"outofstock","12":"taxable","13":"shipping-taxable","14":"purchasable","15":"product-type-simple"},"acf":[],"_links":{"self":[{"href":"https:\/\/totalblue.ro\/de\/wp-json\/wp\/v2\/product\/139410","targetHints":{"allow":["GET"]}}],"collection":[{"href":"https:\/\/totalblue.ro\/de\/wp-json\/wp\/v2\/product"}],"about":[{"href":"https:\/\/totalblue.ro\/de\/wp-json\/wp\/v2\/types\/product"}],"replies":[{"embeddable":true,"href":"https:\/\/totalblue.ro\/de\/wp-json\/wp\/v2\/comments?post=139410"}],"wp:featuredmedia":[{"embeddable":true,"href":"https:\/\/totalblue.ro\/de\/wp-json\/wp\/v2\/media\/139408"}],"wp:attachment":[{"href":"https:\/\/totalblue.ro\/de\/wp-json\/wp\/v2\/media?parent=139410"}],"wp:term":[{"taxonomy":"product_brand","embeddable":true,"href":"https:\/\/totalblue.ro\/de\/wp-json\/wp\/v2\/product_brand?post=139410"},{"taxonomy":"product_cat","embeddable":true,"href":"https:\/\/totalblue.ro\/de\/wp-json\/wp\/v2\/product_cat?post=139410"},{"taxonomy":"giftcard-category","embeddable":true,"href":"https:\/\/totalblue.ro\/de\/wp-json\/wp\/v2\/giftcard-category?post=139410"}],"curies":[{"name":"wp","href":"https:\/\/api.w.org\/{rel}","templated":true}]}}