{"id":145214,"date":"2024-04-05T09:20:09","date_gmt":"2024-04-05T06:20:09","guid":{"rendered":"https:\/\/totalblue.ro\/?post_type=product&#038;p=145214"},"modified":"2025-11-11T22:31:04","modified_gmt":"2025-11-11T20:31:04","slug":"lichior-de-oua-zwarte-kip-advocaat-500ml-import-olanda","status":"publish","type":"product","link":"https:\/\/totalblue.ro\/de\/produs\/lichior-de-oua-zwarte-kip-advocaat-500ml-import-olanda\/","title":{"rendered":"Eierlik\u00f6r Zwarte Kip - Advocaat - 500ml, Import Holland"},"content":{"rendered":"<p>Ingrediente: galbenus de ou, apa, zahar, alcool, gelatina, stabilizator E406, arome, colorant E102 E110<br \/>\nAlcool: 14% vol.<br \/>\nSfat de pastrare\/Utilizare\/Preparare: A se feri de temperaturi ridicate si inghet.<br \/>\nJuristische L\u00fcgen: Alkohol schadet Ihrer Gesundheit. Trinken Sie in Ma\u00dfen. Der Verkauf an unter 18-J\u00e4hrige ist verboten. www.desprealcool.ro<br \/>\n<a href=\"https:\/\/totalblue.ro\/wp-content\/uploads\/2021\/04\/under-18.jpg\"><img loading=\"lazy\" decoding=\"async\" class=\"alignnone wp-image-30757\" src=\"https:\/\/totalblue.ro\/wp-content\/uploads\/2021\/04\/under-18-400x400.jpg\" alt=\"\" width=\"95\" height=\"95\" srcset=\"https:\/\/totalblue.ro\/wp-content\/uploads\/2021\/04\/under-18-400x400.jpg 400w, https:\/\/totalblue.ro\/wp-content\/uploads\/2021\/04\/under-18-100x100.jpg 100w, https:\/\/totalblue.ro\/wp-content\/uploads\/2021\/04\/under-18-510x510.jpg 510w, https:\/\/totalblue.ro\/wp-content\/uploads\/2021\/04\/under-18-280x280.jpg 280w, https:\/\/totalblue.ro\/wp-content\/uploads\/2021\/04\/under-18.jpg 600w\" sizes=\"auto, (max-width: 95px) 100vw, 95px\" \/><\/a><a href=\"https:\/\/totalblue.ro\/wp-content\/uploads\/2021\/06\/drink-drive.jpg\"><img loading=\"lazy\" decoding=\"async\" class=\"alignnone wp-image-30761\" src=\"https:\/\/totalblue.ro\/wp-content\/uploads\/2021\/06\/drink-drive.jpg\" alt=\"\" width=\"96\" height=\"94\" srcset=\"https:\/\/totalblue.ro\/wp-content\/uploads\/2021\/06\/drink-drive.jpg 344w, https:\/\/totalblue.ro\/wp-content\/uploads\/2021\/06\/drink-drive-100x98.jpg 100w\" sizes=\"auto, (max-width: 96px) 100vw, 96px\" \/><\/a><a href=\"https:\/\/totalblue.ro\/wp-content\/uploads\/2021\/06\/bere-gravide02.jpg\"><img loading=\"lazy\" decoding=\"async\" class=\"alignnone wp-image-30771\" src=\"https:\/\/totalblue.ro\/wp-content\/uploads\/2021\/06\/bere-gravide02-403x400.jpg\" alt=\"\" width=\"97\" height=\"96\" srcset=\"https:\/\/totalblue.ro\/wp-content\/uploads\/2021\/06\/bere-gravide02-403x400.jpg 403w, https:\/\/totalblue.ro\/wp-content\/uploads\/2021\/06\/bere-gravide02-100x99.jpg 100w, https:\/\/totalblue.ro\/wp-content\/uploads\/2021\/06\/bere-gravide02-510x507.jpg 510w, https:\/\/totalblue.ro\/wp-content\/uploads\/2021\/06\/bere-gravide02-805x800.jpg 805w, https:\/\/totalblue.ro\/wp-content\/uploads\/2021\/06\/bere-gravide02-280x280.jpg 280w, https:\/\/totalblue.ro\/wp-content\/uploads\/2021\/06\/bere-gravide02-768x763.jpg 768w, https:\/\/totalblue.ro\/wp-content\/uploads\/2021\/06\/bere-gravide02-600x596.jpg 600w, https:\/\/totalblue.ro\/wp-content\/uploads\/2021\/06\/bere-gravide02.jpg 895w\" sizes=\"auto, (max-width: 97px) 100vw, 97px\" \/><\/a><\/p>","protected":false},"excerpt":{"rendered":"<p>Ingrediente: galbenus de ou, apa, zahar, alcool, gelatina, stabilizator E406, arome, colorant E102 E110 Alcool: 14% vol. Sfat de pastrare\/Utilizare\/Preparare: A se feri de temperaturi ridicate si inghet. Mentiuni legale: Alcoolul dauneaza grav sanatatii. Consumati cu moderatie. Este interzisa vanzarea catre persoanele sub 18 ani. www.desprealcool.ro<\/p>","protected":false},"featured_media":145215,"comment_status":"open","ping_status":"closed","template":"","meta":{"_acf_changed":false,"_seopress_robots_primary_cat":"none","_seopress_titles_title":"","_seopress_titles_desc":"","_seopress_robots_index":""},"product_brand":[25389],"product_cat":[1555,1519,1767,3312],"giftcard-category":[],"class_list":{"0":"post-145214","1":"product","2":"type-product","3":"status-publish","4":"has-post-thumbnail","6":"product_brand-zwarte-kip","7":"product_cat-bacanie","8":"product_cat-bauturi-alcoolice-bere","9":"product_cat-produse-olanda","10":"product_cat-bauturi-racoritoare-produse-olanda","12":"first","13":"outofstock","14":"taxable","15":"shipping-taxable","16":"purchasable","17":"product-type-simple"},"acf":[],"_links":{"self":[{"href":"https:\/\/totalblue.ro\/de\/wp-json\/wp\/v2\/product\/145214","targetHints":{"allow":["GET"]}}],"collection":[{"href":"https:\/\/totalblue.ro\/de\/wp-json\/wp\/v2\/product"}],"about":[{"href":"https:\/\/totalblue.ro\/de\/wp-json\/wp\/v2\/types\/product"}],"replies":[{"embeddable":true,"href":"https:\/\/totalblue.ro\/de\/wp-json\/wp\/v2\/comments?post=145214"}],"wp:featuredmedia":[{"embeddable":true,"href":"https:\/\/totalblue.ro\/de\/wp-json\/wp\/v2\/media\/145215"}],"wp:attachment":[{"href":"https:\/\/totalblue.ro\/de\/wp-json\/wp\/v2\/media?parent=145214"}],"wp:term":[{"taxonomy":"product_brand","embeddable":true,"href":"https:\/\/totalblue.ro\/de\/wp-json\/wp\/v2\/product_brand?post=145214"},{"taxonomy":"product_cat","embeddable":true,"href":"https:\/\/totalblue.ro\/de\/wp-json\/wp\/v2\/product_cat?post=145214"},{"taxonomy":"giftcard-category","embeddable":true,"href":"https:\/\/totalblue.ro\/de\/wp-json\/wp\/v2\/giftcard-category?post=145214"}],"curies":[{"name":"wp","href":"https:\/\/api.w.org\/{rel}","templated":true}]}}