{"id":148438,"date":"2024-04-30T13:48:47","date_gmt":"2024-04-30T10:48:47","guid":{"rendered":"https:\/\/totalblue.ro\/?post_type=product&#038;p=148438"},"modified":"2024-08-30T14:11:41","modified_gmt":"2024-08-30T11:11:41","slug":"coca-cola-vanilla-15l-bautura-acidulata-cu-aroma-de-vanilie-import-olanda","status":"publish","type":"product","link":"https:\/\/totalblue.ro\/de\/produs\/coca-cola-vanilla-15l-bautura-acidulata-cu-aroma-de-vanilie-import-olanda\/","title":{"rendered":"Coca-Cola Vanilla 1,5L, bautura acidulata cu aroma de vanilie, import Olanda"},"content":{"rendered":"<p>Coca-Cola Vanilla 1,5L, bautura acidulata cu aroma de vanilie, import Olanda<\/p>\n<p>Zutaten: ges\u00e4uertes Wasser; Zuckerfarbstoff: E150d; Lebensmittels\u00e4ure: E338; nat\u00fcrliche Aromen; Koffeinaroma.<br \/>\nN\u00e4hrwertangaben pro 100 ml:<br \/>\nEnergie 173 kJ (43 kcal)<br \/>\nFett 0 g, davon ges\u00e4ttigte Fette 0 g<br \/>\nKohlenhydrate 10,6 g, davon Zucker 10,6 g<br \/>\nEiwei\u00df 0 g<br \/>\nSalz 0 g<br \/>\nLagerung: An einem k\u00fchlen, trockenen, geruchsfreien Ort und vor direkter Sonneneinstrahlung gesch\u00fctzt lagern.<br \/>\nEmpfehlung: Gek\u00fchlt servieren.<br \/>\nHersteller: Coca-Cola Europacific Partners Nederland BV, Postbus 8775, 3009 AT Rotterdam.<br \/>\nEinf\u00fchrer: Total Blue Impex SRL, Bucuresti, Sektor 6, B-dul Uverturii 69A<\/p>","protected":false},"excerpt":{"rendered":"<p>Dieser Preis ist nur f\u00fcr Online-Bestellungen g\u00fcltig.<br \/>\nDer angezeigte Preis gilt pro St\u00fcck!<\/p>","protected":false},"featured_media":148444,"comment_status":"open","ping_status":"closed","template":"","meta":{"_acf_changed":false,"_seopress_robots_primary_cat":"none","_seopress_titles_title":"Coca-Cola Vanilla, bautura aroma de vanilie, import Olanda","_seopress_titles_desc":"Cauti coca cola cu aroma de vanilie? Cumpara acum coca cola cu aroma de vanilie, cola vanilie, coca cola vanilla, coca-cola vanilie, import Olanda","_seopress_robots_index":""},"product_brand":[1814],"product_cat":[1354,1555,1767,3312],"giftcard-category":[],"class_list":{"0":"post-148438","1":"product","2":"type-product","3":"status-publish","4":"has-post-thumbnail","6":"product_brand-coca-cola","7":"product_cat-apa-plata-apa-minerala-sucuri","8":"product_cat-bacanie","9":"product_cat-produse-olanda","10":"product_cat-bauturi-racoritoare-produse-olanda","12":"first","13":"outofstock","14":"taxable","15":"shipping-taxable","16":"purchasable","17":"product-type-simple"},"acf":[],"_links":{"self":[{"href":"https:\/\/totalblue.ro\/de\/wp-json\/wp\/v2\/product\/148438","targetHints":{"allow":["GET"]}}],"collection":[{"href":"https:\/\/totalblue.ro\/de\/wp-json\/wp\/v2\/product"}],"about":[{"href":"https:\/\/totalblue.ro\/de\/wp-json\/wp\/v2\/types\/product"}],"replies":[{"embeddable":true,"href":"https:\/\/totalblue.ro\/de\/wp-json\/wp\/v2\/comments?post=148438"}],"wp:featuredmedia":[{"embeddable":true,"href":"https:\/\/totalblue.ro\/de\/wp-json\/wp\/v2\/media\/148444"}],"wp:attachment":[{"href":"https:\/\/totalblue.ro\/de\/wp-json\/wp\/v2\/media?parent=148438"}],"wp:term":[{"taxonomy":"product_brand","embeddable":true,"href":"https:\/\/totalblue.ro\/de\/wp-json\/wp\/v2\/product_brand?post=148438"},{"taxonomy":"product_cat","embeddable":true,"href":"https:\/\/totalblue.ro\/de\/wp-json\/wp\/v2\/product_cat?post=148438"},{"taxonomy":"giftcard-category","embeddable":true,"href":"https:\/\/totalblue.ro\/de\/wp-json\/wp\/v2\/giftcard-category?post=148438"}],"curies":[{"name":"wp","href":"https:\/\/api.w.org\/{rel}","templated":true}]}}