{"id":148583,"date":"2024-04-30T15:14:08","date_gmt":"2024-04-30T12:14:08","guid":{"rendered":"https:\/\/totalblue.ro\/?post_type=product&#038;p=148583"},"modified":"2025-08-08T12:08:20","modified_gmt":"2025-08-08T09:08:20","slug":"karvan-cevitam-zero-zahar-sirop-coacaze-negre-600-ml","status":"publish","type":"product","link":"https:\/\/totalblue.ro\/de\/produs\/karvan-cevitam-zero-zahar-sirop-coacaze-negre-600-ml\/","title":{"rendered":"Karvan Cevitam Zero Sugar Schwarzer Johannisbeersirup 600 ml"},"content":{"rendered":"<p>Vor Gebrauch sch\u00fctteln.<br \/>\nZubereitung: 1 Portion Sirup + 9 Portionen Wasser<br \/>\nIngrediente: Apa, suc de coacaze negre din concentrat de suc de fructe 3,2%, acid alimentar (acid citric), concentrat de morcov negru, aroma naturala de coacaze negre cu alte arome naturale, indulcitori (sucraloza, glicozide steviol din stevia), conservanti (sorbat de potasiu, benzoat de sodiu), vitamina C<br \/>\nEmpfehlungen: die Flasche nach dem \u00d6ffnen fest verschlie\u00dfen und k\u00fchl und dunkel lagern. Nach dem \u00d6ffnen nur begrenzt haltbar.<br \/>\nN\u00e4hrwertangaben<br \/>\nDiese Werte gelten f\u00fcr das unzubereitete Produkt.<br \/>\nSpitze pro 100 Milliliter<br \/>\nEnergie 29 kJ (7 kcal)<br \/>\nFett 0 g, davon ges\u00e4ttigt 0 g<br \/>\nCarbohidrati 0,4 g din care zaharuri 0,4 g<br \/>\nEiwei\u00df 0 g<br \/>\nSalz 0 g<br \/>\nVitamin C 60 mg<br \/>\nVerpackung und Inhalt: 600 ml ( 60 cl )<br \/>\nLieferant Karvan C\u00e9vitam Consumer Service<br \/>\nEinf\u00fchrer und H\u00e4ndler Total Blue Impex SRL<\/p>","protected":false},"excerpt":{"rendered":"<p>Mod de utilizare: Agitati inainte de utilizare. Mod de preparare: 1 portie de sirop + 9 portii de apa Ingrediente: Apa, suc de coacaze negre din concentrat de suc de fructe 3,2%, acid alimentar (acid citric), concentrat de morcov negru, aroma naturala de coacaze negre cu alte arome naturale, indulcitori (sucraloza, glicozide steviol din stevia), [&#8230;]\n","protected":false},"featured_media":148589,"comment_status":"open","ping_status":"closed","template":"","meta":{"_acf_changed":false,"_seopress_robots_primary_cat":"none","_seopress_titles_title":"","_seopress_titles_desc":"","_seopress_robots_index":""},"product_brand":[25505],"product_cat":[1354,1555,22112,21826,1767,3312],"giftcard-category":[],"class_list":{"0":"post-148583","1":"product","2":"type-product","3":"status-publish","4":"has-post-thumbnail","6":"product_brand-karvan-cevitam","7":"product_cat-apa-plata-apa-minerala-sucuri","8":"product_cat-bacanie","9":"product_cat-fara-zahar-adaugat","10":"product_cat-produse-bio-dietetice","11":"product_cat-produse-olanda","12":"product_cat-bauturi-racoritoare-produse-olanda","14":"first","15":"outofstock","16":"taxable","17":"shipping-taxable","18":"purchasable","19":"product-type-simple"},"acf":[],"_links":{"self":[{"href":"https:\/\/totalblue.ro\/de\/wp-json\/wp\/v2\/product\/148583","targetHints":{"allow":["GET"]}}],"collection":[{"href":"https:\/\/totalblue.ro\/de\/wp-json\/wp\/v2\/product"}],"about":[{"href":"https:\/\/totalblue.ro\/de\/wp-json\/wp\/v2\/types\/product"}],"replies":[{"embeddable":true,"href":"https:\/\/totalblue.ro\/de\/wp-json\/wp\/v2\/comments?post=148583"}],"wp:featuredmedia":[{"embeddable":true,"href":"https:\/\/totalblue.ro\/de\/wp-json\/wp\/v2\/media\/148589"}],"wp:attachment":[{"href":"https:\/\/totalblue.ro\/de\/wp-json\/wp\/v2\/media?parent=148583"}],"wp:term":[{"taxonomy":"product_brand","embeddable":true,"href":"https:\/\/totalblue.ro\/de\/wp-json\/wp\/v2\/product_brand?post=148583"},{"taxonomy":"product_cat","embeddable":true,"href":"https:\/\/totalblue.ro\/de\/wp-json\/wp\/v2\/product_cat?post=148583"},{"taxonomy":"giftcard-category","embeddable":true,"href":"https:\/\/totalblue.ro\/de\/wp-json\/wp\/v2\/giftcard-category?post=148583"}],"curies":[{"name":"wp","href":"https:\/\/api.w.org\/{rel}","templated":true}]}}