{"id":149017,"date":"2024-05-02T11:43:17","date_gmt":"2024-05-02T08:43:17","guid":{"rendered":"https:\/\/totalblue.ro\/?post_type=product&#038;p=149017"},"modified":"2025-08-12T10:47:21","modified_gmt":"2025-08-12T07:47:21","slug":"teisseire-le-0-sirop-concentrat-cu-aroma-de-zmeura-si-merisoare-600-ml","status":"publish","type":"product","link":"https:\/\/totalblue.ro\/de\/produs\/teisseire-le-0-sirop-concentrat-cu-aroma-de-zmeura-si-merisoare-600-ml\/","title":{"rendered":"Teisseire Le 0% Sirup-Konzentrat mit Himbeer- und Erdbeergeschmack 600 ml"},"content":{"rendered":"<p>Ingrediente:Apa, suc de fructe din concentrate 10% (zmeura 7,4%, capsuni 2,6%), agent de incarcare: polidextroza, acidifiant: acid citric, arome, concentrat de morcov violet, agent de ingrosare: guma xantana, indulcitori: sucraloza, acesulfam de potasiu, conservant: sorbat de potasiu .<br \/>\nValori nutritive medii la 100 ml:<br \/>\nEnergie 53 kJ \/ 13 kcal<br \/>\nCarbohidrati 3.2 g din care zaharuri 1 g<br \/>\nSare 0.03 g<br \/>\nVor Gebrauch sch\u00fctteln.<br \/>\nMod de preparare: La 1 parte sirop de grenadine se adauga 12 parti apa. Puteti folosi si apa minerala.<br \/>\nEmpfehlungen: die Flasche nach dem \u00d6ffnen fest verschlie\u00dfen und k\u00fchl und dunkel lagern. Nach dem \u00d6ffnen nur begrenzt haltbar.<br \/>\nVerpackung und Inhalt: 600 ml ( 60 cl )<br \/>\nProducator : Teisseire CS 70501 \u2013 38926 Crolles cedex, Franta<br \/>\nEinf\u00fchrer und H\u00e4ndler Total Blue Impex SRL<\/p>","protected":false},"excerpt":{"rendered":"<p>Ingrediente:Apa, suc de fructe din concentrate 10% (zmeura 7,4%, capsuni 2,6%), agent de incarcare: polidextroza, acidifiant: acid citric, arome, concentrat de morcov violet, agent de ingrosare: guma xantana, indulcitori: sucraloza, acesulfam de potasiu, conservant: sorbat de potasiu . Valori nutritive medii la 100 ml: Energie 53 kJ \/ 13 kcal Carbohidrati 3.2 g din care [&#8230;]\n","protected":false},"featured_media":149023,"comment_status":"open","ping_status":"closed","template":"","meta":{"_acf_changed":false,"_seopress_robots_primary_cat":"none","_seopress_titles_title":"","_seopress_titles_desc":"","_seopress_robots_index":""},"product_brand":[16122],"product_cat":[1354,22112,21826,1767,3312],"giftcard-category":[],"class_list":{"0":"post-149017","1":"product","2":"type-product","3":"status-publish","4":"has-post-thumbnail","6":"product_brand-teisseire","7":"product_cat-apa-plata-apa-minerala-sucuri","8":"product_cat-fara-zahar-adaugat","9":"product_cat-produse-bio-dietetice","10":"product_cat-produse-olanda","11":"product_cat-bauturi-racoritoare-produse-olanda","13":"first","14":"outofstock","15":"taxable","16":"shipping-taxable","17":"purchasable","18":"product-type-simple"},"acf":[],"_links":{"self":[{"href":"https:\/\/totalblue.ro\/de\/wp-json\/wp\/v2\/product\/149017","targetHints":{"allow":["GET"]}}],"collection":[{"href":"https:\/\/totalblue.ro\/de\/wp-json\/wp\/v2\/product"}],"about":[{"href":"https:\/\/totalblue.ro\/de\/wp-json\/wp\/v2\/types\/product"}],"replies":[{"embeddable":true,"href":"https:\/\/totalblue.ro\/de\/wp-json\/wp\/v2\/comments?post=149017"}],"wp:featuredmedia":[{"embeddable":true,"href":"https:\/\/totalblue.ro\/de\/wp-json\/wp\/v2\/media\/149023"}],"wp:attachment":[{"href":"https:\/\/totalblue.ro\/de\/wp-json\/wp\/v2\/media?parent=149017"}],"wp:term":[{"taxonomy":"product_brand","embeddable":true,"href":"https:\/\/totalblue.ro\/de\/wp-json\/wp\/v2\/product_brand?post=149017"},{"taxonomy":"product_cat","embeddable":true,"href":"https:\/\/totalblue.ro\/de\/wp-json\/wp\/v2\/product_cat?post=149017"},{"taxonomy":"giftcard-category","embeddable":true,"href":"https:\/\/totalblue.ro\/de\/wp-json\/wp\/v2\/giftcard-category?post=149017"}],"curies":[{"name":"wp","href":"https:\/\/api.w.org\/{rel}","templated":true}]}}