{"id":149029,"date":"2024-05-02T11:48:02","date_gmt":"2024-05-02T08:48:02","guid":{"rendered":"https:\/\/totalblue.ro\/?post_type=product&#038;p=149029"},"modified":"2025-08-07T13:50:22","modified_gmt":"2025-08-07T10:50:22","slug":"raak-konzentrierter-erdbeersirup-ohne-zucker-075l-hollandaise","status":"publish","type":"product","link":"https:\/\/totalblue.ro\/de\/produs\/raak-sirop-concentrat-de-capsune-zero-zahar-075l-olanda\/","title":{"rendered":"Raak konzentrierter Erdbeersirup, zuckerfrei 0,75L, Niederlande"},"content":{"rendered":"<div id=\"tab-description\" class=\"woocommerce-Tabs-panel woocommerce-Tabs-panel--description panel entry-content active\" role=\"tabpanel\" aria-labelledby=\"tab-title-description\">\n<p>Vor Gebrauch sch\u00fctteln.<br \/>\nZubereitung: 7 Teile Wasser auf 1 Teil Fruchtsirup geben. Sie k\u00f6nnen auch Mineralwasser verwenden.<br \/>\nEmpfehlungen: die Flasche nach dem \u00d6ffnen fest verschlie\u00dfen und k\u00fchl und dunkel lagern. Nach dem \u00d6ffnen nur begrenzt haltbar.<\/p>\n<p>Zutaten: Wasser, Fruchtsaft aus Konzentrat 10% (\u00c4pfel 5%, Erdbeeren 3%, Holunderbeeren 2%), S\u00e4uerungsmittel: Zitronens\u00e4ure, Aromen, S\u00fc\u00dfstoffe: Acesulfam-K, Sucralose, Steviolglycoside, Konservierungsmittel: Kaliumsorbat, Antioxidationsmittel: Ascorbins\u00e4ure, Stabilisator: E415.<br \/>\nN\u00e4hrwertangaben pro 100 ml:<br \/>\nEnergie 4,3 kJ (1 kcal)<br \/>\nFett 0 g, davon ges\u00e4ttigt 0 g<br \/>\nKohlenhydrate 0,2 g, davon Zucker 0 g<br \/>\nEiwei\u00df 0 g<br \/>\nSalz 0 g<\/p>\n<p>Herkunft: Produziert bei United Soft Drinks BV, Utrecht, Niederlande<br \/>\nRaak consumentenservice, ntwoordnummer 3333, 3500 VP Utrecht Nederland.<br \/>\nEinf\u00fchrer und H\u00e4ndler Total Blue Impex SRL<\/p>\n<\/div>\n<p>&nbsp;<\/p>","protected":false},"excerpt":{"rendered":"<p>Mod de utilizare: Agitati inainte de utilizare. Mod de preparare: La 1 parte sirop de fructe se adauga 7 parti apa. Puteti folosi si apa minerala. Recomandari: Inchideti sticla ermetic dupa deschidere, pastrati la loc racoros si intunecat. Perioada de valabilitate limitata dupa deschidere. Ingrediente: Apa, suc de fructe din concentrat 10% (mere 5%, capsuni [&#8230;]\n","protected":false},"featured_media":149033,"comment_status":"open","ping_status":"closed","template":"","meta":{"_acf_changed":false,"_seopress_robots_primary_cat":"none","_seopress_titles_title":"","_seopress_titles_desc":"","_seopress_robots_index":""},"product_brand":[2018],"product_cat":[1354,22112,21826,1767,3312],"giftcard-category":[],"class_list":{"0":"post-149029","1":"product","2":"type-product","3":"status-publish","4":"has-post-thumbnail","6":"product_brand-raak","7":"product_cat-apa-plata-apa-minerala-sucuri","8":"product_cat-fara-zahar-adaugat","9":"product_cat-produse-bio-dietetice","10":"product_cat-produse-olanda","11":"product_cat-bauturi-racoritoare-produse-olanda","13":"first","14":"outofstock","15":"taxable","16":"shipping-taxable","17":"purchasable","18":"product-type-simple"},"acf":[],"_links":{"self":[{"href":"https:\/\/totalblue.ro\/de\/wp-json\/wp\/v2\/product\/149029","targetHints":{"allow":["GET"]}}],"collection":[{"href":"https:\/\/totalblue.ro\/de\/wp-json\/wp\/v2\/product"}],"about":[{"href":"https:\/\/totalblue.ro\/de\/wp-json\/wp\/v2\/types\/product"}],"replies":[{"embeddable":true,"href":"https:\/\/totalblue.ro\/de\/wp-json\/wp\/v2\/comments?post=149029"}],"wp:featuredmedia":[{"embeddable":true,"href":"https:\/\/totalblue.ro\/de\/wp-json\/wp\/v2\/media\/149033"}],"wp:attachment":[{"href":"https:\/\/totalblue.ro\/de\/wp-json\/wp\/v2\/media?parent=149029"}],"wp:term":[{"taxonomy":"product_brand","embeddable":true,"href":"https:\/\/totalblue.ro\/de\/wp-json\/wp\/v2\/product_brand?post=149029"},{"taxonomy":"product_cat","embeddable":true,"href":"https:\/\/totalblue.ro\/de\/wp-json\/wp\/v2\/product_cat?post=149029"},{"taxonomy":"giftcard-category","embeddable":true,"href":"https:\/\/totalblue.ro\/de\/wp-json\/wp\/v2\/giftcard-category?post=149029"}],"curies":[{"name":"wp","href":"https:\/\/api.w.org\/{rel}","templated":true}]}}