{"id":163458,"date":"2024-06-11T15:28:02","date_gmt":"2024-06-11T12:28:02","guid":{"rendered":"https:\/\/totalblue.ro\/?post_type=product&#038;p=163458"},"modified":"2025-08-04T10:20:04","modified_gmt":"2025-08-04T07:20:04","slug":"eru-slices-cheddar-sambal-8-felii-150-g-import-olanda","status":"publish","type":"product","link":"https:\/\/totalblue.ro\/de\/produs\/eru-slices-cheddar-sambal-8-felii-150-g-import-olanda\/","title":{"rendered":"ERU Slices Cheddar Sambal 8 felii 150 g, import Olanda"},"content":{"rendered":"<p>Cheddarul are o aroma cremoasa si se combina perfect cu sambalul picant.<br \/>\nFaceti un pranz rapid si usor cu aceste felii ambalate individual.<br \/>\nInhaltsstoff : <span class=\"HwtZe\" lang=\"ro\"><span class=\"jCAhz ChMk0b\"><span class=\"ryNqvb\">43% br\u00e2nz\u0103 (lapte) (din care 50% cheddar), ap\u0103, unt (lapte), 5,5% sambal trassie (crustacee) (ardei iute, sare, trassie (crustacee) <\/span><\/span><span class=\"jCAhz ChMk0b\"><span class=\"ryNqvb\">(sare, ap\u0103), acid alimentar (acid acetic), conservant (E202)), proteine \u200b\u200bdin lapte, zer praf (lapte), s\u0103ruri de topire (E452), extract de drojdie, sare<br \/>\nN\u00e4hrwertangaben \/ 100 g:<br \/>\nEnergie 1184 kJ (285 kcal)<br \/>\nGrasimi 23 g din care grasimi saturate 15 g<br \/>\nGlucide 2.6 g din care zaharuri 2.6 g<br \/>\nProteine \u200b\u200b17 g<br \/>\nSare 3.7 g<\/span><\/span><\/span><\/p>","protected":false},"excerpt":{"rendered":"<p>Cheddarul are o aroma cremoasa si se combina perfect cu sambalul picant. Faceti un pranz rapid si usor cu aceste felii ambalate individual. Ingrediente : 43% br\u00e2nz\u0103 (lapte) (din care 50% cheddar), ap\u0103, unt (lapte), 5,5% sambal trassie (crustacee) (ardei iute, sare, trassie (crustacee) (sare, ap\u0103), acid alimentar (acid acetic), conservant (E202)), proteine \u200b\u200bdin lapte, [&#8230;]\n","protected":false},"featured_media":163465,"comment_status":"open","ping_status":"closed","template":"","meta":{"_acf_changed":false,"_seopress_robots_primary_cat":"none","_seopress_titles_title":"","_seopress_titles_desc":"","_seopress_robots_index":""},"product_brand":[16756],"product_cat":[1555,4226,3288,1767],"giftcard-category":[],"class_list":{"0":"post-163458","1":"product","2":"type-product","3":"status-publish","4":"has-post-thumbnail","6":"product_brand-eru","7":"product_cat-bacanie","8":"product_cat-branzeturi-bacanie","9":"product_cat-branzeturi","10":"product_cat-produse-olanda","12":"first","13":"outofstock","14":"taxable","15":"shipping-taxable","16":"purchasable","17":"product-type-simple"},"acf":[],"_links":{"self":[{"href":"https:\/\/totalblue.ro\/de\/wp-json\/wp\/v2\/product\/163458","targetHints":{"allow":["GET"]}}],"collection":[{"href":"https:\/\/totalblue.ro\/de\/wp-json\/wp\/v2\/product"}],"about":[{"href":"https:\/\/totalblue.ro\/de\/wp-json\/wp\/v2\/types\/product"}],"replies":[{"embeddable":true,"href":"https:\/\/totalblue.ro\/de\/wp-json\/wp\/v2\/comments?post=163458"}],"wp:featuredmedia":[{"embeddable":true,"href":"https:\/\/totalblue.ro\/de\/wp-json\/wp\/v2\/media\/163465"}],"wp:attachment":[{"href":"https:\/\/totalblue.ro\/de\/wp-json\/wp\/v2\/media?parent=163458"}],"wp:term":[{"taxonomy":"product_brand","embeddable":true,"href":"https:\/\/totalblue.ro\/de\/wp-json\/wp\/v2\/product_brand?post=163458"},{"taxonomy":"product_cat","embeddable":true,"href":"https:\/\/totalblue.ro\/de\/wp-json\/wp\/v2\/product_cat?post=163458"},{"taxonomy":"giftcard-category","embeddable":true,"href":"https:\/\/totalblue.ro\/de\/wp-json\/wp\/v2\/giftcard-category?post=163458"}],"curies":[{"name":"wp","href":"https:\/\/api.w.org\/{rel}","templated":true}]}}