{"id":163612,"date":"2024-06-12T09:50:55","date_gmt":"2024-06-12T06:50:55","guid":{"rendered":"https:\/\/totalblue.ro\/?post_type=product&#038;p=163612"},"modified":"2025-02-28T15:22:34","modified_gmt":"2025-02-28T13:22:34","slug":"honig-indische-tandoori-basis-48-g-import-aus-den-niederlanden","status":"publish","type":"product","link":"https:\/\/totalblue.ro\/de\/produs\/honig-baza-pentru-tandoori-indian-48-g-import-olanda\/","title":{"rendered":"Honig Indischer Tandoori-Boden 48 g, Import aus den Niederlanden"},"content":{"rendered":"<p>Zutaten: Zucker, Gew\u00fcrze (Paprikapulver, Kurkuma, Kreuzk\u00fcmmel, Koriander, Ingwerwurzel, Buzdugan, Pfeffer, Cayennepfeffer, Bockshornklee, Chilischote, Kardamom), Salz, Reismehl, Glukosesirup, St\u00e4rke, Hefeextrakt, Lebensmittels\u00e4ure (Zitronens\u00e4ure), nat\u00fcrliches Aroma, Raps\u00f6l, Farbstoff (Paprikaextrakt)<br \/>\nN\u00e4hrwertangaben<br \/>\nDiese Werte gelten f\u00fcr das unzubereitete Produkt.<br \/>\nTipp pro 100 Gramm<br \/>\nEnergie 1386 kJ (328 kcal)<br \/>\nFett 3,8 g, davon ges\u00e4ttigt 0,7 g<br \/>\nKohlenhydrate 66 g, davon Zucker 37 g<br \/>\nBallaststoffe 4,7 g<br \/>\nEiwei\u00df 4,7 g<br \/>\nSalz 14,8 g<\/p>\n<div id=\"tab-description\" class=\"woocommerce-Tabs-panel woocommerce-Tabs-panel--description panel entry-content active\" role=\"tabpanel\" aria-labelledby=\"tab-title-description\">\n<p>Honig Consumentenservice, Antwoordnummer 98057 1000 VA Amsterdam, Die Niederlande<br \/>\nEinf\u00fchrer und H\u00e4ndler Total Blue Impex SRL<\/p>\n<\/div>\n<div id=\"tab-additional_information\" class=\"woocommerce-Tabs-panel woocommerce-Tabs-panel--additional_information panel entry-content\" role=\"tabpanel\" aria-labelledby=\"tab-title-additional_information\"><\/div>","protected":false},"excerpt":{"rendered":"<p>Ingrediente: zahar, condimente (praf de boia de ardei, turmeric, seminte de chimen, coriandru, radacina de ghimbir, buzdugan, piper, piper cayenne, schinduf, ardei iute, cardamom), sare, faina de orez, sirop de glucoza, amidon, extract de drojdie, acid alimentar ( acid citric), aroma naturala, ulei de rapita, colorant (extract de boia) Valori nutritive Aceste valori se aplica [&#8230;]\n","protected":false},"featured_media":163643,"comment_status":"open","ping_status":"closed","template":"","meta":{"_acf_changed":false,"_seopress_robots_primary_cat":"1451","_seopress_titles_title":"Honig Mix Condimente pentru chili con carne 42 g Olanda","_seopress_titles_desc":"Cauti chili con carne ? Cumpara acum Honig Mix Condimente pentru chili con carne rapid si iefetin din magazinul nostru cu produse olandeze.","_seopress_robots_index":""},"product_brand":[2066],"product_cat":[1555,1451,3280,1767],"giftcard-category":[],"class_list":{"0":"post-163612","1":"product","2":"type-product","3":"status-publish","4":"has-post-thumbnail","6":"product_brand-honig","7":"product_cat-bacanie","8":"product_cat-condimente-produse-instant","9":"product_cat-condimente-sosuri","10":"product_cat-produse-olanda","12":"first","13":"outofstock","14":"taxable","15":"shipping-taxable","16":"purchasable","17":"product-type-simple"},"acf":[],"_links":{"self":[{"href":"https:\/\/totalblue.ro\/de\/wp-json\/wp\/v2\/product\/163612","targetHints":{"allow":["GET"]}}],"collection":[{"href":"https:\/\/totalblue.ro\/de\/wp-json\/wp\/v2\/product"}],"about":[{"href":"https:\/\/totalblue.ro\/de\/wp-json\/wp\/v2\/types\/product"}],"replies":[{"embeddable":true,"href":"https:\/\/totalblue.ro\/de\/wp-json\/wp\/v2\/comments?post=163612"}],"wp:featuredmedia":[{"embeddable":true,"href":"https:\/\/totalblue.ro\/de\/wp-json\/wp\/v2\/media\/163643"}],"wp:attachment":[{"href":"https:\/\/totalblue.ro\/de\/wp-json\/wp\/v2\/media?parent=163612"}],"wp:term":[{"taxonomy":"product_brand","embeddable":true,"href":"https:\/\/totalblue.ro\/de\/wp-json\/wp\/v2\/product_brand?post=163612"},{"taxonomy":"product_cat","embeddable":true,"href":"https:\/\/totalblue.ro\/de\/wp-json\/wp\/v2\/product_cat?post=163612"},{"taxonomy":"giftcard-category","embeddable":true,"href":"https:\/\/totalblue.ro\/de\/wp-json\/wp\/v2\/giftcard-category?post=163612"}],"curies":[{"name":"wp","href":"https:\/\/api.w.org\/{rel}","templated":true}]}}