{"id":164312,"date":"2024-06-17T13:23:37","date_gmt":"2024-06-17T10:23:37","guid":{"rendered":"https:\/\/totalblue.ro\/?post_type=product&#038;p=164312"},"modified":"2026-04-03T15:47:51","modified_gmt":"2026-04-03T12:47:51","slug":"yildriz-sos-turcesc-picant-de-usturoi-pentru-kebab-265-ml-import-olanda","status":"publish","type":"product","link":"https:\/\/totalblue.ro\/de\/produs\/yildriz-sos-turcesc-picant-de-usturoi-pentru-kebab-265-ml-import-olanda\/","title":{"rendered":"Yildriz T\u00fcrkische w\u00fcrzige Knoblauchsauce f\u00fcr Kebab 265 ml, Import aus den Niederlanden"},"content":{"rendered":"<p>Pentru iubitorii de mancare condimentata<br \/>\nDelicios cu pizza turceasca, shaoarma si alte preparate din carne<br \/>\nCu capac de dozare la indemana<br \/>\nSos picant de usturoi. Contine zahar si indulcitor.<br \/>\nYildriz face cele mai gustoase sosuri din lume, pe baza retetelor locale si a ingredientelor din toata lumea. Sosuri din lume Yildriz: pentru cei cu gust!<br \/>\nIngrediente: apa, ulei de rapita, zahar, otet, usturoi 3,3%, amidon de porumb modificat, amidon de porumb, galbenus de OU, sare, patrunjel, condimente, aroma naturala, FAINA DE M\u00daSTAR, acid: acid citric, agenti de ingrosare: guma guar si guma xantan, conservant: sorbat de potasiu, antioxidant: E385, indulcitor: sucraloza.<br \/>\nInformationen \u00fcber Allergien<br \/>\nEnth\u00e4lt: Eier, Senf<br \/>\nN\u00e4hrwertangaben<br \/>\nDiese Werte gelten f\u00fcr das unzubereitete Produkt.<br \/>\nSpitze pro 100 Milliliter<br \/>\nEnergie 1176 kJ (284 kcal)<br \/>\nGrasimi 23 g din care saturate 1,8 g<br \/>\nGlucide 17 g din care zaharuri 9,6 g<br \/>\nEiwei\u00df 1,2 g<br \/>\nsare 1,7 g<br \/>\nLagerung: Nach dem \u00d6ffnen k\u00fchl lagern.<br \/>\nCu ardei iute rosu din afara UE.<br \/>\nFurnizor Yildriz PO Box 362, 3700 AJ Zeist<\/p>","protected":false},"excerpt":{"rendered":"<p>Pentru iubitorii de mancare condimentata Delicios cu pizza turceasca, shaoarma si alte preparate din carne Cu capac de dozare la indemana Sos picant de usturoi. Contine zahar si indulcitor. Yildriz face cele mai gustoase sosuri din lume, pe baza retetelor locale si a ingredientelor din toata lumea. Sosuri din lume Yildriz: pentru cei cu gust! [&#8230;]\n","protected":false},"featured_media":164318,"comment_status":"open","ping_status":"closed","template":"","meta":{"_acf_changed":false,"_seopress_robots_primary_cat":"none","_seopress_titles_title":"","_seopress_titles_desc":"","_seopress_robots_index":""},"product_brand":[25865],"product_cat":[1555,21674,3280,1451,17494,1767],"giftcard-category":[],"class_list":{"0":"post-164312","1":"product","2":"type-product","3":"status-publish","4":"has-post-thumbnail","6":"product_brand-yildriz","7":"product_cat-bacanie","8":"product_cat-condimente-sosuri-influente-asiatice","9":"product_cat-condimente-sosuri","10":"product_cat-condimente-produse-instant","11":"product_cat-influente-asiatice","12":"product_cat-produse-olanda","14":"first","15":"instock","16":"taxable","17":"shipping-taxable","18":"purchasable","19":"product-type-simple"},"acf":[],"_links":{"self":[{"href":"https:\/\/totalblue.ro\/de\/wp-json\/wp\/v2\/product\/164312","targetHints":{"allow":["GET"]}}],"collection":[{"href":"https:\/\/totalblue.ro\/de\/wp-json\/wp\/v2\/product"}],"about":[{"href":"https:\/\/totalblue.ro\/de\/wp-json\/wp\/v2\/types\/product"}],"replies":[{"embeddable":true,"href":"https:\/\/totalblue.ro\/de\/wp-json\/wp\/v2\/comments?post=164312"}],"wp:featuredmedia":[{"embeddable":true,"href":"https:\/\/totalblue.ro\/de\/wp-json\/wp\/v2\/media\/164318"}],"wp:attachment":[{"href":"https:\/\/totalblue.ro\/de\/wp-json\/wp\/v2\/media?parent=164312"}],"wp:term":[{"taxonomy":"product_brand","embeddable":true,"href":"https:\/\/totalblue.ro\/de\/wp-json\/wp\/v2\/product_brand?post=164312"},{"taxonomy":"product_cat","embeddable":true,"href":"https:\/\/totalblue.ro\/de\/wp-json\/wp\/v2\/product_cat?post=164312"},{"taxonomy":"giftcard-category","embeddable":true,"href":"https:\/\/totalblue.ro\/de\/wp-json\/wp\/v2\/giftcard-category?post=164312"}],"curies":[{"name":"wp","href":"https:\/\/api.w.org\/{rel}","templated":true}]}}