{"id":164722,"date":"2024-06-18T16:06:34","date_gmt":"2024-06-18T13:06:34","guid":{"rendered":"https:\/\/totalblue.ro\/?post_type=product&#038;p=164722"},"modified":"2026-04-01T11:07:46","modified_gmt":"2026-04-01T08:07:46","slug":"remia-dressing-mit-grunen-zwiebeln-dill-und-petersilie-450ml","status":"publish","type":"product","link":"https:\/\/totalblue.ro\/de\/produs\/remia-dressing-cu-ceapa-verde-marar-si-patrunjel-450ml\/","title":{"rendered":"Remia Dressing mit gr\u00fcnen Zwiebeln, Dill und Petersilie, 450ml"},"content":{"rendered":"<p>Einfach zu dosieren dank der praktischen Flasche.<br \/>\nKeine k\u00fcnstlichen Farb-, Duft- und Geschmacksstoffe, Konservierungsmittel oder Konservierungsstoffe.<br \/>\nGlutenfrei.<br \/>\nZutaten: Wasser, Raps\u00f6l, nat\u00fcrlicher Essig, Gem\u00fcse 6,5% (Zwiebel, Paprika, Schalotte), Zucker, Zitronensaft, Kr\u00e4uter 4,7% (Schnittlauch, Dill, Petersilie), Eigelb und Eigelb, Senf (Wasser, Senfk\u00f6rner, Essig, Gew\u00fcrze), modifizierte Maisst\u00e4rke, Salz, Verdickungsmittel: Guarkernmehl, nat\u00fcrliches Aroma, Antioxidationsmittel: E385, Farbstoff: Carotin.<br \/>\nInformationen \u00fcber Allergien<br \/>\nEnth\u00e4lt: Eier, Senf<br \/>\nN\u00e4hrwertangaben<br \/>\nDiese Werte gelten f\u00fcr das unzubereitete Produkt.<br \/>\nSpitze pro 100 Milliliter<br \/>\nEnergie 954 kJ (230 kcal)<br \/>\nFett 21 g, davon ges\u00e4ttigt 1,6 g<br \/>\nKohlenhydrate 9,6 g, davon Zucker 7 g<br \/>\nEiwei\u00df 0,7 g<br \/>\nSalz 1,1 g<br \/>\nLagerung: Nach dem \u00d6ffnen im K\u00fchlschrank aufbewahren.<\/p>","protected":false},"excerpt":{"rendered":"<p>Usor de dozat datorita flaconului la indemana. Fara coloranti artificiali, parfumuri, arome si conservanti. Nu contine gluten. Ingrediente: apa, ulei de rapita, otet natural, legume 6,5% (ceapa, ardei, esalota), zahar, suc de lamaie, ierburi 4,7% (arpagic, marar, patrunjel), OU de crescatorie si GALBEN DE OU, MUSTAR (apa, MUSTAR). SEMINTE, otet, condimente), amidon de porumb modificat, [&#8230;]\n","protected":false},"featured_media":242067,"comment_status":"open","ping_status":"closed","template":"","meta":{"_acf_changed":false,"_seopress_robots_primary_cat":"1767","_seopress_titles_title":"","_seopress_titles_desc":"","_seopress_robots_index":""},"product_brand":[2045],"product_cat":[1555,1451,3280,1767],"giftcard-category":[],"class_list":{"0":"post-164722","1":"product","2":"type-product","3":"status-publish","4":"has-post-thumbnail","6":"product_brand-remia","7":"product_cat-bacanie","8":"product_cat-condimente-produse-instant","9":"product_cat-condimente-sosuri","10":"product_cat-produse-olanda","12":"first","13":"instock","14":"taxable","15":"shipping-taxable","16":"purchasable","17":"product-type-simple"},"acf":[],"_links":{"self":[{"href":"https:\/\/totalblue.ro\/de\/wp-json\/wp\/v2\/product\/164722","targetHints":{"allow":["GET"]}}],"collection":[{"href":"https:\/\/totalblue.ro\/de\/wp-json\/wp\/v2\/product"}],"about":[{"href":"https:\/\/totalblue.ro\/de\/wp-json\/wp\/v2\/types\/product"}],"replies":[{"embeddable":true,"href":"https:\/\/totalblue.ro\/de\/wp-json\/wp\/v2\/comments?post=164722"}],"wp:featuredmedia":[{"embeddable":true,"href":"https:\/\/totalblue.ro\/de\/wp-json\/wp\/v2\/media\/242067"}],"wp:attachment":[{"href":"https:\/\/totalblue.ro\/de\/wp-json\/wp\/v2\/media?parent=164722"}],"wp:term":[{"taxonomy":"product_brand","embeddable":true,"href":"https:\/\/totalblue.ro\/de\/wp-json\/wp\/v2\/product_brand?post=164722"},{"taxonomy":"product_cat","embeddable":true,"href":"https:\/\/totalblue.ro\/de\/wp-json\/wp\/v2\/product_cat?post=164722"},{"taxonomy":"giftcard-category","embeddable":true,"href":"https:\/\/totalblue.ro\/de\/wp-json\/wp\/v2\/giftcard-category?post=164722"}],"curies":[{"name":"wp","href":"https:\/\/api.w.org\/{rel}","templated":true}]}}