{"id":165414,"date":"2024-06-21T14:53:52","date_gmt":"2024-06-21T11:53:52","guid":{"rendered":"https:\/\/totalblue.ro\/?post_type=product&#038;p=165414"},"modified":"2025-03-31T16:52:26","modified_gmt":"2025-03-31T13:52:26","slug":"remia-wurzige-currysauce-300-ml","status":"publish","type":"product","link":"https:\/\/totalblue.ro\/de\/produs\/remia-sos-curry-picant-300-ml\/","title":{"rendered":"Remia Pikante Currysauce 300 ml"},"content":{"rendered":"<p>Remia-Curry hat einen k\u00f6stlichen und w\u00fcrzigen Geschmack.<br \/>\nK\u00f6stlich zu Frikandel, Pommes frites, Burger oder Sandwich.<br \/>\nGlutenfrei<br \/>\nDieses Produkt ist 100% Gem\u00fcse<br \/>\nZutaten: Wasser, Tomatenmark, Zucker, Essig, modifizierte Maisst\u00e4rke, Salz, Currygew\u00fcrz, Farbstoff: Karamell, Raps\u00f6l, Verdickungsmittel: Xanthan, nat\u00fcrliches Aroma, Lebensmittels\u00e4ure: Zitronens\u00e4ure, Konservierungsmittel: Kaliumsorbat, Kr\u00e4uter, S\u00fc\u00dfholzpulver. S\u00fc\u00dfstoffe: Acesulfam-K und Aspartam*.<br \/>\nN\u00e4hrwertangaben<br \/>\nDiese Werte gelten f\u00fcr das unzubereitete Produkt.<br \/>\nTipp pro 100 Gramm<br \/>\nEnergie 421 kJ (99 kcal)<br \/>\nFett 0,2 g, davon ges\u00e4ttigt 0,1 g<br \/>\nKohlenhydrate 23 g, davon Zucker 19 g<br \/>\nEiwei\u00df 0,6 g<br \/>\nSalz 1,6 g<br \/>\nLagerung: Nach dem \u00d6ffnen k\u00fchl und trocken lagern.<\/p>","protected":false},"excerpt":{"rendered":"<p>Remia curry are un gust delicioa si picant. Delicios cu un frikandel, cartofi prajiti speciali, hamburger sau sandwich. Nu contine gluten Acest produs este 100% vegetal Ingrediente: apa, pasta de rosii, zahar, otet, amidon de porumb modificat, sare, condimente curry, culoare: caramel, ulei de rapita, agent de ingrosare: guma xantan, aroma naturala, acid alimentar: acid [&#8230;]\n","protected":false},"featured_media":124214,"comment_status":"open","ping_status":"closed","template":"","meta":{"_acf_changed":false,"_seopress_robots_primary_cat":"1767","_seopress_titles_title":"Remia Sos curry picant 0,5 l, remia sos de rosii cu curry","_seopress_titles_desc":"Cauti Remia Curry Gewurz? Cumpara acum sos de rosii, sos de rosii picant, sos de rosii cu curry, sos de rosii Remia, sos de rosii picant, ketchup Remia","_seopress_robots_index":""},"product_brand":[2045],"product_cat":[1555,1451,3280,22076,21826,1767,21880,22064],"giftcard-category":[],"class_list":{"0":"post-165414","1":"product","2":"type-product","3":"status-publish","4":"has-post-thumbnail","6":"product_brand-remia","7":"product_cat-bacanie","8":"product_cat-condimente-produse-instant","9":"product_cat-condimente-sosuri","10":"product_cat-fara-gluten","11":"product_cat-produse-bio-dietetice","12":"product_cat-produse-olanda","13":"product_cat-vegan","14":"product_cat-vegetarian","16":"first","17":"outofstock","18":"taxable","19":"shipping-taxable","20":"purchasable","21":"product-type-simple"},"acf":[],"_links":{"self":[{"href":"https:\/\/totalblue.ro\/de\/wp-json\/wp\/v2\/product\/165414","targetHints":{"allow":["GET"]}}],"collection":[{"href":"https:\/\/totalblue.ro\/de\/wp-json\/wp\/v2\/product"}],"about":[{"href":"https:\/\/totalblue.ro\/de\/wp-json\/wp\/v2\/types\/product"}],"replies":[{"embeddable":true,"href":"https:\/\/totalblue.ro\/de\/wp-json\/wp\/v2\/comments?post=165414"}],"wp:featuredmedia":[{"embeddable":true,"href":"https:\/\/totalblue.ro\/de\/wp-json\/wp\/v2\/media\/124214"}],"wp:attachment":[{"href":"https:\/\/totalblue.ro\/de\/wp-json\/wp\/v2\/media?parent=165414"}],"wp:term":[{"taxonomy":"product_brand","embeddable":true,"href":"https:\/\/totalblue.ro\/de\/wp-json\/wp\/v2\/product_brand?post=165414"},{"taxonomy":"product_cat","embeddable":true,"href":"https:\/\/totalblue.ro\/de\/wp-json\/wp\/v2\/product_cat?post=165414"},{"taxonomy":"giftcard-category","embeddable":true,"href":"https:\/\/totalblue.ro\/de\/wp-json\/wp\/v2\/giftcard-category?post=165414"}],"curies":[{"name":"wp","href":"https:\/\/api.w.org\/{rel}","templated":true}]}}