{"id":165901,"date":"2024-06-25T15:13:15","date_gmt":"2024-06-25T12:13:15","guid":{"rendered":"https:\/\/totalblue.ro\/?post_type=product&#038;p=165901"},"modified":"2026-01-21T11:57:21","modified_gmt":"2026-01-21T09:57:21","slug":"nongshim-shin-kimchi-nudeln-wurzige-instant-suppe-120g","status":"publish","type":"product","link":"https:\/\/totalblue.ro\/de\/produs\/nongshim-shin-kimchi-noodles-supa-instant-picanta-120g\/","title":{"rendered":"Nongshim Shin Kimchi Nudeln, w\u00fcrzige Fertigsuppe 120g"},"content":{"rendered":"<p>Nongshim Shin Kimchi Noodles sind d\u00fcnne Nudeln, aus denen in Kombination mit den Aromen in der Packung in nur 5 Minuten eine w\u00fcrzige, aromatische Suppe f\u00fcr eine schnelle Mahlzeit zu g\u00fcnstigen Preisen zubereitet werden kann.<br \/>\nVorbereiten:<br \/>\n500 Milliliter Wasser zum Kochen bringen<br \/>\nDas P\u00e4ckchen mit dem Gew\u00fcrzpulver in das kochende Wasser geben<br \/>\nWenn das Wasser kocht, die Nudeln hinzuf\u00fcgen und weitere 5 Minuten kochen.<br \/>\nNach 5 Minuten die Mischung vom Herd nehmen und das P\u00e4ckchen mit den Gem\u00fcseflocken hinzuf\u00fcgen.<br \/>\nGut mischen und servieren<\/p>\n<p>ZUTATEN: Nudeln: Weizenmehl,St\u00e4rke -Kartoffeln, Weizen, Pflanzen\u00f6l -enth\u00e4lt Antioxidans 307B, Salz, Mineralsalze -501, 500, 452, 339, Emulgator -322, Soja, Gr\u00fcntee-Extrakt, Gew\u00fcrzpulverbeutel<br \/>\nHydrolysiertes pflanzliches Eiwei\u00df - Soja, Mais, Salz, Maltodextrin, Hefeextrakt, Sojasauce, Gew\u00fcrze, Zucker, Fruktose, S\u00fc\u00dfstoff -420, Geschmacksverst\u00e4rker -627, 621, 631, Soja, Weizenmehl, pflanzliche \u00d6le - Sojabohnen, Verdickungsmittel -414, Maismehl, Glukose, Gem\u00fcse, Emulgator -322, Soja, Gem\u00fcseflocken-Paket: Kimci - fermentierter Chinakohl, Knoblauch, rote Chilischoten, Pak-choi, Karotten, gr\u00fcne Zwiebeln.<\/p>\n<p>N\u00e4hrwertangaben pro 100 g :<br \/>\nEnergie: 1800 kJ \/ 427 kcal<br \/>\nFett 13 g, davon ges\u00e4ttigte Fetts\u00e4uren 6,5 g<br \/>\nKohlenhydrate 68 g oder davon Zucker 4,9 g<br \/>\nEiwei\u00df 9,6 g<br \/>\nSalz 4,5 g<\/p>\n<p>&nbsp;<\/p>\n<p>&nbsp;<\/p>","protected":false},"excerpt":{"rendered":"<p>Nongshim Shin Kimchi Noodle sunt taietei subtiri, ce in combinatie cu aromele din pachet, se pot utiliza pentru realizarea unei supe picante, aromata, pentru a obtine o masa rapida, in doar 5 minute la preturi accesibile. Preparare: Se pun la fiert 500 mililitri de apa Plicul cu condimente pudra se adauga in apa de fiert [&#8230;]\n","protected":false},"featured_media":165907,"comment_status":"open","ping_status":"closed","template":"","meta":{"_acf_changed":false,"_seopress_robots_primary_cat":"none","_seopress_titles_title":"","_seopress_titles_desc":"","_seopress_robots_index":""},"product_brand":[26144],"product_cat":[1555,1683,3272,17494,21594,1767],"giftcard-category":[],"class_list":{"0":"post-165901","1":"product","2":"type-product","3":"status-publish","4":"has-post-thumbnail","6":"product_brand-nongshim","7":"product_cat-bacanie","8":"product_cat-conserve-mancare-gatita","9":"product_cat-conserve","10":"product_cat-influente-asiatice","11":"product_cat-noodles-supe-instant","12":"product_cat-produse-olanda","14":"first","15":"outofstock","16":"taxable","17":"shipping-taxable","18":"purchasable","19":"product-type-simple"},"acf":[],"_links":{"self":[{"href":"https:\/\/totalblue.ro\/de\/wp-json\/wp\/v2\/product\/165901","targetHints":{"allow":["GET"]}}],"collection":[{"href":"https:\/\/totalblue.ro\/de\/wp-json\/wp\/v2\/product"}],"about":[{"href":"https:\/\/totalblue.ro\/de\/wp-json\/wp\/v2\/types\/product"}],"replies":[{"embeddable":true,"href":"https:\/\/totalblue.ro\/de\/wp-json\/wp\/v2\/comments?post=165901"}],"wp:featuredmedia":[{"embeddable":true,"href":"https:\/\/totalblue.ro\/de\/wp-json\/wp\/v2\/media\/165907"}],"wp:attachment":[{"href":"https:\/\/totalblue.ro\/de\/wp-json\/wp\/v2\/media?parent=165901"}],"wp:term":[{"taxonomy":"product_brand","embeddable":true,"href":"https:\/\/totalblue.ro\/de\/wp-json\/wp\/v2\/product_brand?post=165901"},{"taxonomy":"product_cat","embeddable":true,"href":"https:\/\/totalblue.ro\/de\/wp-json\/wp\/v2\/product_cat?post=165901"},{"taxonomy":"giftcard-category","embeddable":true,"href":"https:\/\/totalblue.ro\/de\/wp-json\/wp\/v2\/giftcard-category?post=165901"}],"curies":[{"name":"wp","href":"https:\/\/api.w.org\/{rel}","templated":true}]}}