{"id":167822,"date":"2024-07-03T16:32:53","date_gmt":"2024-07-03T13:32:53","guid":{"rendered":"https:\/\/totalblue.ro\/?post_type=product&#038;p=167822"},"modified":"2026-03-05T14:09:06","modified_gmt":"2026-03-05T12:09:06","slug":"knorr-fischsauce-48g","status":"publish","type":"product","link":"https:\/\/totalblue.ro\/de\/produs\/sos-de-peste-knorr-48g\/","title":{"rendered":"Knorr Fischsauce 48g"},"content":{"rendered":"<div id=\"content_tab_description\" class=\"tab-content tab-description\">\n<div class=\"tab-content-inner\">\n<div class=\"tab-content-scroll\">Zutaten: Palmfett, Kartoffelst\u00e4rke, Weizenmehl, Glukosesirup, Maltodextrin, jodiertes Salz, Milcheiwei\u00df, Aromen (enth\u00e4lt Fisch, Alkohol), Tomatenpulver\u00b9, Kabeljau-Pulver 1,6%, Sojasauce (Soja, Weizen), Salz, Mineralsalz (Kalium) ), Zitronensaft, hydrolisiertes Maisprotein, Kr\u00e4uter (Lesthen\u00b9, Petersilie\u00b9, Lorbeerblatt), Hefeextrakt, Gew\u00fcrze (Kurkuma\u00b9, Pfeffer, Petersilienwurzelpulver\u00b9), Hummerextrakt 0,3%, Zucker, Rote-Bete-Saftpulver. kann Sellerie, Ei, Schalentiere, Senf enthalten. \u00b9 aus nachhaltigem Anbau.<br \/>\nEnth\u00e4lt glutenhaltiges Getreide, Milch, Schalentiere, Fisch. Kann Ei, Senf, Sellerie, Soja, Weichtiere enthalten.<br \/>\nN\u00e4hrwertangaben pro Portion \/ 100g<br \/>\nEnergie 455 kcal \/ 109 kcal<br \/>\nFett 8,1 g, davon Fetts\u00e4uren 4,8 g<br \/>\nKohlenhydrate 7,5 g, davon Zucker 0,6 g<br \/>\nBallaststoffe &lt; 0,5 g<br \/>\nEiwei\u00df 1,4 g<br \/>\nSalz 1,1 g<br \/>\nVorbereitung<br \/>\n1. Mischen Sie den Inhalt dieses Beutels mit 250 ml kaltem Wasser in einem Kochtopf mit einem Tuch.<\/div>\n<div class=\"tab-content-scroll\">2. Die Mischung unter R\u00fchren aufkochen lassen.<br \/>\n3. Gegebenenfalls frische Zutaten hinzuf\u00fcgen und die Sauce noch einige Minuten k\u00f6cheln lassen.<\/div>\n<\/div>\n<\/div>","protected":false},"excerpt":{"rendered":"<p>Ingrediente: grasime de palmier, amidon de cartofi, faina de grau, sirop de glucoza, maltodextrina, sare iodata, proteine \u200b\u200bdin lapte, arome (contine peste, alcool), pudra de rosii\u00b9, pudra de cod 1,6%, sos de soia (soia, grau), sare, sare minerala (potasiu) ), suc de lamaie, proteina hidrolizata din porumb, ierburi (lesten\u00b9, patrunjel\u00b9, frunza de dafin), extract de [&#8230;]\n","protected":false},"featured_media":167828,"comment_status":"open","ping_status":"closed","template":"","meta":{"_acf_changed":false,"_seopress_robots_primary_cat":"none","_seopress_titles_title":"","_seopress_titles_desc":"","_seopress_robots_index":""},"product_brand":[1870],"product_cat":[1555,3280,3380,1950,1767,1954],"giftcard-category":[],"class_list":{"0":"post-167822","1":"product","2":"type-product","3":"status-publish","4":"has-post-thumbnail","6":"product_brand-knorr","7":"product_cat-bacanie","8":"product_cat-condimente-sosuri","9":"product_cat-condimente-sosuri-produse-germania","10":"product_cat-produse-germania","11":"product_cat-produse-olanda","12":"product_cat-semipreparate","14":"first","15":"instock","16":"taxable","17":"shipping-taxable","18":"purchasable","19":"product-type-simple"},"acf":[],"_links":{"self":[{"href":"https:\/\/totalblue.ro\/de\/wp-json\/wp\/v2\/product\/167822","targetHints":{"allow":["GET"]}}],"collection":[{"href":"https:\/\/totalblue.ro\/de\/wp-json\/wp\/v2\/product"}],"about":[{"href":"https:\/\/totalblue.ro\/de\/wp-json\/wp\/v2\/types\/product"}],"replies":[{"embeddable":true,"href":"https:\/\/totalblue.ro\/de\/wp-json\/wp\/v2\/comments?post=167822"}],"wp:featuredmedia":[{"embeddable":true,"href":"https:\/\/totalblue.ro\/de\/wp-json\/wp\/v2\/media\/167828"}],"wp:attachment":[{"href":"https:\/\/totalblue.ro\/de\/wp-json\/wp\/v2\/media?parent=167822"}],"wp:term":[{"taxonomy":"product_brand","embeddable":true,"href":"https:\/\/totalblue.ro\/de\/wp-json\/wp\/v2\/product_brand?post=167822"},{"taxonomy":"product_cat","embeddable":true,"href":"https:\/\/totalblue.ro\/de\/wp-json\/wp\/v2\/product_cat?post=167822"},{"taxonomy":"giftcard-category","embeddable":true,"href":"https:\/\/totalblue.ro\/de\/wp-json\/wp\/v2\/giftcard-category?post=167822"}],"curies":[{"name":"wp","href":"https:\/\/api.w.org\/{rel}","templated":true}]}}