{"id":167965,"date":"2024-07-04T12:48:36","date_gmt":"2024-07-04T09:48:36","guid":{"rendered":"https:\/\/totalblue.ro\/?post_type=product&#038;p=167965"},"modified":"2025-08-05T14:23:12","modified_gmt":"2025-08-05T11:23:12","slug":"pasta-de-condimente-thaise-gele-curry-conimex-90g","status":"publish","type":"product","link":"https:\/\/totalblue.ro\/de\/produs\/pasta-de-condimente-thaise-gele-curry-conimex-90g\/","title":{"rendered":"Pasta de condimente Thaise Gele Curry Conimex 90g"},"content":{"rendered":"<p>Pasta de curry verde Conimex este un curry thailandez bland cu curry, lemongrass si Laos.<br \/>\n<strong>Inhaltsstoff:<\/strong> I Lemongrass 17,3%, usturoi, ceapa, radacina de galanga 11,5%, piure de ghimbir, ulei de rapita, sare, suc de lamaie, zahar de palmier, curry 3,3% (PUDRA DE MUSTAR, turmeric, schinduf, piper, chimen, ghimbir, coriandru, chimen, galanga, ardei iute, scortisoara, telina, iarba de lamaie, maghiran, frunza de dafin), piure de ardei iute rosu, condimente (turmeric, coriandru, chimen), amidon modificat, frunza de tei Kaffir, aroma naturala.<br \/>\nInformationen \u00fcber Allergien<br \/>\nContine: telina, mustar<br \/>\nN\u00e4hrwertangaben pro 100g :<br \/>\nEnergie 624 kJ (149 kcal)<br \/>\nGrasime 8.4 g din care grasimi saturate 0.7 g<br \/>\nCarbohidrati 14 g din care zaharuri 8.5 g<br \/>\nEiwei\u00df 2,5 g<br \/>\nSare 5.1 g<\/p>\n<p><strong>Empfohlene Zubereitung:<\/strong><br \/>\n&#8211; 250 g file de pui (cuburi)<br \/>\n&#8211; 200 g broccoli<br \/>\n&#8211; 1 ceapa<br \/>\n&#8211; 225 g orez pandan<br \/>\n&#8211; 200 ml lapte de cocos<br \/>\n&#8211; 2 linguri ulei wok Conimex<br \/>\n1. Gatiti orezul.<br \/>\n2. Taiati ceapa in jumatate de rondele, taiati broccoli in jumatate in buchete.<br \/>\n3. Fierbeti in prealabil broccoli aproximativ 2 minute.<br \/>\n4. Prajiti cuburile de pui in ulei wok pana se rumenesc. Prajiti apoi ceapa inca 3 minute.<br \/>\n5. Reduceti focul la mic, adaugati pasta de curry, laptele de cocos, 100 ml apa si broccoli. Se aduce la fierbere amestecand si se lasa sa fiarba usor 2-3 minute.<br \/>\n6. Serviti curry-ul cu orezul fiert.<\/p>\n<p>Conimex bezieht seit 1932 k\u00f6stliche authentische orientalische Aromen aus den Niederlanden und hat sich im Laufe der Jahre zu einer bekannten Marke mit einem inspirierenden Sortiment von \u00fcber 150 Produkten entwickelt. Viele der Rohstoffe werden direkt aus L\u00e4ndern des Fernen Ostens wie Indonesien, China und Thailand importiert. Mit den Produkten von Conimex k\u00f6nnen Sie in nur wenigen Schritten ein gro\u00dfartiges Gericht mit k\u00f6stlichen orientalischen Aromen zubereiten.<\/p>","protected":false},"excerpt":{"rendered":"<p>Pasta de curry verde Conimex este un curry thailandez bland cu curry, lemongrass si Laos. Ingrediente: I Lemongrass 17,3%, usturoi, ceapa, radacina de galanga 11,5%, piure de ghimbir, ulei de rapita, sare, suc de lamaie, zahar de palmier, curry 3,3% (PUDRA DE MUSTAR, turmeric, schinduf, piper, chimen, ghimbir, coriandru, chimen, galanga, ardei iute, scortisoara, telina, [&#8230;]\n","protected":false},"featured_media":167971,"comment_status":"open","ping_status":"closed","template":"","meta":{"_acf_changed":false,"_seopress_robots_primary_cat":"none","_seopress_titles_title":"","_seopress_titles_desc":"Comanda acum Pasta de condimente Groene Curry Conimex Olanda 95g. Groene Curry - Bomboe Voor Pittige Thaise Curry","_seopress_robots_index":""},"product_brand":[1949],"product_cat":[1555,3280,1451,21674,17494,1767],"giftcard-category":[],"class_list":{"0":"post-167965","1":"product","2":"type-product","3":"status-publish","4":"has-post-thumbnail","6":"product_brand-conimex","7":"product_cat-bacanie","8":"product_cat-condimente-sosuri","9":"product_cat-condimente-produse-instant","10":"product_cat-condimente-sosuri-influente-asiatice","11":"product_cat-influente-asiatice","12":"product_cat-produse-olanda","14":"first","15":"outofstock","16":"taxable","17":"shipping-taxable","18":"purchasable","19":"product-type-simple"},"acf":[],"_links":{"self":[{"href":"https:\/\/totalblue.ro\/de\/wp-json\/wp\/v2\/product\/167965","targetHints":{"allow":["GET"]}}],"collection":[{"href":"https:\/\/totalblue.ro\/de\/wp-json\/wp\/v2\/product"}],"about":[{"href":"https:\/\/totalblue.ro\/de\/wp-json\/wp\/v2\/types\/product"}],"replies":[{"embeddable":true,"href":"https:\/\/totalblue.ro\/de\/wp-json\/wp\/v2\/comments?post=167965"}],"wp:featuredmedia":[{"embeddable":true,"href":"https:\/\/totalblue.ro\/de\/wp-json\/wp\/v2\/media\/167971"}],"wp:attachment":[{"href":"https:\/\/totalblue.ro\/de\/wp-json\/wp\/v2\/media?parent=167965"}],"wp:term":[{"taxonomy":"product_brand","embeddable":true,"href":"https:\/\/totalblue.ro\/de\/wp-json\/wp\/v2\/product_brand?post=167965"},{"taxonomy":"product_cat","embeddable":true,"href":"https:\/\/totalblue.ro\/de\/wp-json\/wp\/v2\/product_cat?post=167965"},{"taxonomy":"giftcard-category","embeddable":true,"href":"https:\/\/totalblue.ro\/de\/wp-json\/wp\/v2\/giftcard-category?post=167965"}],"curies":[{"name":"wp","href":"https:\/\/api.w.org\/{rel}","templated":true}]}}