{"id":167979,"date":"2024-07-04T12:59:28","date_gmt":"2024-07-04T09:59:28","guid":{"rendered":"https:\/\/totalblue.ro\/?post_type=product&#038;p=167979"},"modified":"2026-03-31T13:46:52","modified_gmt":"2026-03-31T10:46:52","slug":"pasta-de-condimente-thaise-gele-curry-conimex-90g-2","status":"publish","type":"product","link":"https:\/\/totalblue.ro\/de\/produs\/pasta-de-condimente-thaise-gele-curry-conimex-90g-2\/","title":{"rendered":"Gew\u00fcrzpaste Thaise Rode Curry Conimex 90g"},"content":{"rendered":"<p>Pasta de curry rosu Conimex este un curry thailandez picant cu ardei iute rosu, lemongrass, Laos si usturoi.<br \/>\n<strong>Inhaltsstoff: <\/strong>piure de ardei iute rosu 21%, iarba de lamaie 15,8%, usturoi, ceapa, radacina de galanga 9,6%, ulei de rapita, sare, zahar de palmier, suc de lamaie, amidon modificat, condimente (coriandru, chimen), frunze de lime kaffir, arome naturale, colorant: boia -extract.<br \/>\nN\u00e4hrwertangaben<br \/>\nDiese Werte gelten f\u00fcr das zubereitete Produkt.<br \/>\nTipp pro 100 Gramm<br \/>\nEnergie 593 kJ (142 kcal)<br \/>\nGrasimi 8,5 g din care saturate 0,7 g<br \/>\nGlucide 13 g din care zaharuri 8,4 g<br \/>\nEiwei\u00df 2,2 g<br \/>\nsare 4,8 g<\/p>\n<p><strong>Empfohlene Zubereitung:<\/strong><br \/>\n&#8211; 250 g file de pui (cuburi)<br \/>\n&#8211; 200 g fasole verde<br \/>\n&#8211; 1 ceapa<br \/>\n&#8211; 225 g orez pandan<br \/>\n&#8211; 200 ml lapte de cocos<br \/>\n&#8211; 2 linguri ulei wok Conimex<\/p>\n<p>1. Gatiti orezul.<br \/>\n2. Taiati ceapa in jumatate de rondele, injumatatiti fasolea verde.<br \/>\n3. Fierbeti fasolea verde in prealabil timp de aproximativ 5 minute.<br \/>\n4. Prajiti cuburile de pui in ulei wok pana se rumenesc. Prajiti apoi ceapa inca 3 minute.<br \/>\n5. Reduceti focul la mic, adaugati pasta de curry, laptele de cocos, 100 ml apa si fasolea verde. Se aduce la fierbere amestecand si se lasa sa fiarba usor 2-3 minute.<br \/>\n6. Serviti curry-ul cu orezul fiert.<\/p>\n<p>Conimex bezieht seit 1932 k\u00f6stliche authentische orientalische Aromen aus den Niederlanden und hat sich im Laufe der Jahre zu einer bekannten Marke mit einem inspirierenden Sortiment von \u00fcber 150 Produkten entwickelt. Viele der Rohstoffe werden direkt aus L\u00e4ndern des Fernen Ostens wie Indonesien, China und Thailand importiert. Mit den Produkten von Conimex k\u00f6nnen Sie in nur wenigen Schritten ein gro\u00dfartiges Gericht mit k\u00f6stlichen orientalischen Aromen zubereiten.<\/p>","protected":false},"excerpt":{"rendered":"<p>Pasta de curry rosu Conimex este un curry thailandez picant cu ardei iute rosu, lemongrass, Laos si usturoi. Ingrediente: piure de ardei iute rosu 21%, iarba de lamaie 15,8%, usturoi, ceapa, radacina de galanga 9,6%, ulei de rapita, sare, zahar de palmier, suc de lamaie, amidon modificat, condimente (coriandru, chimen), frunze de lime kaffir, arome [&#8230;]\n","protected":false},"featured_media":167984,"comment_status":"open","ping_status":"closed","template":"","meta":{"_acf_changed":false,"_seopress_robots_primary_cat":"none","_seopress_titles_title":"","_seopress_titles_desc":"Comanda acum Pasta de condimente Groene Curry Conimex Olanda 95g. Groene Curry - Bomboe Voor Pittige Thaise Curry","_seopress_robots_index":""},"product_brand":[1949],"product_cat":[1555,21674,3280,1451,17494,1767],"giftcard-category":[],"class_list":{"0":"post-167979","1":"product","2":"type-product","3":"status-publish","4":"has-post-thumbnail","6":"product_brand-conimex","7":"product_cat-bacanie","8":"product_cat-condimente-sosuri-influente-asiatice","9":"product_cat-condimente-sosuri","10":"product_cat-condimente-produse-instant","11":"product_cat-influente-asiatice","12":"product_cat-produse-olanda","14":"first","15":"outofstock","16":"taxable","17":"shipping-taxable","18":"purchasable","19":"product-type-simple"},"acf":[],"_links":{"self":[{"href":"https:\/\/totalblue.ro\/de\/wp-json\/wp\/v2\/product\/167979","targetHints":{"allow":["GET"]}}],"collection":[{"href":"https:\/\/totalblue.ro\/de\/wp-json\/wp\/v2\/product"}],"about":[{"href":"https:\/\/totalblue.ro\/de\/wp-json\/wp\/v2\/types\/product"}],"replies":[{"embeddable":true,"href":"https:\/\/totalblue.ro\/de\/wp-json\/wp\/v2\/comments?post=167979"}],"wp:featuredmedia":[{"embeddable":true,"href":"https:\/\/totalblue.ro\/de\/wp-json\/wp\/v2\/media\/167984"}],"wp:attachment":[{"href":"https:\/\/totalblue.ro\/de\/wp-json\/wp\/v2\/media?parent=167979"}],"wp:term":[{"taxonomy":"product_brand","embeddable":true,"href":"https:\/\/totalblue.ro\/de\/wp-json\/wp\/v2\/product_brand?post=167979"},{"taxonomy":"product_cat","embeddable":true,"href":"https:\/\/totalblue.ro\/de\/wp-json\/wp\/v2\/product_cat?post=167979"},{"taxonomy":"giftcard-category","embeddable":true,"href":"https:\/\/totalblue.ro\/de\/wp-json\/wp\/v2\/giftcard-category?post=167979"}],"curies":[{"name":"wp","href":"https:\/\/api.w.org\/{rel}","templated":true}]}}