{"id":168118,"date":"2024-07-04T16:53:06","date_gmt":"2024-07-04T13:53:06","guid":{"rendered":"https:\/\/totalblue.ro\/?post_type=product&#038;p=168118"},"modified":"2025-08-08T09:29:08","modified_gmt":"2025-08-08T06:29:08","slug":"verstegen-maces-macinado-34g","status":"publish","type":"product","link":"https:\/\/totalblue.ro\/de\/produs\/verstegen-maces-macinat-34g\/","title":{"rendered":"Verstegen Hackfleisch Macese 34g"},"content":{"rendered":"<p>Muskatbl\u00fcte ist ein sehr schmackhaftes Gew\u00fcrz, das mit der Muskatnuss verwandt ist und sowohl zu herzhaften als auch zu s\u00fc\u00dfen Gerichten hinzugef\u00fcgt werden kann.<br \/>\nZutat: 100% Keulen<\/p>","protected":false},"excerpt":{"rendered":"<p>Muskatbl\u00fcte ist ein sehr schmackhaftes Gew\u00fcrz, das mit der Muskatnuss verwandt ist und sowohl zu herzhaften als auch zu s\u00fc\u00dfen Gerichten gereicht werden kann. Zutaten.<\/p>","protected":false},"featured_media":168124,"comment_status":"open","ping_status":"closed","template":"","meta":{"_acf_changed":false,"_seopress_robots_primary_cat":"none","_seopress_titles_title":"","_seopress_titles_desc":"","_seopress_robots_index":""},"product_brand":[2008],"product_cat":[1555,21674,3280,1451,17494,1767],"giftcard-category":[],"class_list":{"0":"post-168118","1":"product","2":"type-product","3":"status-publish","4":"has-post-thumbnail","6":"product_brand-verstegen","7":"product_cat-bacanie","8":"product_cat-condimente-sosuri-influente-asiatice","9":"product_cat-condimente-sosuri","10":"product_cat-condimente-produse-instant","11":"product_cat-influente-asiatice","12":"product_cat-produse-olanda","14":"first","15":"instock","16":"taxable","17":"shipping-taxable","18":"purchasable","19":"product-type-simple"},"acf":[],"_links":{"self":[{"href":"https:\/\/totalblue.ro\/de\/wp-json\/wp\/v2\/product\/168118","targetHints":{"allow":["GET"]}}],"collection":[{"href":"https:\/\/totalblue.ro\/de\/wp-json\/wp\/v2\/product"}],"about":[{"href":"https:\/\/totalblue.ro\/de\/wp-json\/wp\/v2\/types\/product"}],"replies":[{"embeddable":true,"href":"https:\/\/totalblue.ro\/de\/wp-json\/wp\/v2\/comments?post=168118"}],"wp:featuredmedia":[{"embeddable":true,"href":"https:\/\/totalblue.ro\/de\/wp-json\/wp\/v2\/media\/168124"}],"wp:attachment":[{"href":"https:\/\/totalblue.ro\/de\/wp-json\/wp\/v2\/media?parent=168118"}],"wp:term":[{"taxonomy":"product_brand","embeddable":true,"href":"https:\/\/totalblue.ro\/de\/wp-json\/wp\/v2\/product_brand?post=168118"},{"taxonomy":"product_cat","embeddable":true,"href":"https:\/\/totalblue.ro\/de\/wp-json\/wp\/v2\/product_cat?post=168118"},{"taxonomy":"giftcard-category","embeddable":true,"href":"https:\/\/totalblue.ro\/de\/wp-json\/wp\/v2\/giftcard-category?post=168118"}],"curies":[{"name":"wp","href":"https:\/\/api.w.org\/{rel}","templated":true}]}}