{"id":169258,"date":"2024-07-16T15:12:53","date_gmt":"2024-07-16T12:12:53","guid":{"rendered":"https:\/\/totalblue.ro\/?post_type=product&#038;p=169258"},"modified":"2025-08-01T10:25:55","modified_gmt":"2025-08-01T07:25:55","slug":"ellas-kitchen-smoothie-prune-organice-4-luni-70-g","status":"publish","type":"product","link":"https:\/\/totalblue.ro\/de\/produs\/ellas-kitchen-smoothie-prune-organice-4-luni-70-g\/","title":{"rendered":"Ella&#8217;s Kitchen Smoothie Prune organice +4 luni,  70 g"},"content":{"rendered":"<p>Fruchtsnacks 100% Bio<br \/>\nOhne Zuckerzusatz (enth\u00e4lt nur nat\u00fcrliche Zucker)<br \/>\nIdeal pentru acasa sau pe drum<br \/>\nPiure de prune organice<br \/>\nIngrediente: 100% prune*. *= organic.<br \/>\nN\u00e4hrwertangaben<br \/>\nDiese Werte gelten f\u00fcr das unzubereitete Produkt.<br \/>\nTipp pro 100 Gramm<br \/>\nEnergie 301 kJ (71 kcal)<br \/>\nGrasimi &lt; 0,5 g din care saturate &lt; 0,5 g<br \/>\nGlucide 15,6 g din care zaharuri 11,1 g<br \/>\nFibre alimentare 2,2 g<br \/>\nEiwei\u00df 0,6 g<br \/>\nsare 0,02 g<br \/>\nNach dem \u00d6ffnen im K\u00fchlschrank aufbewahren und innerhalb von 48 Stunden aufbrauchen.<br \/>\nIn eine Sch\u00fcssel oder auf einen L\u00f6ffel dr\u00fccken. Die Verpackung NIEMALS in die Mikrowelle stellen. Nicht geeignet f\u00fcr Kinder unter 4 Monaten. Der Deckel kann eine Erstickungsgefahr darstellen. Geben Sie das Produkt zur\u00fcck, wenn es besch\u00e4digt oder aufgequollen ist.<\/p>","protected":false},"excerpt":{"rendered":"<p>Gustare cu fructe 100% organice Fara zaharuri adaugate (contine numai zaharuri naturale) Ideal pentru acasa sau pe drum Piure de prune organice Ingrediente: 100% prune*. *= organic. Valori nutritive Aceste valori se aplica produsului nepreparat. Tip la 100 de grame Energie 301 kJ (71 kcal) Grasimi &lt; 0,5 g din care saturate &lt; 0,5 g [&#8230;]\n","protected":false},"featured_media":169261,"comment_status":"open","ping_status":"closed","template":"","meta":{"_acf_changed":false,"_seopress_robots_primary_cat":"","_seopress_titles_title":"","_seopress_titles_desc":"","_seopress_robots_index":""},"product_brand":[15287],"product_cat":[21858,1984,1520,5677,21826,1767],"giftcard-category":[],"class_list":{"0":"post-169258","1":"product","2":"type-product","3":"status-publish","4":"has-post-thumbnail","6":"product_brand-ellas-kitchen","7":"product_cat-bio","8":"product_cat-hrana-bebelusi","9":"product_cat-mama-copilul","10":"product_cat-mancare-si-accesorii-bebe","11":"product_cat-produse-bio-dietetice","12":"product_cat-produse-olanda","14":"first","15":"outofstock","16":"taxable","17":"shipping-taxable","18":"purchasable","19":"product-type-simple"},"acf":[],"_links":{"self":[{"href":"https:\/\/totalblue.ro\/de\/wp-json\/wp\/v2\/product\/169258","targetHints":{"allow":["GET"]}}],"collection":[{"href":"https:\/\/totalblue.ro\/de\/wp-json\/wp\/v2\/product"}],"about":[{"href":"https:\/\/totalblue.ro\/de\/wp-json\/wp\/v2\/types\/product"}],"replies":[{"embeddable":true,"href":"https:\/\/totalblue.ro\/de\/wp-json\/wp\/v2\/comments?post=169258"}],"wp:featuredmedia":[{"embeddable":true,"href":"https:\/\/totalblue.ro\/de\/wp-json\/wp\/v2\/media\/169261"}],"wp:attachment":[{"href":"https:\/\/totalblue.ro\/de\/wp-json\/wp\/v2\/media?parent=169258"}],"wp:term":[{"taxonomy":"product_brand","embeddable":true,"href":"https:\/\/totalblue.ro\/de\/wp-json\/wp\/v2\/product_brand?post=169258"},{"taxonomy":"product_cat","embeddable":true,"href":"https:\/\/totalblue.ro\/de\/wp-json\/wp\/v2\/product_cat?post=169258"},{"taxonomy":"giftcard-category","embeddable":true,"href":"https:\/\/totalblue.ro\/de\/wp-json\/wp\/v2\/giftcard-category?post=169258"}],"curies":[{"name":"wp","href":"https:\/\/api.w.org\/{rel}","templated":true}]}}