{"id":169362,"date":"2024-07-16T16:11:01","date_gmt":"2024-07-16T13:11:01","guid":{"rendered":"https:\/\/totalblue.ro\/?post_type=product&#038;p=169362"},"modified":"2025-08-01T10:25:36","modified_gmt":"2025-08-01T07:25:36","slug":"ellas-kitchen-mancare-pentru-bebe-cu-pui-legume-si-orez-130-g","status":"publish","type":"product","link":"https:\/\/totalblue.ro\/de\/produs\/ellas-kitchen-mancare-pentru-bebe-cu-pui-legume-si-orez-130-g\/","title":{"rendered":"Ella's Kitchen Babynahrung mit Huhn, Gem\u00fcse und Reis +6 Monate, 130 g"},"content":{"rendered":"<p>Mancare pentru copii 100% organica. Pui delicios, orez + faina de legume facuta din ingrediente organice, perfect echilibrata pentru bebelusii in crestere. De la 6 luni.<br \/>\nSursa de proteine. Fara sare adaugata.<br \/>\nIdeal f\u00fcr zu Hause und unterwegs<br \/>\nIngrediente: 25% morcovi*, 25% supa de legume* (apa, morcovi*, pastarnac*, ceapa*, praz*, guli-rabe*), 14% orez fiert* (apa, orez*), 11% broccoli*, 11% ceapa*, 10% pui*, 4% caise*, &lt;1% ierburi*, (patrunjel*, menta*, sensibil*, cimbru*), &lt;1% piper negru*, *= bio.<br \/>\nN\u00e4hrwertangaben<br \/>\nDiese Werte gelten f\u00fcr das unzubereitete Produkt.<br \/>\nTipp pro 100 Gramm<br \/>\nEnergie 225 kJ (54 kcal)<br \/>\nGrasimi 1,1 g din care saturate 0,1 g<br \/>\nGlucide 6,8 g din care zaharuri 2,5 g<br \/>\nFibre alimentare 2 g<br \/>\nProteine \u200b\u200b3,1 g<br \/>\nsare 0,05 g<br \/>\nTurnati continutul intr-un castron sau direct pe o lingura. NU pune NICIODATA ambalajul in cuptorul cu microunde.<br \/>\nAchtung: Nicht geeignet f\u00fcr Kinder unter 6 Monaten. Der Deckel kann eine Erstickungsgefahr darstellen. Produkt zur\u00fcckgeben, wenn es besch\u00e4digt oder geschwollen ist.<br \/>\nPastrare: A se pastra la frigider dupa deschidere, a se folosi in 24 de ore.<\/p>","protected":false},"excerpt":{"rendered":"<p>Mancare pentru copii 100% organica. Pui delicios, orez + faina de legume facuta din ingrediente organice, perfect echilibrata pentru bebelusii in crestere. De la 6 luni. Sursa de proteine. Fara sare adaugata. Ideal pentru acasa si pe drum Ingrediente: 25% morcovi*, 25% supa de legume* (apa, morcovi*, pastarnac*, ceapa*, praz*, guli-rabe*), 14% orez fiert* (apa, [&#8230;]\n","protected":false},"featured_media":169368,"comment_status":"open","ping_status":"closed","template":"","meta":{"_acf_changed":false,"_seopress_robots_primary_cat":"none","_seopress_titles_title":"","_seopress_titles_desc":"","_seopress_robots_index":""},"product_brand":[15287],"product_cat":[21858,1984,1520,5677,21826,1767],"giftcard-category":[],"class_list":{"0":"post-169362","1":"product","2":"type-product","3":"status-publish","4":"has-post-thumbnail","6":"product_brand-ellas-kitchen","7":"product_cat-bio","8":"product_cat-hrana-bebelusi","9":"product_cat-mama-copilul","10":"product_cat-mancare-si-accesorii-bebe","11":"product_cat-produse-bio-dietetice","12":"product_cat-produse-olanda","14":"first","15":"outofstock","16":"taxable","17":"shipping-taxable","18":"purchasable","19":"product-type-simple"},"acf":[],"_links":{"self":[{"href":"https:\/\/totalblue.ro\/de\/wp-json\/wp\/v2\/product\/169362","targetHints":{"allow":["GET"]}}],"collection":[{"href":"https:\/\/totalblue.ro\/de\/wp-json\/wp\/v2\/product"}],"about":[{"href":"https:\/\/totalblue.ro\/de\/wp-json\/wp\/v2\/types\/product"}],"replies":[{"embeddable":true,"href":"https:\/\/totalblue.ro\/de\/wp-json\/wp\/v2\/comments?post=169362"}],"wp:featuredmedia":[{"embeddable":true,"href":"https:\/\/totalblue.ro\/de\/wp-json\/wp\/v2\/media\/169368"}],"wp:attachment":[{"href":"https:\/\/totalblue.ro\/de\/wp-json\/wp\/v2\/media?parent=169362"}],"wp:term":[{"taxonomy":"product_brand","embeddable":true,"href":"https:\/\/totalblue.ro\/de\/wp-json\/wp\/v2\/product_brand?post=169362"},{"taxonomy":"product_cat","embeddable":true,"href":"https:\/\/totalblue.ro\/de\/wp-json\/wp\/v2\/product_cat?post=169362"},{"taxonomy":"giftcard-category","embeddable":true,"href":"https:\/\/totalblue.ro\/de\/wp-json\/wp\/v2\/giftcard-category?post=169362"}],"curies":[{"name":"wp","href":"https:\/\/api.w.org\/{rel}","templated":true}]}}