{"id":169386,"date":"2024-07-16T16:34:32","date_gmt":"2024-07-16T13:34:32","guid":{"rendered":"https:\/\/totalblue.ro\/?post_type=product&#038;p=169386"},"modified":"2025-08-01T10:25:31","modified_gmt":"2025-08-01T07:25:31","slug":"ellas-kitchen-smoothie-bio-bananen-smoothie-kokosmilch-4-monate-120-g","status":"publish","type":"product","link":"https:\/\/totalblue.ro\/de\/produs\/ellas-kitchen-smoothie-organic-banane-lapte-de-cocos-4-luni-120-g\/","title":{"rendered":"Ella's Kitchen Smoothie Bio-Bananen-Smoothie, Kokosnussmilch +4 Monate, 120 g"},"content":{"rendered":"<p>Zerdr\u00fcckte Banane + Kokosmilch mit einem Spritzer Zitronensaft und sonst nichts, nicht einmal Wasser. Ab 4 Monaten.<br \/>\nFruchtsnacks 100% Bio<br \/>\nOhne Zuckerzusatz (enth\u00e4lt nur nat\u00fcrliche Zucker)<br \/>\nIdeal f\u00fcr zu Hause und unterwegs<br \/>\nZutaten: 82% Bananen*, 18% Kokosnussmilch*, &lt;1% konzentrierter Zitronensaft*. * = biologisch.<br \/>\nN\u00e4hrwertangaben<br \/>\nDiese Werte gelten f\u00fcr das unzubereitete Produkt.<br \/>\nTipp pro 100 Gramm<br \/>\nEnergie 419 kJ (99 kcal)<br \/>\nFett 2,8 g<br \/>\ndavon ges\u00e4ttigt 2,5 g<br \/>\nKohlenhydrate 17,7 g<br \/>\ndavon Zucker 14,9 g<br \/>\nBallaststoffe 0,5 g<br \/>\nEiwei\u00df 0,9 g<br \/>\nSalz 0,01 g<br \/>\nNach dem \u00d6ffnen im K\u00fchlschrank aufbewahren und innerhalb von 48 Stunden aufbrauchen.<br \/>\nIn eine Sch\u00fcssel oder auf einen L\u00f6ffel dr\u00fccken. Die Verpackung NIEMALS in die Mikrowelle stellen. Nicht geeignet f\u00fcr Kinder unter 4 Monaten. Der Deckel kann eine Erstickungsgefahr darstellen. Geben Sie das Produkt zur\u00fcck, wenn es besch\u00e4digt oder aufgequollen ist.<\/p>","protected":false},"excerpt":{"rendered":"<p>Piure de banane + lapte de cocos cu un strop de suc de lamaie si nimic altceva, nici macar apa. De la 4 luni. Gustare cu fructe 100% organice Fara zaharuri adaugate (contine numai zaharuri naturale) Ideal pentru acasa si pe drum Ingrediente: 82% banane*, 18% lapte de cocos*, &lt;1% suc concentrat de lamaie*. * [&#8230;]\n","protected":false},"featured_media":169392,"comment_status":"open","ping_status":"closed","template":"","meta":{"_acf_changed":false,"_seopress_robots_primary_cat":"none","_seopress_titles_title":"","_seopress_titles_desc":"","_seopress_robots_index":""},"product_brand":[15287],"product_cat":[21858,1984,1520,5677,21826,1767],"giftcard-category":[],"class_list":{"0":"post-169386","1":"product","2":"type-product","3":"status-publish","4":"has-post-thumbnail","6":"product_brand-ellas-kitchen","7":"product_cat-bio","8":"product_cat-hrana-bebelusi","9":"product_cat-mama-copilul","10":"product_cat-mancare-si-accesorii-bebe","11":"product_cat-produse-bio-dietetice","12":"product_cat-produse-olanda","14":"first","15":"outofstock","16":"taxable","17":"shipping-taxable","18":"purchasable","19":"product-type-simple"},"acf":[],"_links":{"self":[{"href":"https:\/\/totalblue.ro\/de\/wp-json\/wp\/v2\/product\/169386","targetHints":{"allow":["GET"]}}],"collection":[{"href":"https:\/\/totalblue.ro\/de\/wp-json\/wp\/v2\/product"}],"about":[{"href":"https:\/\/totalblue.ro\/de\/wp-json\/wp\/v2\/types\/product"}],"replies":[{"embeddable":true,"href":"https:\/\/totalblue.ro\/de\/wp-json\/wp\/v2\/comments?post=169386"}],"wp:featuredmedia":[{"embeddable":true,"href":"https:\/\/totalblue.ro\/de\/wp-json\/wp\/v2\/media\/169392"}],"wp:attachment":[{"href":"https:\/\/totalblue.ro\/de\/wp-json\/wp\/v2\/media?parent=169386"}],"wp:term":[{"taxonomy":"product_brand","embeddable":true,"href":"https:\/\/totalblue.ro\/de\/wp-json\/wp\/v2\/product_brand?post=169386"},{"taxonomy":"product_cat","embeddable":true,"href":"https:\/\/totalblue.ro\/de\/wp-json\/wp\/v2\/product_cat?post=169386"},{"taxonomy":"giftcard-category","embeddable":true,"href":"https:\/\/totalblue.ro\/de\/wp-json\/wp\/v2\/giftcard-category?post=169386"}],"curies":[{"name":"wp","href":"https:\/\/api.w.org\/{rel}","templated":true}]}}