{"id":169639,"date":"2024-07-17T11:42:39","date_gmt":"2024-07-17T08:42:39","guid":{"rendered":"https:\/\/totalblue.ro\/?post_type=product&#038;p=169639"},"modified":"2025-09-16T12:43:03","modified_gmt":"2025-09-16T09:43:03","slug":"olvarit-cereale-integrale-si-fulgi-de-porumb-15-luni-200g","status":"publish","type":"product","link":"https:\/\/totalblue.ro\/de\/produs\/olvarit-cereale-integrale-si-fulgi-de-porumb-15-luni-200g\/","title":{"rendered":"Olvarit Cereale integrale si fulgi de porumb +15 luni, 200g"},"content":{"rendered":"<p>Cerealele si fulgii de porumb Olvarit nu contin zaharuri adaugate si sunt bogate in fibre. Cerealele ofera copilului dumneavoastra nutrienti si energie pentru a incepe ziua.<br \/>\nNu contine zaharuri adaugate, doar zaharuri naturale<br \/>\nPlin de ingrediente pure si naturale<br \/>\nDelicios la micul dejun pentru copilul tau<\/p>\n<p>Vorbereitung:<br \/>\n1. 200 ml Milch\/Flasche auf eine warme Temperatur erw\u00e4rmen.<br \/>\n2. Gie\u00dfen Sie die Milch in die Flasche oder Sch\u00fcssel\/Teller.<br \/>\n3. Geben Sie 2-3 Essl\u00f6ffel (+\/- 10 g) Reismehl in die Flasche oder 6 Essl\u00f6ffel (+\/- 20 g) pro Teller.<br \/>\n4. Die Flasche sch\u00fctteln oder in der Sch\u00fcssel gut umr\u00fchren, um einen klumpenfreien Brei zu erhalten.<br \/>\nGenie\u00dfen Sie eine deftige Mahlzeit!<\/p>\n<p>Ingrediente: 94,999% Cereale (83,599% faina integrala de grau, 1,9% faina de secara, 1,9% faina integrala de grau ovaz, 1,9% faina integrala de grau spelta, 1,9% faina integrala de mei de grau, 1,9% faina de orez), 1,59% faina de grau. % fulgi de porumb, mononitrat de tiamina.<br \/>\nInformationen \u00fcber Allergien<\/p>\n<p>Poate contine:<br \/>\nLapte, soia, cereale care contin gluten<br \/>\nN\u00e4hrwertangaben<br \/>\nDiese Werte gelten f\u00fcr das zubereitete Produkt.<br \/>\nTipp pro 100 Gramm<br \/>\nEnergie 1576 kJ (371 kcal)<br \/>\nGrasimi 2,4 g<br \/>\ndin care saturate 0,4 g<br \/>\ndin care mononesaturate 0 g<br \/>\ndin care polinesaturate 0 g<br \/>\nCarbohidrati 70 g<br \/>\ndin care zaharuri 0,2 g<br \/>\nFibre alimentare 9,8 g<br \/>\nProteine \u200b\u200b12,2 g<br \/>\nSalz 0,01 g<br \/>\nVitamina B1 \/ Tiamina 0,96 mg<\/p>\n<p>Hersteller: Nutricia Nederland B.V.<br \/>\nantwoordnummer 10061 2700 VB Zoetermeer<br \/>\nEinf\u00fchrer und H\u00e4ndler Total Blue Impex SRL<\/p>","protected":false},"excerpt":{"rendered":"<p>Cerealele si fulgii de porumb Olvarit nu contin zaharuri adaugate si sunt bogate in fibre. Cerealele ofera copilului dumneavoastra nutrienti si energie pentru a incepe ziua. Nu contine zaharuri adaugate, doar zaharuri naturale Plin de ingrediente pure si naturale Delicios la micul dejun pentru copilul tau Mod de Preparare: 1. Se incalzesc 200 ml de [&#8230;]\n","protected":false},"featured_media":169643,"comment_status":"open","ping_status":"closed","template":"","meta":{"_acf_changed":false,"_seopress_robots_primary_cat":"1767","_seopress_titles_title":"","_seopress_titles_desc":"","_seopress_robots_index":""},"product_brand":[6175],"product_cat":[1984,1520,5677,1767],"giftcard-category":[],"class_list":{"0":"post-169639","1":"product","2":"type-product","3":"status-publish","4":"has-post-thumbnail","6":"product_brand-olvarit","7":"product_cat-hrana-bebelusi","8":"product_cat-mama-copilul","9":"product_cat-mancare-si-accesorii-bebe","10":"product_cat-produse-olanda","12":"first","13":"outofstock","14":"taxable","15":"shipping-taxable","16":"purchasable","17":"product-type-simple"},"acf":[],"_links":{"self":[{"href":"https:\/\/totalblue.ro\/de\/wp-json\/wp\/v2\/product\/169639","targetHints":{"allow":["GET"]}}],"collection":[{"href":"https:\/\/totalblue.ro\/de\/wp-json\/wp\/v2\/product"}],"about":[{"href":"https:\/\/totalblue.ro\/de\/wp-json\/wp\/v2\/types\/product"}],"replies":[{"embeddable":true,"href":"https:\/\/totalblue.ro\/de\/wp-json\/wp\/v2\/comments?post=169639"}],"wp:featuredmedia":[{"embeddable":true,"href":"https:\/\/totalblue.ro\/de\/wp-json\/wp\/v2\/media\/169643"}],"wp:attachment":[{"href":"https:\/\/totalblue.ro\/de\/wp-json\/wp\/v2\/media?parent=169639"}],"wp:term":[{"taxonomy":"product_brand","embeddable":true,"href":"https:\/\/totalblue.ro\/de\/wp-json\/wp\/v2\/product_brand?post=169639"},{"taxonomy":"product_cat","embeddable":true,"href":"https:\/\/totalblue.ro\/de\/wp-json\/wp\/v2\/product_cat?post=169639"},{"taxonomy":"giftcard-category","embeddable":true,"href":"https:\/\/totalblue.ro\/de\/wp-json\/wp\/v2\/giftcard-category?post=169639"}],"curies":[{"name":"wp","href":"https:\/\/api.w.org\/{rel}","templated":true}]}}