{"id":171747,"date":"2024-08-26T15:44:22","date_gmt":"2024-08-26T12:44:22","guid":{"rendered":"https:\/\/totalblue.ro\/?post_type=product&#038;p=171747"},"modified":"2026-01-15T11:58:57","modified_gmt":"2026-01-15T09:58:57","slug":"sobranie-tigari-collection-golds","status":"publish","type":"product","link":"https:\/\/totalblue.ro\/de\/produs\/sobranie-tigari-collection-golds\/","title":{"rendered":"Sobranie Tigari Kollektion Golds"},"content":{"rendered":"<p>Tigari Collection Golds. Aceste produse sunt destinate strict fumatorilor peste 18 ani.<\/p>\n<p>Kein Verkauf an Minderj\u00e4hrige. EG-Richtlinie 2001\/37\/EWG des Rates: Rauchen schadet Ihrer Gesundheit und der Gesundheit der Menschen in Ihrer Umgebung erheblich. Rauchen w\u00e4hrend der Schwangerschaft schadet Ihrem Baby. Sch\u00fctzen Sie Ihre Kinder: Lassen Sie sie nicht Ihren Rauch einatmen. Rauchen macht s\u00fcchtig, fangen Sie nicht an zu rauchen! Wenn Sie mit dem Rauchen aufh\u00f6ren, verringert sich das Risiko t\u00f6dlicher Herz- und Lungenkrankheiten. Rauchen kann zu einem langsamen und schmerzhaften Tod f\u00fchren.<\/p>\n<p>Fotografiile produselor au caracter informativ si pot aparea diferente fata de realitate. Va rugam sa verificati intotdeauna informatiile de pe eticheta produsului (inclusiv cele despre alergeni), inainte de achizitionare sau consum. Eventualele diferente pot aparea in descrierile de pe website, din motive tehnice sau independente de vointa noastra, pentru care Total Blue Impex nu poate fi considerata raspunzatoare.<\/p>\n<p><a href=\"https:\/\/totalblue.ro\/wp-content\/uploads\/2021\/04\/under-18.jpg\"><img loading=\"lazy\" decoding=\"async\" class=\"alignnone wp-image-30757\" src=\"https:\/\/totalblue.ro\/wp-content\/uploads\/2021\/04\/under-18-400x400.jpg\" alt=\"\" width=\"96\" height=\"96\" srcset=\"https:\/\/totalblue.ro\/wp-content\/uploads\/2021\/04\/under-18-400x400.jpg 400w, https:\/\/totalblue.ro\/wp-content\/uploads\/2021\/04\/under-18-100x100.jpg 100w, https:\/\/totalblue.ro\/wp-content\/uploads\/2021\/04\/under-18-510x510.jpg 510w, https:\/\/totalblue.ro\/wp-content\/uploads\/2021\/04\/under-18-280x280.jpg 280w, https:\/\/totalblue.ro\/wp-content\/uploads\/2021\/04\/under-18.jpg 600w\" sizes=\"auto, (max-width: 96px) 100vw, 96px\" \/><\/a><\/p>","protected":false},"excerpt":{"rendered":"<p>Tigari Collection Golds. Aceste produse sunt destinate strict fumatorilor peste 18 ani. Interzisa vanzarea catre minori. Directiva Consiliului CE 2001\/37\/CEE. Fumatul dauneaza grav sanatatii dumneavoastra si a celor din jur. Fumatul in timpul sarcinii dauneaza copilului dumneavoastra. Protejati copiii: nu-i lasati sa respire fumul dumneavoastra. Fumatul da dependenta, nu incepeti sa fumati! Oprirea fumatului scade [&#8230;]\n","protected":false},"featured_media":171748,"comment_status":"open","ping_status":"closed","template":"","meta":{"_acf_changed":false,"_seopress_robots_primary_cat":"none","_seopress_titles_title":"","_seopress_titles_desc":"","_seopress_robots_index":""},"product_brand":[26788],"product_cat":[1555,17463],"giftcard-category":[],"class_list":{"0":"post-171747","1":"product","2":"type-product","3":"status-publish","4":"has-post-thumbnail","6":"product_brand-sobranie","7":"product_cat-bacanie","8":"product_cat-tutun","10":"first","11":"instock","12":"taxable","13":"shipping-taxable","14":"purchasable","15":"product-type-simple"},"acf":[],"_links":{"self":[{"href":"https:\/\/totalblue.ro\/de\/wp-json\/wp\/v2\/product\/171747","targetHints":{"allow":["GET"]}}],"collection":[{"href":"https:\/\/totalblue.ro\/de\/wp-json\/wp\/v2\/product"}],"about":[{"href":"https:\/\/totalblue.ro\/de\/wp-json\/wp\/v2\/types\/product"}],"replies":[{"embeddable":true,"href":"https:\/\/totalblue.ro\/de\/wp-json\/wp\/v2\/comments?post=171747"}],"wp:featuredmedia":[{"embeddable":true,"href":"https:\/\/totalblue.ro\/de\/wp-json\/wp\/v2\/media\/171748"}],"wp:attachment":[{"href":"https:\/\/totalblue.ro\/de\/wp-json\/wp\/v2\/media?parent=171747"}],"wp:term":[{"taxonomy":"product_brand","embeddable":true,"href":"https:\/\/totalblue.ro\/de\/wp-json\/wp\/v2\/product_brand?post=171747"},{"taxonomy":"product_cat","embeddable":true,"href":"https:\/\/totalblue.ro\/de\/wp-json\/wp\/v2\/product_cat?post=171747"},{"taxonomy":"giftcard-category","embeddable":true,"href":"https:\/\/totalblue.ro\/de\/wp-json\/wp\/v2\/giftcard-category?post=171747"}],"curies":[{"name":"wp","href":"https:\/\/api.w.org\/{rel}","templated":true}]}}