{"id":180115,"date":"2024-10-15T15:01:41","date_gmt":"2024-10-15T12:01:41","guid":{"rendered":"https:\/\/totalblue.ro\/?post_type=product&#038;p=180115"},"modified":"2025-11-12T10:05:52","modified_gmt":"2025-11-12T08:05:52","slug":"maggi-magic-asia-saucy-noodles-taitei-in-sos-teriyaki-75g-import-germania","status":"publish","type":"product","link":"https:\/\/totalblue.ro\/de\/produs\/maggi-magic-asia-saucy-noodles-taitei-in-sos-teriyaki-75g-import-germania\/","title":{"rendered":"Maggi Magic Asia Saucy Noodles, Nudeln in Teriyaki-Sauce, 75g Import aus Deutschland"},"content":{"rendered":"<p>De ce sa comanzi la fast food-ul cu specific asiatic? Acum pentru taiteii asiatici, tot ce aveti nevoie este de putina apa clocotita, o furculita sau betisoare si un pahar de Maggi Noodles. Paharul practic iti ofera o portie delicioasa de taitei, si sunt perfecti pentru calatorii, cand esti in miscare, sau gatit rapid atunci cand va relaxati pe canapea sau la camping. Pofta buna.<br \/>\nAufbewahrung\/Verwendung: Trocken und k\u00fchl lagern.<br \/>\n<strong>Vorbereitung:<\/strong> Hei\u00dfes Wasser bis zur Linie in die Nudeltasse gie\u00dfen und 1 Minute warten. Mit einer Gabel gut umr\u00fchren und 4 Minuten warten. Jetzt ist es fertig. Guten Appetit!<br \/>\nIngrediente: paste prajite 73.3% (faina de grau, ulei de floarea soarelui, gluten din grau, sare, stabilizator polifosfati, corector de aciditate carbonati de potasiu), zahar, amidon din cartofi, sos de soia pudra 3.1% (soia, grau, sare), condimente (usturoi, ghimbir, ceapa, ardei iute chili, chimen), praz 0.3%, morcov 0.4%, telina frunze, sirop de zahar caramelizat pudra, extract de drojdie, sare, ulei de floarea soarelui, maltoza, aroma (contine gluten, ou, mustar), maltodextrina, corector de aciditate acid citric. Poate contine lapte, seminte de susan.<br \/>\nN\u00e4hrwertangaben \/ 100 g:<br \/>\nEnergie 1921 kJ (458 kcal)<br \/>\nGrasimi 18.7 g din care saturate 1.8 g<br \/>\nGlucide 61.4 g din care zaharuri 11.6 g<br \/>\nFibre 3.3 g<br \/>\nProteine \u200b\u200b9.3 g<br \/>\nSare 3.3 g<\/p>\n<p>Hersteller: Maggi GmbH, Julius-B\u00fchrer-Stra\u00dfe 8, 78224 Singen (Hohentwiel)<br \/>\nImporteur : Total Blue Impex SRL<\/p>","protected":false},"excerpt":{"rendered":"<p>De ce sa comanzi la fast food-ul cu specific asiatic? Acum pentru taiteii asiatici, tot ce aveti nevoie este de putina apa clocotita, o furculita sau betisoare si un pahar de Maggi Noodles. Paharul practic iti ofera o portie delicioasa de taitei, si sunt perfecti pentru calatorii, cand esti in miscare, sau gatit rapid atunci [&#8230;]\n","protected":false},"featured_media":180121,"comment_status":"open","ping_status":"closed","template":"","meta":{"_acf_changed":false,"_seopress_robots_primary_cat":"1950","_seopress_titles_title":"","_seopress_titles_desc":"","_seopress_robots_index":""},"product_brand":[1869],"product_cat":[1555,1683,3272,3372,17494,21594,3428,3328,1950,1767,1954],"giftcard-category":[],"class_list":{"0":"post-180115","1":"product","2":"type-product","3":"status-publish","4":"has-post-thumbnail","6":"product_brand-maggi","7":"product_cat-bacanie","8":"product_cat-conserve-mancare-gatita","9":"product_cat-conserve","10":"product_cat-conserve-produse-germania","11":"product_cat-influente-asiatice","12":"product_cat-noodles-supe-instant","13":"product_cat-paste-orez-ulei-otet-produse-germania","14":"product_cat-paste-orez-ulei-otet","15":"product_cat-produse-germania","16":"product_cat-produse-olanda","17":"product_cat-semipreparate","19":"first","20":"outofstock","21":"taxable","22":"shipping-taxable","23":"purchasable","24":"product-type-simple"},"acf":[],"_links":{"self":[{"href":"https:\/\/totalblue.ro\/de\/wp-json\/wp\/v2\/product\/180115","targetHints":{"allow":["GET"]}}],"collection":[{"href":"https:\/\/totalblue.ro\/de\/wp-json\/wp\/v2\/product"}],"about":[{"href":"https:\/\/totalblue.ro\/de\/wp-json\/wp\/v2\/types\/product"}],"replies":[{"embeddable":true,"href":"https:\/\/totalblue.ro\/de\/wp-json\/wp\/v2\/comments?post=180115"}],"wp:featuredmedia":[{"embeddable":true,"href":"https:\/\/totalblue.ro\/de\/wp-json\/wp\/v2\/media\/180121"}],"wp:attachment":[{"href":"https:\/\/totalblue.ro\/de\/wp-json\/wp\/v2\/media?parent=180115"}],"wp:term":[{"taxonomy":"product_brand","embeddable":true,"href":"https:\/\/totalblue.ro\/de\/wp-json\/wp\/v2\/product_brand?post=180115"},{"taxonomy":"product_cat","embeddable":true,"href":"https:\/\/totalblue.ro\/de\/wp-json\/wp\/v2\/product_cat?post=180115"},{"taxonomy":"giftcard-category","embeddable":true,"href":"https:\/\/totalblue.ro\/de\/wp-json\/wp\/v2\/giftcard-category?post=180115"}],"curies":[{"name":"wp","href":"https:\/\/api.w.org\/{rel}","templated":true}]}}