{"id":186541,"date":"2024-11-18T16:50:44","date_gmt":"2024-11-18T14:50:44","guid":{"rendered":"https:\/\/totalblue.ro\/?post_type=product&#038;p=186541"},"modified":"2026-03-31T10:56:41","modified_gmt":"2026-03-31T07:56:41","slug":"heinz-tomato-frito-creations-sos-de-rosii-cu-usturoi-copt-si-ierburi-mediteraneene-340-g","status":"publish","type":"product","link":"https:\/\/totalblue.ro\/de\/produs\/heinz-tomato-frito-creations-sos-de-rosii-cu-usturoi-copt-si-ierburi-mediteraneene-340-g\/","title":{"rendered":"Heinz Tomato Frito Creations sos de rosii cu usturoi copt si ierburi mediteraneene 340 g"},"content":{"rendered":"<p>Heinz Tomato Frito Creations besteht aus drei Varianten mit k\u00f6stlichen Zutaten wie ger\u00f6steten Paprika, karamellisierten Zwiebeln oder mediterranen Kr\u00e4utern, die Ihren Gerichten zus\u00e4tzlichen Geschmack verleihen. Unsere Zutaten werden mehr als zwei Stunden in Oliven\u00f6l angebraten, bevor sie mit sonnengereiften 100%-Tomaten versetzt werden. Tomato Frito Creations verleiht all Ihren Gerichten wie Pasta, Pizza, Gem\u00fcse und vielem mehr einen volleren Geschmack. Ihr Gericht ist in 20 Minuten fertig und schmeckt, als h\u00e4tten Sie Stunden in der K\u00fcche verbracht. Tomato Frito Creations macht Ihre Mahlzeiten noch leckerer und einfacher!<\/p>\n<p>Zutaten: Tomaten (Tomaten (193 g pro 100 g gebratene Tomaten), H\u00e4rtemittel: Calciumchlorid) Natives Oliven\u00f6l extra 4,25% (mit Extrakten aus gebratenen Zwiebeln und Knoblauch), Zucker, Salz, gebratener Knoblauchextrakt, mediterrane Kr\u00e4uter (Petersilie, Oregano, Thymian, Rosmarin), Zitronensaftkonzentrat.<br \/>\nAllergene:<br \/>\nEnth\u00e4lt nicht: Gluten<br \/>\nKann enthalten: Senf, Fisch, N\u00fcsse, Sesamsamen, Sellerie, Lupine, Weichtiere, Eier, Schalentiere, Milch, Soja, Erdn\u00fcsse, Schwefeldioxid oder Sulfite.<br \/>\nN\u00e4hrwertangaben pro 100 g:<br \/>\nDiese Werte gelten f\u00fcr das unzubereitete Produkt.<br \/>\nEnergie 333 kJ (80 kcal)<br \/>\nFett 4,2 g, davon ges\u00e4ttigtes Fett 0,5 g<br \/>\nKohlenhydrate 8,9 g, davon Zucker 6,8 g<br \/>\nBallaststoffe 1,8 g<br \/>\nEiwei\u00df 1,5 g<br \/>\nSalz 0,72 g<br \/>\nHersteller: Heinz Consumentenservice, Gustav Mahlerlaan 1228, 1081 LA Amsterdam<br \/>\nEinf\u00fchrer: Total Blue Impex SRL, Rum\u00e4nien, Bukarest.<\/p>","protected":false},"excerpt":{"rendered":"<p>Heinz Tomato Frito Creations consta din trei variante cu ingrediente delicioase, precum ardei prajiti, ceapa caramelizata sau ierburi mediteraneene care ofera un plus de savoare preparatelor tale. Ingredientele noastre sunt fierte in ulei de masline mai mult de doua ore inainte de a adauga rosii 100% coapte la soare. Tomato Frito Creations adauga o aroma [&#8230;]\n","protected":false},"featured_media":186547,"comment_status":"open","ping_status":"closed","template":"","meta":{"_acf_changed":false,"_seopress_robots_primary_cat":"none","_seopress_titles_title":"","_seopress_titles_desc":"Cauti Maggi - Fidelicios Fidea instant cu gust de pui 60g Livrare rapida, pret avantajos. Livrare gratuita! Supa de pui instant Maggi Fidelicios","_seopress_robots_index":""},"product_brand":[1851],"product_cat":[1555,1451,3280,1767],"giftcard-category":[],"class_list":{"0":"post-186541","1":"product","2":"type-product","3":"status-publish","4":"has-post-thumbnail","6":"product_brand-heinz","7":"product_cat-bacanie","8":"product_cat-condimente-produse-instant","9":"product_cat-condimente-sosuri","10":"product_cat-produse-olanda","12":"first","13":"instock","14":"taxable","15":"shipping-taxable","16":"purchasable","17":"product-type-simple"},"acf":[],"_links":{"self":[{"href":"https:\/\/totalblue.ro\/de\/wp-json\/wp\/v2\/product\/186541","targetHints":{"allow":["GET"]}}],"collection":[{"href":"https:\/\/totalblue.ro\/de\/wp-json\/wp\/v2\/product"}],"about":[{"href":"https:\/\/totalblue.ro\/de\/wp-json\/wp\/v2\/types\/product"}],"replies":[{"embeddable":true,"href":"https:\/\/totalblue.ro\/de\/wp-json\/wp\/v2\/comments?post=186541"}],"wp:featuredmedia":[{"embeddable":true,"href":"https:\/\/totalblue.ro\/de\/wp-json\/wp\/v2\/media\/186547"}],"wp:attachment":[{"href":"https:\/\/totalblue.ro\/de\/wp-json\/wp\/v2\/media?parent=186541"}],"wp:term":[{"taxonomy":"product_brand","embeddable":true,"href":"https:\/\/totalblue.ro\/de\/wp-json\/wp\/v2\/product_brand?post=186541"},{"taxonomy":"product_cat","embeddable":true,"href":"https:\/\/totalblue.ro\/de\/wp-json\/wp\/v2\/product_cat?post=186541"},{"taxonomy":"giftcard-category","embeddable":true,"href":"https:\/\/totalblue.ro\/de\/wp-json\/wp\/v2\/giftcard-category?post=186541"}],"curies":[{"name":"wp","href":"https:\/\/api.w.org\/{rel}","templated":true}]}}