{"id":186889,"date":"2024-11-20T09:23:10","date_gmt":"2024-11-20T07:23:10","guid":{"rendered":"https:\/\/totalblue.ro\/?post_type=product&#038;p=186889"},"modified":"2025-11-03T20:31:34","modified_gmt":"2025-11-03T18:31:34","slug":"heinz-gebratene-tomaten-mit-basilikum-350-g","status":"publish","type":"product","link":"https:\/\/totalblue.ro\/de\/produs\/heinz-tomato-frito-cu-busuioc-350-g\/","title":{"rendered":"Heinz Tomate Frito mit Basilikum 350 g"},"content":{"rendered":"<p>Tomatensauce mit Basilikum, R\u00f6stzwiebeln und Knoblauch.<br \/>\nAusschlie\u00dflich aus im Freiland angebauten Tomaten hergestellt<br \/>\nOhne Zusatz von Aromen oder Konservierungsstoffen und glutenfrei<br \/>\nK\u00f6stlich zu Wraps, Tacos, Chili oder Nudelgerichten!<br \/>\nSonnengereifte Tomaten von h\u00f6chster Qualit\u00e4t<br \/>\nZutaten: Tomaten (154 g pro 100 g Frito aus Tomaten), pflanzliche \u00d6le 3,4% (Sonnenblumen, Soja in verschiedenen Anteilen mit Extrakten aus ger\u00f6steten Zwiebeln und Knoblauch), Zucker, Basilikum 2%, modifizierte St\u00e4rke, Salz, S\u00e4ureregulator: Zitronens\u00e4ure, nat\u00fcrliches Basilikumaroma mit anderen nat\u00fcrlichen Aromen.<br \/>\nN\u00e4hrwertangaben<br \/>\nDiese Werte gelten f\u00fcr das unzubereitete Produkt.<br \/>\nTipp pro 100 Gramm<br \/>\nEnergie 311 kJ (75 kcal)<br \/>\nFett 3,5 g, davon ges\u00e4ttigt 0,4 g<br \/>\nKohlenhydrate 9,4 g, davon Zucker 6,2 g<br \/>\nEiwei\u00df 1,2 g<br \/>\nSalz 0,91 g<br \/>\nLagerung: nach dem \u00d6ffnen 5 Tage im K\u00fchlschrank aufbewahren.<br \/>\nVor dem Verzehr: siehe Verpackung.<br \/>\nHersteller: Heinz Consumentenservice, Gustav Mahlerlaan 1228, 1081 LA Amsterdam<br \/>\nEinf\u00fchrer: Total Blue Impex SRL, Rum\u00e4nien, Bukarest.<\/p>","protected":false},"excerpt":{"rendered":"<p>Sos de rosii cu busuioc, ceapa prajita si usturoi. Produs exclusiv din rosii cultivate in aer liber Fara arome sau conservanti adaugati si fara gluten Delicios cu wrapuri, tacos, preparate cu chili sau paste! Rosii coapte la soare de cea mai buna calitate Ingrediente: rosii (154g la 100g Frito de rosii), uleiuri vegetale 3,4% (floarea [&#8230;]\n","protected":false},"featured_media":186893,"comment_status":"open","ping_status":"closed","template":"","meta":{"_acf_changed":false,"_seopress_robots_primary_cat":"none","_seopress_titles_title":"Heinz Tomato Frito olive 350 g, Heinz Frito ulei de masline","_seopress_titles_desc":"Cauti Heinz Frito? Cauti pasta de rosii? Cumpara acum Heinz Tomato Frito Olives, pasta de rosii cu ulei de masline, pasta tomate cu ulei de masline.","_seopress_robots_index":""},"product_brand":[1851],"product_cat":[1555,1683],"giftcard-category":[],"class_list":{"0":"post-186889","1":"product","2":"type-product","3":"status-publish","4":"has-post-thumbnail","6":"product_brand-heinz","7":"product_cat-bacanie","8":"product_cat-conserve-mancare-gatita","10":"first","11":"outofstock","12":"taxable","13":"shipping-taxable","14":"purchasable","15":"product-type-simple"},"acf":[],"_links":{"self":[{"href":"https:\/\/totalblue.ro\/de\/wp-json\/wp\/v2\/product\/186889","targetHints":{"allow":["GET"]}}],"collection":[{"href":"https:\/\/totalblue.ro\/de\/wp-json\/wp\/v2\/product"}],"about":[{"href":"https:\/\/totalblue.ro\/de\/wp-json\/wp\/v2\/types\/product"}],"replies":[{"embeddable":true,"href":"https:\/\/totalblue.ro\/de\/wp-json\/wp\/v2\/comments?post=186889"}],"wp:featuredmedia":[{"embeddable":true,"href":"https:\/\/totalblue.ro\/de\/wp-json\/wp\/v2\/media\/186893"}],"wp:attachment":[{"href":"https:\/\/totalblue.ro\/de\/wp-json\/wp\/v2\/media?parent=186889"}],"wp:term":[{"taxonomy":"product_brand","embeddable":true,"href":"https:\/\/totalblue.ro\/de\/wp-json\/wp\/v2\/product_brand?post=186889"},{"taxonomy":"product_cat","embeddable":true,"href":"https:\/\/totalblue.ro\/de\/wp-json\/wp\/v2\/product_cat?post=186889"},{"taxonomy":"giftcard-category","embeddable":true,"href":"https:\/\/totalblue.ro\/de\/wp-json\/wp\/v2\/giftcard-category?post=186889"}],"curies":[{"name":"wp","href":"https:\/\/api.w.org\/{rel}","templated":true}]}}