{"id":194932,"date":"2024-12-11T16:23:05","date_gmt":"2024-12-11T14:23:05","guid":{"rendered":"https:\/\/totalblue.ro\/?post_type=product&#038;p=194932"},"modified":"2024-12-28T00:47:30","modified_gmt":"2024-12-27T22:47:30","slug":"erfrischungsgetrank-paulaner-spezi-mit-orangen-und-colageschmack-330ml","status":"publish","type":"product","link":"https:\/\/totalblue.ro\/de\/produs\/paulaner-spezi-bautura-racoritoare-cu-aroma-de-portocala-si-cola-330ml\/","title":{"rendered":"Paulaner Spezi Erfrischungsgetr\u00e4nk mit Orange und Cola-Geschmack 330ml"},"content":{"rendered":"<p>Zutaten: Wasser, Zucker, Orangensaft aus Orangensaftkonzentrat (2,2%), Zitronensaft aus Zitronensaftkonzentrat (0,8%), Kohlens\u00e4ure, Orangenextrakt, Farbstoff E 150d, S\u00e4uerungsmittel Phosphors\u00e4ure und Zitronens\u00e4ure, S\u00e4ureregulator Natriumcitrat, nat\u00fcrliches Aroma, Koffeinaroma, Antioxidationsmittel Ascorbins\u00e4ure, Stabilisator Roscove Gum<\/p>\n<p>N\u00e4hrwertangaben \/ 100 g:<br \/>\nEnergie: 158 kJ\/37,3 kcal<br \/>\nFett: 0 g, davon ges\u00e4ttigte Fetts\u00e4uren: 0 g<br \/>\nKohlenhydrate 9,2 g oder davon Zucker 9,2 g<br \/>\nEiwei\u00df: 0 g<br \/>\nSalz: 0,04 g<\/p>","protected":false},"excerpt":{"rendered":"<p>Ingrediente: Apa, zahar, suc de portocale din suc concentrat de portocale (2,2%), suc de lamaie din suc concentrat de lamaie (0,8%), dioxid de carbon, extract de portocale, colorant E 150d, acidifianti acid fosforic si acid citric, regulator de aciditate citrat de sodiu, aroma naturala , aroma cafeina, acid ascorbic antioxidant, stabilizator guma de roscove Valori [&#8230;]\n","protected":false},"featured_media":194933,"comment_status":"open","ping_status":"closed","template":"","meta":{"_acf_changed":false,"_seopress_robots_primary_cat":"none","_seopress_titles_title":"","_seopress_titles_desc":"","_seopress_robots_index":""},"product_brand":[2034],"product_cat":[1354,1555,1767,3312],"giftcard-category":[],"class_list":{"0":"post-194932","1":"product","2":"type-product","3":"status-publish","4":"has-post-thumbnail","6":"product_brand-paulaner","7":"product_cat-apa-plata-apa-minerala-sucuri","8":"product_cat-bacanie","9":"product_cat-produse-olanda","10":"product_cat-bauturi-racoritoare-produse-olanda","12":"first","13":"outofstock","14":"taxable","15":"shipping-taxable","16":"purchasable","17":"product-type-simple"},"acf":[],"_links":{"self":[{"href":"https:\/\/totalblue.ro\/de\/wp-json\/wp\/v2\/product\/194932","targetHints":{"allow":["GET"]}}],"collection":[{"href":"https:\/\/totalblue.ro\/de\/wp-json\/wp\/v2\/product"}],"about":[{"href":"https:\/\/totalblue.ro\/de\/wp-json\/wp\/v2\/types\/product"}],"replies":[{"embeddable":true,"href":"https:\/\/totalblue.ro\/de\/wp-json\/wp\/v2\/comments?post=194932"}],"wp:featuredmedia":[{"embeddable":true,"href":"https:\/\/totalblue.ro\/de\/wp-json\/wp\/v2\/media\/194933"}],"wp:attachment":[{"href":"https:\/\/totalblue.ro\/de\/wp-json\/wp\/v2\/media?parent=194932"}],"wp:term":[{"taxonomy":"product_brand","embeddable":true,"href":"https:\/\/totalblue.ro\/de\/wp-json\/wp\/v2\/product_brand?post=194932"},{"taxonomy":"product_cat","embeddable":true,"href":"https:\/\/totalblue.ro\/de\/wp-json\/wp\/v2\/product_cat?post=194932"},{"taxonomy":"giftcard-category","embeddable":true,"href":"https:\/\/totalblue.ro\/de\/wp-json\/wp\/v2\/giftcard-category?post=194932"}],"curies":[{"name":"wp","href":"https:\/\/api.w.org\/{rel}","templated":true}]}}