{"id":196495,"date":"2025-01-20T16:21:02","date_gmt":"2025-01-20T14:21:02","guid":{"rendered":"https:\/\/totalblue.ro\/?post_type=product&#038;p=196495"},"modified":"2025-08-01T11:44:23","modified_gmt":"2025-08-01T08:44:23","slug":"indomie-noodles-instant-bratnudeln-mi-spicy-goreng-80g","status":"publish","type":"product","link":"https:\/\/totalblue.ro\/de\/produs\/indomie-noodles-taitei-prajiti-instant-mi-goreng-picant-80g\/","title":{"rendered":"Indomie Nudeln, Instant-Bratnudeln Mi goreng Spicy 80g"},"content":{"rendered":"<p>Vorbereitung:<br \/>\nGeben Sie den Inhalt des Beutels in einen Teller oder eine Sch\u00fcssel.<br \/>\n400 ml hei\u00dfes Wasser \u00fcber die Nudeln gie\u00dfen und 3 Minuten zugedeckt kochen lassen.<br \/>\nDas \u00fcbersch\u00fcssige Wasser abgie\u00dfen und die Nudeln mit den in der Packung enthaltenen Gew\u00fcrzen mischen.<br \/>\nViel Spa\u00df!<\/p>\n<p>Zutaten Nudeln (66%): Weizenmehl, raffiniertes Palm\u00f6l (enth\u00e4lt Antioxidantien: E319), Salz, S\u00e4ureregulatoren: E451, E501, E500; Verdickungsmittel: E412; Farbstoff: E101.<br \/>\nGew\u00fcrzmischung: Salz, Zucker, Geschmacksverst\u00e4rker: E621, E627, E631; Zwiebelpulver, Knoblauchpulver, Hefeextrakt, Aroma 7,5%.<br \/>\nGew\u00fcrz\u00f6l: raffiniertes Palm\u00f6l (enth\u00e4lt Antioxidantien: E319; Chili, Knoblauch, Zwiebel, Paprika).<br \/>\nS\u00fc\u00dfe Sojasauce: Zucker, Wasser, Salz, Weizen, Sojabohnen, Gew\u00fcrze, Sesam\u00f6l.<br \/>\nGebratene Zwiebel: Zwiebel, raffiniertes Palm\u00f6l (enth\u00e4lt Antioxidantien: E319).<\/p>\n<p>N\u00e4hrwertangaben<br \/>\nDiese Werte gelten f\u00fcr das unzubereitete Produkt.<br \/>\nTipp pro 100 Gramm<br \/>\nEnergie 1993 kJ (480 kcal)<br \/>\nFett 18,5 g, davon ges\u00e4ttigt 8,4 g<br \/>\nKohlenhydrate 65,3 g, davon Zucker 7 g<br \/>\nBallaststoffe 4,3 g<br \/>\nEiwei\u00df 9,8 g<br \/>\nSalz 2,5 g<\/p>","protected":false},"excerpt":{"rendered":"<p>Mod de preparare: Puneti continutul plicului intr-o farfurie sau bol. Turnati peste noodles 400 ml de apa fierbinte si acoperiti cu un capac timp de 3 minute. Scurgeti surplusul de apa si amestecati pastele cu condimentele incluse in pachet. Pofta buna! Ingrediente taitei (66%): faina de grau, ulei de palmier rafinat (contine antioxidanti: E319), sare, [&#8230;]\n","protected":false},"featured_media":196501,"comment_status":"open","ping_status":"closed","template":"","meta":{"_acf_changed":false,"_seopress_robots_primary_cat":"none","_seopress_titles_title":"","_seopress_titles_desc":"","_seopress_robots_index":""},"product_brand":[27329],"product_cat":[1555,1683,17494,21594,1463,3328,1767],"giftcard-category":[],"class_list":{"0":"post-196495","1":"product","2":"type-product","3":"status-publish","4":"has-post-thumbnail","6":"product_brand-indomie","7":"product_cat-bacanie","8":"product_cat-conserve-mancare-gatita","9":"product_cat-influente-asiatice","10":"product_cat-noodles-supe-instant","11":"product_cat-orez","12":"product_cat-paste-orez-ulei-otet","13":"product_cat-produse-olanda","15":"first","16":"outofstock","17":"taxable","18":"shipping-taxable","19":"purchasable","20":"product-type-simple"},"acf":[],"_links":{"self":[{"href":"https:\/\/totalblue.ro\/de\/wp-json\/wp\/v2\/product\/196495","targetHints":{"allow":["GET"]}}],"collection":[{"href":"https:\/\/totalblue.ro\/de\/wp-json\/wp\/v2\/product"}],"about":[{"href":"https:\/\/totalblue.ro\/de\/wp-json\/wp\/v2\/types\/product"}],"replies":[{"embeddable":true,"href":"https:\/\/totalblue.ro\/de\/wp-json\/wp\/v2\/comments?post=196495"}],"wp:featuredmedia":[{"embeddable":true,"href":"https:\/\/totalblue.ro\/de\/wp-json\/wp\/v2\/media\/196501"}],"wp:attachment":[{"href":"https:\/\/totalblue.ro\/de\/wp-json\/wp\/v2\/media?parent=196495"}],"wp:term":[{"taxonomy":"product_brand","embeddable":true,"href":"https:\/\/totalblue.ro\/de\/wp-json\/wp\/v2\/product_brand?post=196495"},{"taxonomy":"product_cat","embeddable":true,"href":"https:\/\/totalblue.ro\/de\/wp-json\/wp\/v2\/product_cat?post=196495"},{"taxonomy":"giftcard-category","embeddable":true,"href":"https:\/\/totalblue.ro\/de\/wp-json\/wp\/v2\/giftcard-category?post=196495"}],"curies":[{"name":"wp","href":"https:\/\/api.w.org\/{rel}","templated":true}]}}